{"id":19633,"date":"2020-12-08T12:38:27","date_gmt":"2020-12-08T18:38:27","guid":{"rendered":"https:\/\/defabrica.com.mx\/defabrica\/?post_type=product&#038;p=19633"},"modified":"2023-01-13T15:00:01","modified_gmt":"2023-01-13T21:00:01","slug":"sony-playstation-5-mando-inalambrico-dualsense-2","status":"publish","type":"product","link":"https:\/\/defabrica.com.mx\/defabrica\/producto\/sony-playstation-5-mando-inalambrico-dualsense-2\/","title":{"rendered":"Sony &#8211; PlayStation 5 &#8211; Mando inal\u00e1mbrico DualSense"},"content":{"rendered":"<div>\n<div>Descubre una experiencia de juego m\u00e1s profunda y envolvente\u00b9 que da vida a la acci\u00f3n en las palmas de tus manos.\u00a0El controlador inal\u00e1mbrico DualSense ofrece retroalimentaci\u00f3n h\u00e1ptica envolvente\u00b2, disparadores adaptativos din\u00e1micos\u00b2 y un micr\u00f3fono incorporado, todo integrado en un dise\u00f1o ic\u00f3nico y c\u00f3modo.<\/div>\n<\/div>\n<div>\n<h3><\/h3>\n<h3><\/h3>\n<h3 class=\"heading-5 v-fw-regular feature-heading\"><strong>Caracter\u00edsticas<\/strong><\/h3>\n<ul>\n<li><strong>Retroalimentaci\u00f3n h\u00e1ptica\u00b2<\/strong><br \/>\nSienta retroalimentaci\u00f3n f\u00edsicamente sensible a sus acciones en el juego con actuadores duales, que reemplazan los motores de ruido tradicionales. En tus manos, estas vibraciones din\u00e1micas pueden simular la sensaci\u00f3n de todo, desde entornos hasta el retroceso de diferentes armas.<\/li>\n<li><strong>Activadores adaptativos\u00b2<\/strong><br \/>\nExperimente diferentes niveles de fuerza y \u200b\u200btensi\u00f3n mientras interact\u00faa con su equipo y entornos del juego. Desde tirar hacia atr\u00e1s de una cuerda de arco cada vez m\u00e1s apretada hasta pisar los frenos en un autom\u00f3vil a toda velocidad, si\u00e9ntete conectado f\u00edsicamente con tus acciones en pantalla.<\/li>\n<li><strong>Conector para auriculares y micr\u00f3fono incorporado<\/strong><br \/>\nChatea con tus amigos en l\u00ednea\u00b3 usando el micr\u00f3fono incorporado o conectando un auricular al conector de 3,5 mm. Active y desactive f\u00e1cilmente la captura de voz en cualquier momento con el bot\u00f3n de silencio dedicado.<\/li>\n<li><strong>Bot\u00f3n Crear<\/strong><br \/>\nCapture y transmita\u00b3 sus momentos de juego m\u00e1s \u00e9picos con el bot\u00f3n Crear. Sobre la base del \u00e9xito del bot\u00f3n Compartir pionero, Create ofrece a los jugadores m\u00e1s formas de producir contenido de juegos y transmitir sus aventuras en vivo al mundo.<\/li>\n<li><strong>Comodidad exclusiva<\/strong><br \/>\nToma el control con un dise\u00f1o evolucionado de dos tonos que combina un dise\u00f1o ic\u00f3nico e intuitivo con palos mejorados y una barra de luces renovada.<\/li>\n<li><strong>Funciones familiares<\/strong><br \/>\nEl controlador inal\u00e1mbrico DualSense conserva muchas caracter\u00edsticas de DUALSHOCK 4, regresando para una nueva generaci\u00f3n de juegos.<\/li>\n<li><strong>Bater\u00eda integrada<\/strong><br \/>\nCarga y juega, ahora a trav\u00e9s de USB Type-C\u2074.<\/li>\n<li><strong>Altavoz integrado<\/strong><br \/>\nLos juegos seleccionados adquieren una dimensi\u00f3n adicional con efectos de sonido de alta fidelidad\u00b9 que brotan del controlador.<\/li>\n<li><strong>Sensor de movimiento<\/strong><br \/>\nLleve el control de movimiento intuitivo a los juegos compatibles con el aceler\u00f3metro y el giroscopio integrados.<\/li>\n<li>\u00b9 Comparado con el controlador inal\u00e1mbrico DUALSHOCK 4.<\/li>\n<li>\u00b2 Disponible cuando la funci\u00f3n es compatible con el juego.<\/li>\n<li>\u00b3 Se requiere Internet y una cuenta para PlayStation \u2122 Network.<\/li>\n<li>\u2074 Cable no incluido. Para conectar o cargar el controlador, use el cable USB suministrado con la consola PS5.<\/li>\n<\/ul>\n<p>&nbsp;<\/p>\n<\/div>\n<h3>Qu\u00e9 est\u00e1 incluido<\/h3>\n<ul>\n<li>Sony PlayStation 5 &#8211; Mando inal\u00e1mbrico DualSense<\/li>\n<li>El manual del propietario<\/li>\n<\/ul>\n<div class=\"list-container list-lv\"><\/div>\n","protected":false},"excerpt":{"rendered":"<p>Descubre una experiencia de juego m\u00e1s profunda y envolvente\u00b9 que da vida a la acci\u00f3n en las palmas de tus manos.\u00a0El controlador inal\u00e1mbrico DualSense ofrece retroalimentaci\u00f3n h\u00e1ptica envolvente\u00b2, disparadores adaptativos<\/p>\n","protected":false},"featured_media":19657,"comment_status":"open","ping_status":"closed","template":"","meta":{"_acf_changed":false,"_joinchat":[]},"product_brand":[],"product_cat":[277,282,440,437,441],"product_tag":[],"class_list":{"0":"post-19633","1":"product","2":"type-product","3":"status-publish","4":"has-post-thumbnail","6":"product_cat-zona-gamer","7":"product_cat-accesorios-gamers","8":"product_cat-accesorios-playstation","9":"product_cat-controles-gamer","10":"product_cat-todos-los-accesorios-gamer","12":"first","13":"instock","14":"sale","15":"shipping-taxable","16":"purchasable","17":"product-type-simple"},"acf":[],"_links":{"self":[{"href":"https:\/\/defabrica.com.mx\/defabrica\/wp-json\/wp\/v2\/product\/19633","targetHints":{"allow":["GET"]}}],"collection":[{"href":"https:\/\/defabrica.com.mx\/defabrica\/wp-json\/wp\/v2\/product"}],"about":[{"href":"https:\/\/defabrica.com.mx\/defabrica\/wp-json\/wp\/v2\/types\/product"}],"replies":[{"embeddable":true,"href":"https:\/\/defabrica.com.mx\/defabrica\/wp-json\/wp\/v2\/comments?post=19633"}],"wp:featuredmedia":[{"embeddable":true,"href":"https:\/\/defabrica.com.mx\/defabrica\/wp-json\/wp\/v2\/media\/19657"}],"wp:attachment":[{"href":"https:\/\/defabrica.com.mx\/defabrica\/wp-json\/wp\/v2\/media?parent=19633"}],"wp:term":[{"taxonomy":"product_brand","embeddable":true,"href":"https:\/\/defabrica.com.mx\/defabrica\/wp-json\/wp\/v2\/product_brand?post=19633"},{"taxonomy":"product_cat","embeddable":true,"href":"https:\/\/defabrica.com.mx\/defabrica\/wp-json\/wp\/v2\/product_cat?post=19633"},{"taxonomy":"product_tag","embeddable":true,"href":"https:\/\/defabrica.com.mx\/defabrica\/wp-json\/wp\/v2\/product_tag?post=19633"}],"curies":[{"name":"wp","href":"https:\/\/api.w.org\/{rel}","templated":true}]}}