{"id":19593,"date":"2020-12-05T13:54:12","date_gmt":"2020-12-05T19:54:12","guid":{"rendered":"https:\/\/defabrica.com.mx\/defabrica\/?post_type=product&#038;p=19593"},"modified":"2023-01-13T15:00:35","modified_gmt":"2023-01-13T21:00:35","slug":"laptop-macbook-air-de-13-3","status":"publish","type":"product","link":"https:\/\/defabrica.com.mx\/defabrica\/producto\/laptop-macbook-air-de-13-3\/","title":{"rendered":"MacBook Air &#8211; Nuevo Chip M1 &#8211; 13 Pulgadas &#8211; 8 GB RAM &#8211; 256 GB SSD) &#8211; (Ultimo Modelo)"},"content":{"rendered":"<div class=\"embedded-component-container lv\">\n<div id=\"shop-product-description-5026a8e6-ffe4-42cf-8656-2f012f6fb878\" class=\"None\" data-version=\"1.3.0\">\n<div class=\"shop-product-description\">\n<section class=\"align-heading-left\" data-reactroot=\"\">\n<div class=\"long-description-container body-copy \">\n<div class=\"html-fragment\">\n<div>\n<div>\n<div>\n<div>\n<div>La computadora port\u00e1til m\u00e1s delgada y liviana de Apple se sobrealimenta con el chip Apple M1.\u00a0Aborde sus proyectos con la CPU de 8 n\u00facleos ultrarr\u00e1pida.\u00a0Lleve las aplicaciones y juegos con uso intensivo de gr\u00e1ficos al siguiente nivel con la GPU de 7 n\u00facleos.\u00a0Y acelere las tareas de aprendizaje autom\u00e1tico con el motor neuronal de 16 n\u00facleos.\u00a0Todo con un dise\u00f1o silencioso, sin ventilador y la bater\u00eda con la mayor duraci\u00f3n de la historia: hasta 18 horas.\u00b9 MacBook Air.\u00a0Sigue siendo perfectamente port\u00e1til.\u00a0Simplemente mucho m\u00e1s poderoso.<\/div>\n<\/div>\n<div><\/div>\n<\/div>\n<div><\/div>\n<\/div>\n<div><\/div>\n<\/div>\n<\/div>\n<\/div>\n<\/section>\n<\/div>\n<\/div>\n<\/div>\n<div><\/div>\n<div>\n<div>\n<div class=\"embedded-component-container lv\">\n<div id=\"pricing-gift-with-purchase-d0a90607-51a5-4d94-9e66-1d4f0fdb8d10\" class=\"None\" data-version=\"1.2036.8\">\n<div class=\"pricing-gift-with-purchase\">\n<div data-reactroot=\"\">\n<div class=\"pricing-price\">\n<div class=\"pricing-price lv\">\n<div class=\"gifts-with-purchase-content\">\n<h3><\/h3>\n<h3 class=\"heading-5 v-fw-regular feature-heading\"><strong>Caracter\u00edsticas<\/strong><\/h3>\n<div class=\"feature-body-container\">\n<div class=\"features-list-container\">\n<div class=\"features-list all-features\">\n<div class=\"list-row\">\n<div class=\"list-row\">\n<ul>\n<li>Chip M1 dise\u00f1ado por Apple para un salto gigante en rendimiento de CPU, GPU y aprendizaje autom\u00e1tico<\/li>\n<li>Vaya m\u00e1s tiempo que nunca con hasta 18 horas de duraci\u00f3n de la bater\u00eda\u00b9<\/li>\n<li>La CPU de 8 n\u00facleos ofrece un rendimiento hasta 3,5 veces m\u00e1s r\u00e1pido para abordar proyectos m\u00e1s r\u00e1pido que nunca\u00b2<\/li>\n<li>Siete n\u00facleos de GPU con gr\u00e1ficos hasta 5 veces m\u00e1s r\u00e1pidos para aplicaciones y juegos con uso intensivo de gr\u00e1ficos\u00b2<\/li>\n<li>Neural Engine de 16 n\u00facleos para aprendizaje autom\u00e1tico avanzado<\/li>\n<li>8 GB de memoria unificada para que todo lo que hagas sea r\u00e1pido y fluido<\/li>\n<li>El almacenamiento SSD ultrarr\u00e1pido lanza aplicaciones y abre archivos en un instante<\/li>\n<li>Dise\u00f1o sin ventilador para un funcionamiento silencioso<\/li>\n<li>Pantalla Retina de 13,3 pulgadas con color ancho P3 para im\u00e1genes vibrantes y detalles incre\u00edbles\u00b3<\/li>\n<li>C\u00e1mara FaceTime HD con procesador de se\u00f1al de imagen avanzado para videollamadas m\u00e1s claras y n\u00edtidas<\/li>\n<li>La matriz de tres micr\u00f3fonos se enfoca en su voz en lugar de lo que sucede a su alrededor<\/li>\n<li>Wi-Fi 6 de pr\u00f3xima generaci\u00f3n para una conectividad m\u00e1s r\u00e1pida<\/li>\n<li>Dos puertos Thunderbolt \/ USB 4 para carga y accesorios<\/li>\n<li>Teclado m\u00e1gico retroiluminado y Touch ID para desbloqueo y pagos seguros<\/li>\n<li>macOS Big Sur presenta un nuevo dise\u00f1o audaz e importantes actualizaciones de aplicaciones para Safari, Mensajes y Mapas<\/li>\n<li>\u00b9 La duraci\u00f3n de la bater\u00eda var\u00eda seg\u00fan el uso y la configuraci\u00f3n. Consulta apple.com\/batteries para obtener m\u00e1s informaci\u00f3n.<\/li>\n<li>\u00b2 Comparado con la generaci\u00f3n anterior.<\/li>\n<li>\u00b3 El tama\u00f1o de la pantalla se mide en diagonal.<\/li>\n<\/ul>\n<\/div>\n<div class=\"list-row\"><\/div>\n<div class=\"header-container header-lv\">\n<h3><\/h3>\n<h3 class=\"heading-5 v-fw-regular\">Qu\u00e9 est\u00e1 incluido<\/h3>\n<\/div>\n<div class=\"list-container list-lv\">\n<ul class=\" bold\">\n<li class=\"bold v-fw-medium body-copy\">Laptop Apple MacBook Air de 13.3 \u00ab- Apple M1 &#8211; Memoria de 8GB &#8211; SSD de 256GB<\/li>\n<li class=\"bold v-fw-medium body-copy\">Adaptador de corriente USB-C de 30 W<\/li>\n<li class=\"bold v-fw-medium body-copy\">Cable de carga USB-C (2 m)<\/li>\n<\/ul>\n<\/div>\n<\/div>\n<\/div>\n<\/div>\n<\/div>\n<\/div>\n<\/div>\n<\/div>\n<\/div>\n<\/div>\n<\/div>\n<\/div>\n<\/div>\n<\/div>\n","protected":false},"excerpt":{"rendered":"<p>La computadora port\u00e1til m\u00e1s delgada y liviana de Apple se sobrealimenta con el chip Apple M1.\u00a0Aborde sus proyectos con la CPU de 8 n\u00facleos ultrarr\u00e1pida.\u00a0Lleve las aplicaciones y juegos con<\/p>\n","protected":false},"featured_media":65914,"comment_status":"open","ping_status":"closed","template":"","meta":{"_acf_changed":false,"_joinchat":[]},"product_brand":[],"product_cat":[240,241,243],"product_tag":[],"class_list":{"0":"post-19593","1":"product","2":"type-product","3":"status-publish","4":"has-post-thumbnail","6":"product_cat-computadoras","7":"product_cat-laptops","8":"product_cat-mac","10":"first","11":"instock","12":"sale","13":"shipping-taxable","14":"purchasable","15":"product-type-simple"},"acf":[],"_links":{"self":[{"href":"https:\/\/defabrica.com.mx\/defabrica\/wp-json\/wp\/v2\/product\/19593","targetHints":{"allow":["GET"]}}],"collection":[{"href":"https:\/\/defabrica.com.mx\/defabrica\/wp-json\/wp\/v2\/product"}],"about":[{"href":"https:\/\/defabrica.com.mx\/defabrica\/wp-json\/wp\/v2\/types\/product"}],"replies":[{"embeddable":true,"href":"https:\/\/defabrica.com.mx\/defabrica\/wp-json\/wp\/v2\/comments?post=19593"}],"wp:featuredmedia":[{"embeddable":true,"href":"https:\/\/defabrica.com.mx\/defabrica\/wp-json\/wp\/v2\/media\/65914"}],"wp:attachment":[{"href":"https:\/\/defabrica.com.mx\/defabrica\/wp-json\/wp\/v2\/media?parent=19593"}],"wp:term":[{"taxonomy":"product_brand","embeddable":true,"href":"https:\/\/defabrica.com.mx\/defabrica\/wp-json\/wp\/v2\/product_brand?post=19593"},{"taxonomy":"product_cat","embeddable":true,"href":"https:\/\/defabrica.com.mx\/defabrica\/wp-json\/wp\/v2\/product_cat?post=19593"},{"taxonomy":"product_tag","embeddable":true,"href":"https:\/\/defabrica.com.mx\/defabrica\/wp-json\/wp\/v2\/product_tag?post=19593"}],"curies":[{"name":"wp","href":"https:\/\/api.w.org\/{rel}","templated":true}]}}