{"id":19132,"date":"2020-11-29T14:24:07","date_gmt":"2020-11-29T20:24:07","guid":{"rendered":"https:\/\/defabrica.com.mx\/defabrica\/?post_type=product&#038;p=19132"},"modified":"2022-07-05T14:02:32","modified_gmt":"2022-07-05T19:02:32","slug":"casa-de-munecas-barbie-dreamhouse-con-piscina-tobogan-y-ascensor","status":"publish","type":"product","link":"https:\/\/defabrica.com.mx\/defabrica\/producto\/casa-de-munecas-barbie-dreamhouse-con-piscina-tobogan-y-ascensor\/","title":{"rendered":"Casa de mu\u00f1ecas Barbie Dreamhouse con piscina, tobog\u00e1n y ascensor"},"content":{"rendered":"<p>Fiestas en la piscina, fiestas de pijamas con amigos, uni\u00f3n de hermanas, barbacoas en el patio trasero,\u00a0cumplea\u00f1os, vacaciones y todos los d\u00edas hay un sinf\u00edn de historias que contar y formas ilimitadas de explorar la vida en Barbie Dreamhouse porque con Barbie, todo es posible.\u00a0Incluye Barbie Dreamhouse y 70 accesorios que incluyen muebles, art\u00edculos para el hogar y un cachorro;\u00a0mu\u00f1ecas, modas y coche no incluidos.\u00a0Los colores y las decoraciones pueden variar.<\/p>\n<p><strong>Casa de mu\u00f1ecas Barbie Dreamhouse con piscina, tobog\u00e1n y ascensor:<\/strong><\/p>\n<ul>\n<li><strong>Rango de edad:<\/strong> 3 a\u00f1os en adelante<\/li>\n<li>Con una impresionante altura de 3 pies y 4 pies de ancho y con 3 pisos, 8 habitaciones, juego en todos los \u00e1ngulos, un elevador que funciona y una piscina con tobog\u00e1n, Barbie Dreamhouse alienta la imaginaci\u00f3n de los j\u00f3venes a mudarse a esta casa de mu\u00f1ecas y crear la casa de sus sue\u00f1os.<\/li>\n<li><strong>Las caracter\u00edsticas<\/strong> de ensue\u00f1o incluyen el elevador en funcionamiento con espacio para 4 mu\u00f1ecas, una nueva oficina en casa, un estacionamiento techado y una piscina en el segundo piso con un tobog\u00e1n que comienza en el tercer piso. \u00a1Ll\u00e9nala de agua para un verdadero chapuz\u00f3n!<\/li>\n<li><strong>Las luces y los sonidos<\/strong> a\u00f1aden toques realistas y fomentan el juego de roles: coloque la sart\u00e9n en la estufa y presione para obtener un sonido chisporroteante; haz lo mismo con la tetera para silbar; abra la puerta del horno para ver c\u00f3mo se enciende; gire el temporizador del horno para hacer tictac; y presione un bot\u00f3n en el inodoro para escuchar un sonido de descarga.<\/li>\n<li><strong>La diversi\u00f3n dos en uno<\/strong> ampl\u00eda las posibilidades de juego: el sof\u00e1 se abre para crear literas y la mesa de caf\u00e9 se voltea revelando una cama para la mu\u00f1eca Chelsea (se vende por separado) para crear un dormitorio de invitados; la chimenea da la vuelta para transformar un acogedor estudio en una oficina en casa; el fregadero de la cocina tiene una doble funci\u00f3n, en un lado con parrilla y estantes y en el otro con el horno y un contenedor de reciclaje; \u00a1y la parte trasera del refrigerador es un puesto de comida al aire libre!<\/li>\n<li><strong>Accesorios adicionales<\/strong> -la casa de mu\u00f1ecas Barbie viene con 70 piezas en total- fomentan la expresi\u00f3n personal e inspiran una narraci\u00f3n interminable. Los mangos de algunos de los elementos permiten el juego de roles, mientras que el dise\u00f1o plug-and-play permite el juego activo.<\/li>\n<li><strong>Agrega variedad<\/strong> a la narraci\u00f3n y al tiempo de juego expandiendo el mundo de la mu\u00f1eca Barbie y el tuyo propio porque puedes ser cualquier cosa con Barbie (cada una se vende por separado, sujeto a disponibilidad).<\/li>\n<\/ul>\n","protected":false},"excerpt":{"rendered":"<p><span style=\"font-size: 1.15em; background-color: #ffe71b; color: #2b3477; font-weight: 600; padding: 0.3em 0.5em;\">ID de producto: 19132<\/span><\/p>\n","protected":false},"featured_media":19137,"comment_status":"open","ping_status":"closed","template":"","meta":{"_acf_changed":false,"_joinchat":[]},"product_brand":[],"product_cat":[886,1097,1191],"product_tag":[],"class_list":{"0":"post-19132","1":"product","2":"type-product","3":"status-publish","4":"has-post-thumbnail","6":"product_cat-juguetesycoleccionables","7":"product_cat-juguetes","8":"product_cat-munecas-y-accesorios","10":"first","11":"instock","12":"sale","13":"shipping-taxable","14":"purchasable","15":"product-type-simple"},"acf":[],"_links":{"self":[{"href":"https:\/\/defabrica.com.mx\/defabrica\/wp-json\/wp\/v2\/product\/19132","targetHints":{"allow":["GET"]}}],"collection":[{"href":"https:\/\/defabrica.com.mx\/defabrica\/wp-json\/wp\/v2\/product"}],"about":[{"href":"https:\/\/defabrica.com.mx\/defabrica\/wp-json\/wp\/v2\/types\/product"}],"replies":[{"embeddable":true,"href":"https:\/\/defabrica.com.mx\/defabrica\/wp-json\/wp\/v2\/comments?post=19132"}],"wp:featuredmedia":[{"embeddable":true,"href":"https:\/\/defabrica.com.mx\/defabrica\/wp-json\/wp\/v2\/media\/19137"}],"wp:attachment":[{"href":"https:\/\/defabrica.com.mx\/defabrica\/wp-json\/wp\/v2\/media?parent=19132"}],"wp:term":[{"taxonomy":"product_brand","embeddable":true,"href":"https:\/\/defabrica.com.mx\/defabrica\/wp-json\/wp\/v2\/product_brand?post=19132"},{"taxonomy":"product_cat","embeddable":true,"href":"https:\/\/defabrica.com.mx\/defabrica\/wp-json\/wp\/v2\/product_cat?post=19132"},{"taxonomy":"product_tag","embeddable":true,"href":"https:\/\/defabrica.com.mx\/defabrica\/wp-json\/wp\/v2\/product_tag?post=19132"}],"curies":[{"name":"wp","href":"https:\/\/api.w.org\/{rel}","templated":true}]}}