{"id":19114,"date":"2020-11-29T13:47:36","date_gmt":"2020-11-29T19:47:36","guid":{"rendered":"https:\/\/defabrica.com.mx\/defabrica\/?post_type=product&#038;p=19114"},"modified":"2022-12-01T15:21:03","modified_gmt":"2022-12-01T21:21:03","slug":"star-wars-peluche-el-nino-hablando","status":"publish","type":"product","link":"https:\/\/defabrica.com.mx\/defabrica\/producto\/star-wars-peluche-el-nino-hablando\/","title":{"rendered":"Star Wars &#8211; Baby Yoda"},"content":{"rendered":"<div>\n<div>Abrace a Baby Yoda con este peluche de Hasbro Star Wars: The Child Talking.\u00a0Los brazos articulados ofrecen un c\u00e1lido abrazo, mientras que el ic\u00f3nico disfraz tiene un estilo aut\u00e9ntico e incluye accesorios inspirados en los personajes.\u00a0Apriete este juguete Hasbro Star Wars: The Child Talking Plush de 7.5 pulgadas de alto para escuchar hasta 10 efectos de sonido para una experiencia de juego mejorada.<\/div>\n<\/div>\n<div>\n<h3 class=\"heading-5 v-fw-regular feature-heading\"><\/h3>\n<\/div>\n<h3><\/h3>\n<h3><\/h3>\n<h3 class=\"heading-5 v-fw-regular feature-heading\"><strong>Caracter\u00edsticas<\/strong><\/h3>\n<ul>\n<li><strong>7.5 \u00abLa figura de peluche del ni\u00f1o<\/strong><br \/>\nInspirada en la serie Disney + The Mandalorian, esta adorable figura de piel verde, orejas grandes y ojos grandes se parece a Baby Yoda, pero se la conoce como The Child.<\/li>\n<li><strong>Juguete suave y tierno<\/strong><br \/>\nEl cuerpo de felpa suave permite a los ni\u00f1os acurrucarse de cerca con este adorable personaje de la galaxia de Star Wars.<\/li>\n<li><strong>10 efectos de sonido<\/strong><br \/>\nLos ni\u00f1os pueden apretar su suave cuerpo para escuchar los adorables sonidos de beb\u00e9 del personaje que aparece en la pel\u00edcula.<\/li>\n<li><strong>Edades m\u00ednimas recomendadas<\/strong><br \/>\nAdecuado para ni\u00f1os a partir de 3 a\u00f1os.<\/li>\n<\/ul>\n<h3>Qu\u00e9 est\u00e1 incluido<\/h3>\n<div class=\"list-container list-lv\">\n<div id=\"shop-overview-accordion-ba094190-b2e4-4da8-b482-b0571f651cf7\" class=\"None\" data-version=\"1.3.0\">\n<div class=\"shop-overview-accordion\">\n<div class=\"overview-accordion-container show \" data-reactroot=\"\">\n<div class=\"c-accordion size-l\">\n<div id=\"overview-accordion-content\" class=\"c-show-hide \" aria-hidden=\"false\">\n<div class=\"c-accordion-content c-accordion-content-active c-accordion-content-complete\">\n<div class=\"overview-accordion-content-wrapper\">\n<div class=\"embedded-component-container lv\">\n<div>\n<div id=\"shop-whats-included-f5cf0e61-b0a7-4b6f-91ba-f54a3e94809d\" class=\"None\" data-version=\"2.1.2\">\n<div class=\"shop-whats-included\">\n<div class=\"whats-included accordion-container \" data-reactroot=\"\">\n<div class=\"list-container list-lv\">\n<ul class=\" bold\">\n<li class=\"bold v-fw-medium body-copy\">Bol de caldo de huesos<\/li>\n<li class=\"bold v-fw-medium body-copy\">Rana sorgan<\/li>\n<li class=\"bold v-fw-medium body-copy\">Peluche de Star Wars The Child Talking<\/li>\n<\/ul>\n<\/div>\n<\/div>\n<\/div>\n<\/div>\n<\/div>\n<\/div>\n<div class=\"embedded-component-container lv\">\n<div>\n<div id=\"shop-product-energy-ratings-5ec8bb25-76f1-4a66-80f6-2f662b99fc1a\" class=\"None\" data-version=\"1.3.3\">\n<div class=\"shop-product-energy-ratings\">\n<div data-reactroot=\"\"><\/div>\n<\/div>\n<\/div>\n<\/div>\n<\/div>\n<div class=\"embedded-component-container lv\">\n<div><\/div>\n<\/div>\n<\/div>\n<\/div>\n<\/div>\n<\/div>\n<\/div>\n<\/div>\n<\/div>\n<div id=\"shop-specifications-40e885be-e0da-43dc-9fba-a7dd799b8c30\" class=\"None\" data-version=\"2.3.6\">\n<div class=\"shop-specifications\">\n<section class=\"specs-container specs-wrapper all-specs-wrapper\" data-reactroot=\"\">\n<div class=\"specifications-accordion-wrapper \">\n<div class=\"c-accordion size-l\">\n<div role=\"heading\" aria-level=\"2\"><\/div>\n<\/div>\n<\/div>\n<\/section>\n<\/div>\n<\/div>\n<\/div>\n","protected":false},"excerpt":{"rendered":"<p>Abrace a Baby Yoda con este peluche de Hasbro Star Wars: The Child Talking.\u00a0Los brazos articulados ofrecen un c\u00e1lido abrazo, mientras que el ic\u00f3nico disfraz tiene un estilo aut\u00e9ntico e<\/p>\n","protected":false},"featured_media":19118,"comment_status":"open","ping_status":"closed","template":"","meta":{"_acf_changed":false,"_joinchat":[]},"product_brand":[],"product_cat":[886,1098,1097,1202],"product_tag":[],"class_list":{"0":"post-19114","1":"product","2":"type-product","3":"status-publish","4":"has-post-thumbnail","6":"product_cat-juguetesycoleccionables","7":"product_cat-coleccionables","8":"product_cat-juguetes","9":"product_cat-figuras-de-accion-y-coleccionables","11":"first","12":"instock","13":"sale","14":"shipping-taxable","15":"purchasable","16":"product-type-simple"},"acf":[],"_links":{"self":[{"href":"https:\/\/defabrica.com.mx\/defabrica\/wp-json\/wp\/v2\/product\/19114","targetHints":{"allow":["GET"]}}],"collection":[{"href":"https:\/\/defabrica.com.mx\/defabrica\/wp-json\/wp\/v2\/product"}],"about":[{"href":"https:\/\/defabrica.com.mx\/defabrica\/wp-json\/wp\/v2\/types\/product"}],"replies":[{"embeddable":true,"href":"https:\/\/defabrica.com.mx\/defabrica\/wp-json\/wp\/v2\/comments?post=19114"}],"wp:featuredmedia":[{"embeddable":true,"href":"https:\/\/defabrica.com.mx\/defabrica\/wp-json\/wp\/v2\/media\/19118"}],"wp:attachment":[{"href":"https:\/\/defabrica.com.mx\/defabrica\/wp-json\/wp\/v2\/media?parent=19114"}],"wp:term":[{"taxonomy":"product_brand","embeddable":true,"href":"https:\/\/defabrica.com.mx\/defabrica\/wp-json\/wp\/v2\/product_brand?post=19114"},{"taxonomy":"product_cat","embeddable":true,"href":"https:\/\/defabrica.com.mx\/defabrica\/wp-json\/wp\/v2\/product_cat?post=19114"},{"taxonomy":"product_tag","embeddable":true,"href":"https:\/\/defabrica.com.mx\/defabrica\/wp-json\/wp\/v2\/product_tag?post=19114"}],"curies":[{"name":"wp","href":"https:\/\/api.w.org\/{rel}","templated":true}]}}