{"id":19100,"date":"2020-11-29T13:30:18","date_gmt":"2020-11-29T19:30:18","guid":{"rendered":"https:\/\/defabrica.com.mx\/defabrica\/?post_type=product&#038;p=19100"},"modified":"2023-01-13T14:57:47","modified_gmt":"2023-01-13T20:57:47","slug":"lego-super-mario-adventures-with-mario-starter-course","status":"publish","type":"product","link":"https:\/\/defabrica.com.mx\/defabrica\/producto\/lego-super-mario-adventures-with-mario-starter-course\/","title":{"rendered":"LEGO Super Mario Adventures with Mario Starter Course"},"content":{"rendered":"<p>\u00a1Mario ilimitado! Ideal para juegos en solitario o competiciones grupales.\u00a0Los sets LEGO Super Mario llevan al personaje favorito de la familia al mundo real.\u00a0Este curso de inicio y los conjuntos de expansi\u00f3n ofrecen desaf\u00edos ilimitados y fomentan las habilidades de resoluci\u00f3n de problemas.<\/p>\n<h3 class=\"heading-5 v-fw-regular feature-heading\"><strong>Caracter\u00edsticas<\/strong><\/h3>\n<ul>\n<li><strong>Los fan\u00e1ticos<\/strong> pueden comenzar a explorar el universo LEGO\u00ae Super Mario \u2122 repleto de diversi\u00f3n con este Curso de iniciaci\u00f3n de aventuras con Mario (71360), que incluye 7 ladrillos de acci\u00f3n para diferentes interacciones con la figura LEGO Mario \u2122.<\/li>\n<li><strong>LEGO\u00ae Mario<\/strong> \u2122 tiene un sensor de color, adem\u00e1s de pantallas LCD en sus ojos, boca y abdomen para mostrar m\u00e1s de 100 reacciones instant\u00e1neas diferentes al movimiento. Tambi\u00e9n se incluye un altavoz que reproduce sonidos ic\u00f3nicos y m\u00fasica del videojuego.<\/li>\n<li><strong>En<\/strong> este juego de s\u00faper juguetes, LEGO\u00ae Mario \u2122 recolecta monedas virtuales mientras corre y salta desde el tubo de inicio hasta el poste de la porter\u00eda a trav\u00e9s de ladrillos LEGO, plataformas en la nube, \u00bfel? Bloquea y choca con la figura de Goomba y Bowser Jr<\/li>\n<li><strong>Este<\/strong> juego de juguete LEGO\u00ae coleccionable de 231 piezas es un fant\u00e1stico regalo de cumplea\u00f1os o festivo para ni\u00f1os a partir de 6 a\u00f1os que pueden construir y jugar a su manera y aprender a resolver problemas mientras se divierten de forma creativa.<\/li>\n<li><strong>Reorganiza<\/strong> el curso de inicio y comb\u00ednalo con los conjuntos de expansi\u00f3n LEGO\u00ae Super Mario \u2122 para crear niveles y juegos m\u00e1s desafiantes para jugar con y contra amigos.<\/li>\n<\/ul>\n<h3>Qu\u00e9 est\u00e1 incluido<\/h3>\n<div class=\"list-container list-lv\">\n<div id=\"shop-overview-accordion-13d83026-5919-4157-b896-e4a18bfce1ce\" class=\"None\" data-version=\"1.3.0\">\n<div class=\"shop-overview-accordion\">\n<div class=\"overview-accordion-container show \" data-reactroot=\"\">\n<div class=\"c-accordion size-l\">\n<div id=\"overview-accordion-content\" class=\"c-show-hide \" aria-hidden=\"false\">\n<div class=\"c-accordion-content c-accordion-content-active c-accordion-content-complete\">\n<div class=\"overview-accordion-content-wrapper\">\n<div class=\"embedded-component-container lv\">\n<div>\n<div id=\"shop-whats-included-7e498080-091d-4dfc-a10c-0284b335ea9c\" class=\"None\" data-version=\"2.1.2\">\n<div class=\"shop-whats-included\">\n<div class=\"whats-included accordion-container \" data-reactroot=\"\">\n<div class=\"list-container list-lv\">\n<ul class=\" bold\">\n<li class=\"bold v-fw-medium body-copy\">LEGO Leaf Adventures con Mario Starter Course 71360<\/li>\n<li class=\"bold v-fw-medium body-copy\">El manual del propietario<\/li>\n<\/ul>\n<\/div>\n<\/div>\n<\/div>\n<\/div>\n<\/div>\n<\/div>\n<div class=\"embedded-component-container lv\">\n<div>\n<div id=\"shop-product-energy-ratings-0ef750ca-3e1a-4efa-a2a5-cfed5f98d63f\" class=\"None\" data-version=\"1.3.3\">\n<div class=\"shop-product-energy-ratings\">\n<div data-reactroot=\"\"><\/div>\n<\/div>\n<\/div>\n<\/div>\n<\/div>\n<div class=\"embedded-component-container lv\">\n<div><\/div>\n<\/div>\n<\/div>\n<\/div>\n<\/div>\n<\/div>\n<\/div>\n<\/div>\n<\/div>\n<div id=\"shop-specifications-8310f974-4c5b-4095-8247-0bc0facb1585\" class=\"None\" data-version=\"2.3.6\">\n<div class=\"shop-specifications\">\n<section class=\"specs-container specs-wrapper all-specs-wrapper\" data-reactroot=\"\">\n<div class=\"specifications-accordion-wrapper \">\n<div class=\"c-accordion size-l\">\n<div role=\"heading\" aria-level=\"2\"><\/div>\n<\/div>\n<\/div>\n<\/section>\n<\/div>\n<\/div>\n<\/div>\n","protected":false},"excerpt":{"rendered":"<p>\u00a1Mario ilimitado! Ideal para juegos en solitario o competiciones grupales.\u00a0Los sets LEGO Super Mario llevan al personaje favorito de la familia al mundo real.\u00a0Este curso de inicio y los conjuntos<\/p>\n","protected":false},"featured_media":19107,"comment_status":"open","ping_status":"closed","template":"","meta":{"_acf_changed":false,"_joinchat":[]},"product_brand":[],"product_cat":[886,1097,1196],"product_tag":[],"class_list":{"0":"post-19100","1":"product","2":"type-product","3":"status-publish","4":"has-post-thumbnail","6":"product_cat-juguetesycoleccionables","7":"product_cat-juguetes","8":"product_cat-legos","10":"first","11":"instock","12":"sale","13":"shipping-taxable","14":"purchasable","15":"product-type-simple"},"acf":[],"_links":{"self":[{"href":"https:\/\/defabrica.com.mx\/defabrica\/wp-json\/wp\/v2\/product\/19100","targetHints":{"allow":["GET"]}}],"collection":[{"href":"https:\/\/defabrica.com.mx\/defabrica\/wp-json\/wp\/v2\/product"}],"about":[{"href":"https:\/\/defabrica.com.mx\/defabrica\/wp-json\/wp\/v2\/types\/product"}],"replies":[{"embeddable":true,"href":"https:\/\/defabrica.com.mx\/defabrica\/wp-json\/wp\/v2\/comments?post=19100"}],"wp:featuredmedia":[{"embeddable":true,"href":"https:\/\/defabrica.com.mx\/defabrica\/wp-json\/wp\/v2\/media\/19107"}],"wp:attachment":[{"href":"https:\/\/defabrica.com.mx\/defabrica\/wp-json\/wp\/v2\/media?parent=19100"}],"wp:term":[{"taxonomy":"product_brand","embeddable":true,"href":"https:\/\/defabrica.com.mx\/defabrica\/wp-json\/wp\/v2\/product_brand?post=19100"},{"taxonomy":"product_cat","embeddable":true,"href":"https:\/\/defabrica.com.mx\/defabrica\/wp-json\/wp\/v2\/product_cat?post=19100"},{"taxonomy":"product_tag","embeddable":true,"href":"https:\/\/defabrica.com.mx\/defabrica\/wp-json\/wp\/v2\/product_tag?post=19100"}],"curies":[{"name":"wp","href":"https:\/\/api.w.org\/{rel}","templated":true}]}}