{"id":19089,"date":"2020-11-29T13:16:52","date_gmt":"2020-11-29T19:16:52","guid":{"rendered":"https:\/\/defabrica.com.mx\/defabrica\/?post_type=product&#038;p=19089"},"modified":"2022-12-01T11:59:46","modified_gmt":"2022-12-01T17:59:46","slug":"hasbro-lanzador-de-dardos-de-elite-motorizado-nerf-fortnite-ar-rippley","status":"publish","type":"product","link":"https:\/\/defabrica.com.mx\/defabrica\/producto\/hasbro-lanzador-de-dardos-de-elite-motorizado-nerf-fortnite-ar-rippley\/","title":{"rendered":"Hasbro &#8211; Lanzador de dardos de \u00e9lite motorizado Nerf Fortnite AR-Rippley"},"content":{"rendered":"<div>\n<div>Sum\u00e9rgete en juegos de rol llenos de acci\u00f3n con este blaster Nerf Fortnite AR-Rippley.\u00a0El dise\u00f1o inspirado en los videojuegos te permite recrear escenas divertidas, mientras que el cargador de 10 dardos derriba a tus oponentes con solo tocar un bot\u00f3n.\u00a0Este blaster Nerf Fortnite AR-Rippley cuenta con dardos de espuma con puntas flexibles para un juego seguro, y las dos miras abatibles te ayudan a encuadrar cada disparo.<\/div>\n<\/div>\n<div><\/div>\n<div><\/div>\n<div><\/div>\n<div><\/div>\n<div>\n<h3><\/h3>\n<h3><\/h3>\n<h3 class=\"heading-5 v-fw-regular feature-heading\"><strong>Caracter\u00edsticas<\/strong><\/h3>\n<ul>\n<li><strong>Edad m\u00ednima recomendada<\/strong><br \/>\nAdecuado para ni\u00f1os de 8 a\u00f1os en adelante.<\/li>\n<li><strong>Voladura motorizada<\/strong><br \/>\nPulsa un bot\u00f3n de aceleraci\u00f3n para potenciar los disparos. Requiere cuatro pilas AA. (Bater\u00edas no incluidas.)<\/li>\n<li><strong>Capacidad de clip de 10 dardos<\/strong><br \/>\nPuedes disparar 10 dardos seguidos o hacer tiros individuales.<\/li>\n<li><strong>Incluye dos miras abatibles<\/strong><br \/>\nTe permite alinear los tiros.<\/li>\n<li><strong>20 dardos Nerf incluidos<\/strong><br \/>\nPresenta una construcci\u00f3n de espuma probada y aprobada con puntas flexibles.<\/li>\n<li><strong>R\u00e9plica del blaster AR-Rippley de Fortnite<\/strong><br \/>\nDise\u00f1ado despu\u00e9s de la envoltura de Rippley del juego Fortnite.<\/li>\n<li><strong>Dimensiones del producto<\/strong><br \/>\n6.67 x 78.74 x 33.66 cm; 1.11 kg<\/li>\n<\/ul>\n<\/div>\n<p>&nbsp;<\/p>\n<h3>Qu\u00e9 est\u00e1 incluido<\/h3>\n<div class=\"list-container list-lv\">\n<ul class=\" bold\">\n<li class=\"bold v-fw-medium body-copy\">Hasbro Nerf Fortnite AR-Rippley Motorized Elite Dart Blaster<\/li>\n<li class=\"bold v-fw-medium body-copy\">20 dardos Nerf<\/li>\n<li class=\"bold v-fw-medium body-copy\">El manual del propietario<\/li>\n<\/ul>\n<\/div>\n","protected":false},"excerpt":{"rendered":"<p>Sum\u00e9rgete en juegos de rol llenos de acci\u00f3n con este blaster Nerf Fortnite AR-Rippley.\u00a0El dise\u00f1o inspirado en los videojuegos te permite recrear escenas divertidas, mientras que el cargador de 10<\/p>\n","protected":false},"featured_media":19093,"comment_status":"open","ping_status":"closed","template":"","meta":{"_acf_changed":false,"_joinchat":[]},"product_brand":[],"product_cat":[886,1097,1190],"product_tag":[],"class_list":{"0":"post-19089","1":"product","2":"type-product","3":"status-publish","4":"has-post-thumbnail","6":"product_cat-juguetesycoleccionables","7":"product_cat-juguetes","8":"product_cat-lanzadores","10":"first","11":"instock","12":"sale","13":"shipping-taxable","14":"purchasable","15":"product-type-simple"},"acf":[],"_links":{"self":[{"href":"https:\/\/defabrica.com.mx\/defabrica\/wp-json\/wp\/v2\/product\/19089","targetHints":{"allow":["GET"]}}],"collection":[{"href":"https:\/\/defabrica.com.mx\/defabrica\/wp-json\/wp\/v2\/product"}],"about":[{"href":"https:\/\/defabrica.com.mx\/defabrica\/wp-json\/wp\/v2\/types\/product"}],"replies":[{"embeddable":true,"href":"https:\/\/defabrica.com.mx\/defabrica\/wp-json\/wp\/v2\/comments?post=19089"}],"wp:featuredmedia":[{"embeddable":true,"href":"https:\/\/defabrica.com.mx\/defabrica\/wp-json\/wp\/v2\/media\/19093"}],"wp:attachment":[{"href":"https:\/\/defabrica.com.mx\/defabrica\/wp-json\/wp\/v2\/media?parent=19089"}],"wp:term":[{"taxonomy":"product_brand","embeddable":true,"href":"https:\/\/defabrica.com.mx\/defabrica\/wp-json\/wp\/v2\/product_brand?post=19089"},{"taxonomy":"product_cat","embeddable":true,"href":"https:\/\/defabrica.com.mx\/defabrica\/wp-json\/wp\/v2\/product_cat?post=19089"},{"taxonomy":"product_tag","embeddable":true,"href":"https:\/\/defabrica.com.mx\/defabrica\/wp-json\/wp\/v2\/product_tag?post=19089"}],"curies":[{"name":"wp","href":"https:\/\/api.w.org\/{rel}","templated":true}]}}