{"id":19065,"date":"2020-11-29T13:04:56","date_gmt":"2020-11-29T19:04:56","guid":{"rendered":"https:\/\/defabrica.com.mx\/defabrica\/?post_type=product&#038;p=19065"},"modified":"2023-01-28T12:39:55","modified_gmt":"2023-01-28T18:39:55","slug":"lapgear-designer-lap-desk-con-soporte-para-telefono-y-repisa-para-dispositivos-argyle-gris-se-adapta-a-portatiles-de-hasta-156-pulgadas-estilo-n-45438","status":"publish","type":"product","link":"https:\/\/defabrica.com.mx\/defabrica\/producto\/lapgear-designer-lap-desk-con-soporte-para-telefono-y-repisa-para-dispositivos-argyle-gris-se-adapta-a-portatiles-de-hasta-156-pulgadas-estilo-n-45438\/","title":{"rendered":"LapGear Escritorio de regazo de dise\u00f1ador con soporte para tel\u00e9fono y repisa para dispositivos &#8211; Se adapta a port\u00e1tiles de hasta 15,6 pulgadas"},"content":{"rendered":"<div class=\"about-desc about-product-description xs-margin-top\">La decoraci\u00f3n del hogar se une al escritorio port\u00e1til con nuestro escritorio port\u00e1til de dise\u00f1ador.\u00a0Los m\u00faltiples dise\u00f1os estampados brindan numerosas opciones para complementar su decoraci\u00f3n.\u00a0El coj\u00edn que se adapta permite que este escritorio se siente c\u00f3modamente en cualquier regazo o en cualquier superficie.\u00a0Coloque su tel\u00e9fono en la ranura del tel\u00e9fono mientras trabaja para chats de video con manos libres.\u00a0\u00a1Con la repisa del dispositivo incorporada, el escritorio de regazo de dise\u00f1ador brinda una seguridad adicional de que su computadora port\u00e1til permanecer\u00e1 en su lugar mientras escribe o compra en l\u00ednea con estilo! La ranura para medios sostiene su tel\u00e9fono inteligente, el soporte acolchado se adapta a su regazo, acent\u00faa con estilo la decoraci\u00f3n de su hogar<\/div>\n<div class=\"product-specifications\"><\/div>\n","protected":false},"excerpt":{"rendered":"<p>La decoraci\u00f3n del hogar se une al escritorio port\u00e1til con nuestro escritorio port\u00e1til de dise\u00f1ador.\u00a0Los m\u00faltiples dise\u00f1os estampados brindan numerosas opciones para complementar su decoraci\u00f3n.\u00a0El coj\u00edn que se adapta permite<\/p>\n","protected":false},"featured_media":19081,"comment_status":"open","ping_status":"closed","template":"","meta":{"_acf_changed":false,"_joinchat":[]},"product_brand":[],"product_cat":[15],"product_tag":[],"class_list":{"0":"post-19065","1":"product","2":"type-product","3":"status-publish","4":"has-post-thumbnail","6":"product_cat-sin-categoria","8":"first","9":"instock","10":"sale","11":"shipping-taxable","12":"purchasable","13":"product-type-variable","14":"has-default-attributes"},"acf":[],"_links":{"self":[{"href":"https:\/\/defabrica.com.mx\/defabrica\/wp-json\/wp\/v2\/product\/19065","targetHints":{"allow":["GET"]}}],"collection":[{"href":"https:\/\/defabrica.com.mx\/defabrica\/wp-json\/wp\/v2\/product"}],"about":[{"href":"https:\/\/defabrica.com.mx\/defabrica\/wp-json\/wp\/v2\/types\/product"}],"replies":[{"embeddable":true,"href":"https:\/\/defabrica.com.mx\/defabrica\/wp-json\/wp\/v2\/comments?post=19065"}],"wp:featuredmedia":[{"embeddable":true,"href":"https:\/\/defabrica.com.mx\/defabrica\/wp-json\/wp\/v2\/media\/19081"}],"wp:attachment":[{"href":"https:\/\/defabrica.com.mx\/defabrica\/wp-json\/wp\/v2\/media?parent=19065"}],"wp:term":[{"taxonomy":"product_brand","embeddable":true,"href":"https:\/\/defabrica.com.mx\/defabrica\/wp-json\/wp\/v2\/product_brand?post=19065"},{"taxonomy":"product_cat","embeddable":true,"href":"https:\/\/defabrica.com.mx\/defabrica\/wp-json\/wp\/v2\/product_cat?post=19065"},{"taxonomy":"product_tag","embeddable":true,"href":"https:\/\/defabrica.com.mx\/defabrica\/wp-json\/wp\/v2\/product_tag?post=19065"}],"curies":[{"name":"wp","href":"https:\/\/api.w.org\/{rel}","templated":true}]}}