{"id":18851,"date":"2020-11-25T23:34:53","date_gmt":"2020-11-26T05:34:53","guid":{"rendered":"https:\/\/defabrica.com.mx\/defabrica\/?post_type=product&#038;p=18851"},"modified":"2023-01-13T13:32:31","modified_gmt":"2023-01-13T19:32:31","slug":"fifa-21-ultimate-edition-xbox-one-xbox-series-x","status":"publish","type":"product","link":"https:\/\/defabrica.com.mx\/defabrica\/producto\/fifa-21-ultimate-edition-xbox-one-xbox-series-x\/","title":{"rendered":"FIFA 21 Ultimate Edition &#8211; Xbox One, Xbox Series X"},"content":{"rendered":"<div class=\"embedded-component-container lv\">\n<div>\n<div id=\"shop-product-description-3a623368-7507-4e48-8f66-07a33ed04f7e\" class=\"None\" data-version=\"1.3.2\">\n<div class=\"shop-product-description\">\n<section class=\"align-heading-left\" data-reactroot=\"\">\n<div class=\"long-description-container body-copy \">\n<div class=\"html-fragment\">\n<div>\n<div>Da rienda suelta a tu lado competitivo en FIFA 21 Ultimate Edition para PlayStation 4. El modo carrera te desaf\u00eda a ascender de rango como un joven local con potencial hasta el escenario mundial, mientras que la tecnolog\u00eda mejorada ofrece una experiencia de juego inmersiva.\u00a0FIFA 21 Ultimate Edition incluye 24 paquetes de oro raros y un art\u00edculo prestado de Cover Star, as\u00ed como kits FUT de edici\u00f3n especial para una personalizaci\u00f3n a\u00fan mayor.<\/div>\n<\/div>\n<\/div>\n<\/div>\n<\/section>\n<\/div>\n<\/div>\n<\/div>\n<\/div>\n<div class=\"embedded-component-container lv\"><\/div>\n<div><\/div>\n<div><\/div>\n<div><\/div>\n<div>\n<h3><\/h3>\n<h3><\/h3>\n<h3 class=\"heading-5 v-fw-regular feature-heading\"><strong>Caracter\u00edsticas<\/strong><\/h3>\n<ul>\n<li><strong>Regate \u00e1gil<\/strong><br \/>\nEn el f\u00fatbol, \u200b\u200blas situaciones de 1 contra 1 pueden abrir oportunidades de gol que determinan el curso de un partido. En FIFA 21, el nuevo sistema Agile Dribbling pone m\u00e1s herramientas a tu disposici\u00f3n cuando te enfrentas a un defensor.<\/li>\n<li><strong>Posicionamiento de la personalidad<\/strong><br \/>\nEn FIFA 21, Positioning Personality eleva la inteligencia en el juego de los futbolistas para que coincida con su comprensi\u00f3n del mundo real del espacio y el tiempo, lo que permite a los mejores jugadores anticipar el juego, moverse de manera m\u00e1s inteligente por el campo y tomar posiciones m\u00e1s ventajosas.<\/li>\n<li><strong>Ejecuciones creativas<\/strong><br \/>\nLas nuevas opciones para influir en el movimiento de tu equipo fuera del bal\u00f3n revolucionan el juego de construcci\u00f3n de ataque en FIFA 21, brind\u00e1ndote m\u00e1s formas de romper la defensa:<\/li>\n<li><strong>Sistema de colisi\u00f3n natural<\/strong><br \/>\nUn sistema de movimiento y colisi\u00f3n de jugadores re-imaginado desbloqueado por nuevos sistemas de animaci\u00f3n crea interacciones m\u00e1s fluidas con los jugadores en todo el campo.<\/li>\n<li><strong>Modo competidor<\/strong><br \/>\nLa configuraci\u00f3n del modo Competidor le da a tu oponente una mejor comprensi\u00f3n de los movimientos de habilidad, los tipos de regate y las t\u00e1cticas para brindarte un oponente m\u00e1s desafiante y gratificante con el que enfrentarte en dificultad Legendaria y M\u00e1xima.<\/li>\n<li><strong>Fundamentos del f\u00fatbol<\/strong><br \/>\nBasado en los comentarios de la comunidad, las revisiones de los fundamentos del f\u00fatbol en FIFA mejoran el juego en todo el campo.<\/li>\n<li><strong>MODO DE CARRERA<\/strong><br \/>\nGestiona cada momento en el modo Carrera de FIFA 21 con nuevas innovaciones que crean profundidad adicional en los partidos, transferencias y entrenamientos para darte m\u00e1s control sobre el ascenso de tu equipo a la cima y facilitarte m\u00e1s que nunca el comienzo de tu carrera como entrenador.<\/li>\n<li><strong>Simulador interactivo de partidos<\/strong><br \/>\nExperimente una forma completamente nueva de jugar su temporada con el Interactive Match Sim, un gran salto en la interactividad del juego que le brinda control sobre el resultado de cada juego.<\/li>\n<li><strong>Desarrollo de jugadores<\/strong><br \/>\nAdministre el desarrollo de sus jugadores con mayor detalle con un sistema de crecimiento renovado.<\/li>\n<li><strong>Temas de liga ampliados<\/strong><br \/>\nDisfruta de una inmersi\u00f3n m\u00e1s profunda y autenticidad con temas espec\u00edficos de liga personalizados expandidos para algunas de las competiciones m\u00e1s prestigiosas y m\u00e1s jugadas del mundo que ahora abarcan m\u00e1s \u00e1reas del Modo Carrera, incluidas la Liga de Campeones de la UEFA y la CONMEBOL Libertadores.<\/li>\n<li><strong>F\u00daTBOL EA SPORTS VOLTA<\/strong><br \/>\nM\u00e1s formas de jugar. M\u00e1s personalizaci\u00f3n. M\u00e1s ubicaciones. Experimente el alma de las calles junto con amigos mientras muestra su estilo en jaulas y canchas de todo el mundo a trav\u00e9s de diversas formas de f\u00fatbol de peque\u00f1o formato.<\/li>\n<li><strong>ESCUADRILLOS VOLTA<\/strong><br \/>\nExperimente un f\u00fatbol callejero m\u00e1s social con VOLTA SQUADS, una nueva forma de unirse con hasta tres amigos o unirse a la comunidad con otros jugadores de VOLTA FOOTBALL y ganar como uno solo en el juego cooperativo en l\u00ednea 5v5.<\/li>\n<li><strong>Como se Juega<\/strong><br \/>\nLas nuevas incorporaciones al juego VOLTA FOOTBALL hacen que la experiencia de f\u00fatbol en un espacio reducido sea m\u00e1s realista y gratificante, con un nuevo ritmo de juego y un movimiento inteligente del equipo que crea m\u00e1s oportunidades para que puedas jugar al ritmo de las calles.<\/li>\n<li><strong>Ubicaciones<\/strong><br \/>\nEn VOLTA FOOTBALL, m\u00e1s de 20 campos \u00fanicos en seis continentes cobran vida con atm\u00f3sferas verdaderamente \u00fanicas que le dan una idea de la aut\u00e9ntica cultura del f\u00fatbol callejero de cada lugar.<\/li>\n<li><strong>EQUIPO ULTIMATE DE FIFA<\/strong><br \/>\nDisfruta de nuevas formas de jugar en el modo m\u00e1s popular de FIFA mientras creas el equipo de tus sue\u00f1os de jugadores pasados \u200b\u200by presentes en FIFA 21 Ultimate Team.<\/li>\n<li><strong>Co-Op de FUT<\/strong><br \/>\nGana como uno en FIFA 21 Ultimate Team con FUT Co-Op, una nueva forma de formar equipo con amigos en l\u00ednea y competir por recompensas.<\/li>\n<li><strong>Personalizaci\u00f3n ampliada del club<\/strong><br \/>\nHaz que tu club de FUT sea realmente \u00fanico con una gama de formas nuevas y ampliadas de personalizar el aspecto de tu equipo tanto en el campo como en las gradas.<\/li>\n<li><strong>Un club de FUT<\/strong><br \/>\nSi te actualizas a las consolas de pr\u00f3xima generaci\u00f3n usando Dual Entitlement, puedes llevar tu Club FUT de PlayStation 4 a PlayStation 5 o Xbox One a Xbox Series X y viceversa con mercados de transferencia de generaciones cruzadas y tablas de clasificaci\u00f3n en FUT 21.<\/li>\n<li><strong>AUTENTICIDAD INIGUALABLE<\/strong><br \/>\nJuega con una autenticidad inigualable en FIFA 21 con m\u00e1s de 17,000 jugadores y m\u00e1s de 700 equipos junto con m\u00e1s de 90 estadios y m\u00e1s de 30 ligas que te brindan la experiencia m\u00e1s realista de The World&#8217;s Game.<\/li>\n<\/ul>\n<\/div>\n<p>&nbsp;<\/p>\n<h3>Qu\u00e9 est\u00e1 incluido<\/h3>\n<div class=\"list-container list-lv\">\n<div id=\"shop-overview-accordion-2e9ce3b8-d1a2-4ece-8f44-f64fa1827484\" class=\"None\" data-version=\"1.3.0\">\n<div class=\"shop-overview-accordion\">\n<div class=\"overview-accordion-container show \" data-reactroot=\"\">\n<div class=\"c-accordion size-l\">\n<div id=\"overview-accordion-content\" class=\"c-show-hide \" aria-hidden=\"false\">\n<div class=\"c-accordion-content c-accordion-content-active c-accordion-content-complete\">\n<div class=\"overview-accordion-content-wrapper\">\n<div class=\"embedded-component-container lv\">\n<div>\n<div id=\"shop-whats-included-27467cf8-cbbf-4774-90c1-5ae9dfd0dc0a\" class=\"None\" data-version=\"2.1.2\">\n<div class=\"shop-whats-included\">\n<div class=\"whats-included accordion-container \" data-reactroot=\"\">\n<div class=\"list-container list-lv\">\n<ul class=\" bold\">\n<li class=\"bold v-fw-medium body-copy\">FIFA 21<\/li>\n<\/ul>\n<\/div>\n<\/div>\n<\/div>\n<\/div>\n<\/div>\n<\/div>\n<\/div>\n<\/div>\n<\/div>\n<\/div>\n<\/div>\n<\/div>\n<\/div>\n<div id=\"shop-specifications-d6d605a9-9069-44ec-8ad6-fadb764e78fd\" class=\"None\" data-version=\"2.3.6\">\n<div class=\"shop-specifications\">\n<section class=\"specs-container specs-wrapper all-specs-wrapper\" data-reactroot=\"\">\n<div class=\"specifications-accordion-wrapper \">\n<div class=\"c-accordion size-l\">\n<div role=\"heading\" aria-level=\"2\"><\/div>\n<\/div>\n<\/div>\n<\/section>\n<\/div>\n<\/div>\n<\/div>\n","protected":false},"excerpt":{"rendered":"<p>Da rienda suelta a tu lado competitivo en FIFA 21 Ultimate Edition para PlayStation 4. El modo carrera te desaf\u00eda a ascender de rango como un joven local con potencial<\/p>\n","protected":false},"featured_media":18861,"comment_status":"open","ping_status":"closed","template":"","meta":{"_acf_changed":false,"_joinchat":[]},"product_brand":[],"product_cat":[277,894],"product_tag":[],"class_list":{"0":"post-18851","1":"product","2":"type-product","3":"status-publish","4":"has-post-thumbnail","6":"product_cat-zona-gamer","7":"product_cat-videojuegos","9":"first","10":"instock","11":"sale","12":"shipping-taxable","13":"purchasable","14":"product-type-variable","15":"has-default-attributes"},"acf":[],"_links":{"self":[{"href":"https:\/\/defabrica.com.mx\/defabrica\/wp-json\/wp\/v2\/product\/18851","targetHints":{"allow":["GET"]}}],"collection":[{"href":"https:\/\/defabrica.com.mx\/defabrica\/wp-json\/wp\/v2\/product"}],"about":[{"href":"https:\/\/defabrica.com.mx\/defabrica\/wp-json\/wp\/v2\/types\/product"}],"replies":[{"embeddable":true,"href":"https:\/\/defabrica.com.mx\/defabrica\/wp-json\/wp\/v2\/comments?post=18851"}],"wp:featuredmedia":[{"embeddable":true,"href":"https:\/\/defabrica.com.mx\/defabrica\/wp-json\/wp\/v2\/media\/18861"}],"wp:attachment":[{"href":"https:\/\/defabrica.com.mx\/defabrica\/wp-json\/wp\/v2\/media?parent=18851"}],"wp:term":[{"taxonomy":"product_brand","embeddable":true,"href":"https:\/\/defabrica.com.mx\/defabrica\/wp-json\/wp\/v2\/product_brand?post=18851"},{"taxonomy":"product_cat","embeddable":true,"href":"https:\/\/defabrica.com.mx\/defabrica\/wp-json\/wp\/v2\/product_cat?post=18851"},{"taxonomy":"product_tag","embeddable":true,"href":"https:\/\/defabrica.com.mx\/defabrica\/wp-json\/wp\/v2\/product_tag?post=18851"}],"curies":[{"name":"wp","href":"https:\/\/api.w.org\/{rel}","templated":true}]}}