{"id":18802,"date":"2020-11-24T15:32:53","date_gmt":"2020-11-24T21:32:53","guid":{"rendered":"https:\/\/defabrica.com.mx\/defabrica\/?post_type=product&#038;p=18802"},"modified":"2022-12-01T11:51:57","modified_gmt":"2022-12-01T17:51:57","slug":"logitech-auriculares-para-juegos-estereo-con-cable-g332-para-pc-negro-rojo","status":"publish","type":"product","link":"https:\/\/defabrica.com.mx\/defabrica\/producto\/logitech-auriculares-para-juegos-estereo-con-cable-g332-para-pc-negro-rojo\/","title":{"rendered":"Logitech &#8211; Auriculares para juegos est\u00e9reo con cable G332 para PC &#8211; Negro \/ Rojo"},"content":{"rendered":"<div>\n<div>Mant\u00e9ngase en comunicaci\u00f3n constante con otros jugadores cuando use estos auriculares para juegos est\u00e9reo Logitech.\u00a0La entrada de 3.5 mm funciona con computadoras, laptops y consolas de juegos para mayor versatilidad, y los controladores de 50 mm brindan un gran sonido a sus o\u00eddos.\u00a0Con orejeras de cuero sint\u00e9tico livianas, estos auriculares est\u00e9reo para juegos de Logitech ofrecen mayor comodidad durante las sesiones de juego prolongadas.<\/div>\n<\/div>\n<div><\/div>\n<div><\/div>\n<div>\n<h3><\/h3>\n<h3><\/h3>\n<h3 class=\"heading-5 v-fw-regular feature-heading\"><strong>Caracter\u00edsticas<\/strong><\/h3>\n<ul>\n<li>Disfrute de un sonido expansivo. Los grandes controladores de audio de 50 mm ofrecen una experiencia de sonido incre\u00edble.<\/li>\n<li>El gran micr\u00f3fono con brazo de 6 mm se asegura de que los compa\u00f1eros de juego te escuchen y se silencia cuando se levanta.<\/li>\n<li>Todo en estos auriculares tiene que ver con la comodidad: los auriculares y la diadema de cuero sint\u00e9tico liviano de lujo est\u00e1n hechos para mantener la presi\u00f3n fuera de sus o\u00eddos. Los auriculares giran hasta 90 grados para mayor comodidad.<\/li>\n<li>Sus auriculares funcionan con su PC o Mac a trav\u00e9s de un cable de 3,5 mm, o con consolas de juegos como PlayStation 4, Xbox One, Nintendo Switch y dispositivos m\u00f3viles a trav\u00e9s de un cable de 3,5 mm.<\/li>\n<\/ul>\n<div class=\"header-container header-lv\">\n<h3 class=\"heading-5 v-fw-regular\">Qu\u00e9 est\u00e1 incluido<\/h3>\n<\/div>\n<div class=\"list-container list-lv\">\n<div id=\"shop-overview-accordion-a3fc6ea9-6ea5-4d95-95b3-e9427dfd0dfd\" class=\"None\" data-version=\"1.3.0\">\n<div class=\"shop-overview-accordion\">\n<div class=\"overview-accordion-container show \" data-reactroot=\"\">\n<div class=\"c-accordion size-l\">\n<div id=\"overview-accordion-content\" class=\"c-show-hide \" aria-hidden=\"false\">\n<div class=\"c-accordion-content c-accordion-content-active c-accordion-content-complete\">\n<div class=\"overview-accordion-content-wrapper\">\n<div class=\"embedded-component-container lv\">\n<div>\n<div id=\"shop-whats-included-f183b62e-f3fa-4a75-819d-cc12a72b040a\" class=\"None\" data-version=\"2.1.2\">\n<div class=\"shop-whats-included\">\n<div class=\"whats-included accordion-container \" data-reactroot=\"\">\n<div class=\"list-container list-lv\">\n<ul class=\" bold\">\n<li class=\"bold v-fw-medium body-copy\">Auriculares para juegos est\u00e9reo con cable Logitech G332 para PC<\/li>\n<li class=\"bold v-fw-medium body-copy\">El manual del propietario<\/li>\n<li class=\"bold v-fw-medium body-copy\">Divisor en Y para tomas de micr\u00f3fono y auriculares independientes<\/li>\n<\/ul>\n<\/div>\n<\/div>\n<\/div>\n<\/div>\n<\/div>\n<\/div>\n<div class=\"embedded-component-container lv\">\n<div>\n<div id=\"shop-product-energy-ratings-5fd3ed33-a87e-41c8-bb71-372f421958d7\" class=\"None\" data-version=\"1.3.3\">\n<div class=\"shop-product-energy-ratings\">\n<div data-reactroot=\"\"><\/div>\n<\/div>\n<\/div>\n<\/div>\n<\/div>\n<div class=\"embedded-component-container lv\">\n<div><\/div>\n<\/div>\n<\/div>\n<\/div>\n<\/div>\n<\/div>\n<\/div>\n<\/div>\n<\/div>\n<div id=\"shop-specifications-d8587df6-d636-451f-8f3c-b93759c7c7a0\" class=\"None\" data-version=\"2.3.6\">\n<div class=\"shop-specifications\">\n<section class=\"specs-container specs-wrapper all-specs-wrapper\" data-reactroot=\"\">\n<div class=\"specifications-accordion-wrapper \">\n<div class=\"c-accordion size-l\">\n<div role=\"heading\" aria-level=\"2\"><\/div>\n<\/div>\n<\/div>\n<\/section>\n<\/div>\n<\/div>\n<\/div>\n<\/div>\n","protected":false},"excerpt":{"rendered":"<p>Mant\u00e9ngase en comunicaci\u00f3n constante con otros jugadores cuando use estos auriculares para juegos est\u00e9reo Logitech.\u00a0La entrada de 3.5 mm funciona con computadoras, laptops y consolas de juegos para mayor versatilidad,<\/p>\n","protected":false},"featured_media":18805,"comment_status":"open","ping_status":"closed","template":"","meta":{"_acf_changed":false,"_joinchat":[]},"product_brand":[],"product_cat":[277,282,436,441],"product_tag":[],"class_list":{"0":"post-18802","1":"product","2":"type-product","3":"status-publish","4":"has-post-thumbnail","6":"product_cat-zona-gamer","7":"product_cat-accesorios-gamers","8":"product_cat-audifonos-gamer","9":"product_cat-todos-los-accesorios-gamer","11":"first","12":"instock","13":"sale","14":"shipping-taxable","15":"purchasable","16":"product-type-simple"},"acf":[],"_links":{"self":[{"href":"https:\/\/defabrica.com.mx\/defabrica\/wp-json\/wp\/v2\/product\/18802","targetHints":{"allow":["GET"]}}],"collection":[{"href":"https:\/\/defabrica.com.mx\/defabrica\/wp-json\/wp\/v2\/product"}],"about":[{"href":"https:\/\/defabrica.com.mx\/defabrica\/wp-json\/wp\/v2\/types\/product"}],"replies":[{"embeddable":true,"href":"https:\/\/defabrica.com.mx\/defabrica\/wp-json\/wp\/v2\/comments?post=18802"}],"wp:featuredmedia":[{"embeddable":true,"href":"https:\/\/defabrica.com.mx\/defabrica\/wp-json\/wp\/v2\/media\/18805"}],"wp:attachment":[{"href":"https:\/\/defabrica.com.mx\/defabrica\/wp-json\/wp\/v2\/media?parent=18802"}],"wp:term":[{"taxonomy":"product_brand","embeddable":true,"href":"https:\/\/defabrica.com.mx\/defabrica\/wp-json\/wp\/v2\/product_brand?post=18802"},{"taxonomy":"product_cat","embeddable":true,"href":"https:\/\/defabrica.com.mx\/defabrica\/wp-json\/wp\/v2\/product_cat?post=18802"},{"taxonomy":"product_tag","embeddable":true,"href":"https:\/\/defabrica.com.mx\/defabrica\/wp-json\/wp\/v2\/product_tag?post=18802"}],"curies":[{"name":"wp","href":"https:\/\/api.w.org\/{rel}","templated":true}]}}