{"id":18790,"date":"2020-11-23T16:03:12","date_gmt":"2020-11-23T22:03:12","guid":{"rendered":"https:\/\/defabrica.com.mx\/defabrica\/?post_type=product&#038;p=18790"},"modified":"2022-12-01T11:51:29","modified_gmt":"2022-12-01T17:51:29","slug":"turtle-beach-auriculares-para-juegos-amplificados-recon-200-para-xbox-one-y-xbox-series-x-s-playstation-4-playstation-5-y-nintendo-switch-blanco","status":"publish","type":"product","link":"https:\/\/defabrica.com.mx\/defabrica\/producto\/turtle-beach-auriculares-para-juegos-amplificados-recon-200-para-xbox-one-y-xbox-series-x-s-playstation-4-playstation-5-y-nintendo-switch-blanco\/","title":{"rendered":"Turtle Beach &#8211; Auriculares para juegos amplificados Recon 200 para Xbox One y Xbox Series X | S, PlayStation 4, PlayStation 5 y Nintendo Switch &#8211; Blanco"},"content":{"rendered":"<div class=\"embedded-component-container lv\">\n<div>\n<div id=\"shop-product-description-cd6ff90f-73bc-4d16-9b86-7caa374b91cc\" class=\"None\" data-version=\"1.3.2\">\n<div class=\"shop-product-description\">\n<section class=\"align-heading-left\" data-reactroot=\"\">\n<div class=\"long-description-container body-copy \">\n<div class=\"html-fragment\">\n<div>\n<div>\u00a1Cuanto m\u00e1s fuerte, mejor!\u00a0Sum\u00e9rjase en sus juegos con el potente audio amplificado del Recon 200 con Bass Boost.\u00a0Ya sea que juegues en una Xbox One, Xbox Series X | S, PS4 Pro, PS4, PS5 o Nintendo Switch, los auriculares para juegos Turtle Beach Recon 200 ofrecen un sonido de juego de alta calidad y un chat n\u00edtido a trav\u00e9s de sus altavoces superiores de 40 mm y micr\u00f3fono de sensibilidad que se gira para silenciar.\u00a0Adem\u00e1s, el dise\u00f1o liviano del Recon 200, la diadema reforzada con metal y los cojines de espuma viscoel\u00e1stica forrados en cuero sint\u00e9tico brindan una mayor durabilidad y una comodidad inigualable.\u00a0El Recon 200 tiene una bater\u00eda recargable que ofrece m\u00e1s de 12 horas de juego por uso, y cuenta con controles integrados para volumen maestro, monitoreo de micr\u00f3fono variable para que pueda escuchar y ajustar el volumen de su voz dentro de los auriculares para evitar gritar a otros jugadores.<\/div>\n<\/div>\n<\/div>\n<\/div>\n<\/section>\n<\/div>\n<\/div>\n<\/div>\n<\/div>\n<div class=\"embedded-component-container lv\"><\/div>\n<div>\n<h3><\/h3>\n<h3><\/h3>\n<h3 class=\"heading-5 v-fw-regular feature-heading\"><strong>Caracter\u00edsticas<\/strong><\/h3>\n<ul>\n<li><strong>PODEROSO AUDIO AMPLIFICADO<\/strong><br \/>\n\u00a1Cuanto m\u00e1s fuerte, mejor! Sum\u00e9rjase en sus juegos con el sonido amplificado con bater\u00eda recargable de su Xbox One, Xbox Series X | S, PS4 \u2122 Pro, PS4 \u2122, PS5 \u2122 o Nintendo Switch<\/li>\n<li><strong>REFUERZO DE GRAVES<\/strong><br \/>\nNo se limite a escuchar los graves &#8230; si\u00e9ntelos con Bass Boost.<\/li>\n<li><strong>SONIDO ENVOLVENTE LISTO PARA XBOX<\/strong><br \/>\nOptimizado para ofrecer el sonido envolvente envolvente Windows Sonic para auriculares de Microsoft en Xbox para dar vida a sus juegos, pel\u00edculas y m\u00fasica. Windows Sonic para auriculares proporcionado por Microsoft para Xbox. Tambi\u00e9n compatible con Dolby Atmos\u00ae para auriculares<\/li>\n<li><strong>ALTAVOCES DE 40 MM DE ALTA CALIDAD<\/strong><br \/>\nLos altavoces supraaurales superiores de 40 mm ofrecen un sonido de juego incre\u00edble para que escuches todos los agudos y graves n\u00edtidos<\/li>\n<li><strong>MICR\u00d3FONO ABATIBLE<\/strong><br \/>\nEl reconocido micr\u00f3fono de alta sensibilidad de Turtle Beach capta su voz alto y claro para garantizar que sus comandos siempre se escuchen. Adem\u00e1s, se levanta para silenciar cuando no est\u00e1 en uso y se integra en el dise\u00f1o del auricular.<\/li>\n<li><strong>DIADEMA REFORZADA EN METAL<\/strong><br \/>\nUna diadema reforzada con metal brinda mayor durabilidad.<\/li>\n<li><strong>MONITOREO DE MICR\u00d3FONO VARIABLE<\/strong><br \/>\nD\u00edgalo &#8230; No lo grite, gracias a la capacidad de escuchar y ajustar el volumen de su propia voz dentro de los auriculares para evitar gritar a sus compa\u00f1eros de equipo y otros jugadores.<\/li>\n<li><strong>COMPATIBILIDAD MULTIPLATAFORMA<\/strong><br \/>\nDise\u00f1ado para controladores Xbox One y Xbox Series X | S, PS4 \u2122 y PS5 \u2122 con un conector de 3,5 mm, y tambi\u00e9n funciona muy bien con Nintendo Switch \u2122, PC y dispositivos m\u00f3viles con una conexi\u00f3n de 3,5 mm<\/li>\n<li><strong>DURACI\u00d3N DE LA BATER\u00cdA<\/strong><br \/>\nUna bater\u00eda recargable incorporada ofrece m\u00e1s de 12 horas de juego por carga, por lo que siempre estar\u00e1 listo para jugar.<\/li>\n<\/ul>\n<p>&nbsp;<\/p>\n<\/div>\n<h3>Qu\u00e9 est\u00e1 incluido<\/h3>\n<div class=\"list-container list-lv\">\n<div id=\"shop-overview-accordion-0aee8f8b-83e5-4a92-a133-9bf02aa953e9\" class=\"None\" data-version=\"1.3.0\">\n<div class=\"shop-overview-accordion\">\n<div class=\"overview-accordion-container show \" data-reactroot=\"\">\n<div class=\"c-accordion size-l\">\n<div id=\"overview-accordion-content\" class=\"c-show-hide \" aria-hidden=\"false\">\n<div class=\"c-accordion-content c-accordion-content-active c-accordion-content-complete\">\n<div class=\"overview-accordion-content-wrapper\">\n<div class=\"embedded-component-container lv\">\n<div>\n<div id=\"shop-whats-included-bbdd438a-e5e2-42bf-b983-1b14222969c0\" class=\"None\" data-version=\"2.1.2\">\n<div class=\"shop-whats-included\">\n<div class=\"whats-included accordion-container \" data-reactroot=\"\">\n<div class=\"list-container list-lv\">\n<ul class=\" bold\">\n<li class=\"bold v-fw-medium body-copy\">Cable de carga micro USB<\/li>\n<li class=\"bold v-fw-medium body-copy\">Gu\u00eda de inicio r\u00e1pido<\/li>\n<li class=\"bold v-fw-medium body-copy\">Pegatina Turtle Beach<\/li>\n<li class=\"bold v-fw-medium body-copy\">Auriculares para juegos Turtle Beach\u00ae Recon 200<\/li>\n<\/ul>\n<\/div>\n<\/div>\n<\/div>\n<\/div>\n<\/div>\n<\/div>\n<div class=\"embedded-component-container lv\">\n<div>\n<div id=\"shop-product-energy-ratings-f9ded5f8-a3fa-4781-8a3c-c09ae4434690\" class=\"None\" data-version=\"1.3.3\">\n<div class=\"shop-product-energy-ratings\">\n<div data-reactroot=\"\"><\/div>\n<\/div>\n<\/div>\n<\/div>\n<\/div>\n<div class=\"embedded-component-container lv\">\n<div><\/div>\n<\/div>\n<\/div>\n<\/div>\n<\/div>\n<\/div>\n<\/div>\n<\/div>\n<\/div>\n<div id=\"shop-specifications-74584113-1a3b-46a4-9b6c-3302646432b4\" class=\"None\" data-version=\"2.3.6\">\n<div class=\"shop-specifications\">\n<section class=\"specs-container specs-wrapper all-specs-wrapper\" data-reactroot=\"\">\n<div class=\"specifications-accordion-wrapper \">\n<div class=\"c-accordion size-l\">\n<div role=\"heading\" aria-level=\"2\"><\/div>\n<\/div>\n<\/div>\n<\/section>\n<\/div>\n<\/div>\n<\/div>\n","protected":false},"excerpt":{"rendered":"<p>\u00a1Cuanto m\u00e1s fuerte, mejor!\u00a0Sum\u00e9rjase en sus juegos con el potente audio amplificado del Recon 200 con Bass Boost.\u00a0Ya sea que juegues en una Xbox One, Xbox Series X | S,<\/p>\n","protected":false},"featured_media":18795,"comment_status":"open","ping_status":"closed","template":"","meta":{"_acf_changed":false,"_joinchat":[]},"product_brand":[],"product_cat":[277,282,436,441],"product_tag":[],"class_list":{"0":"post-18790","1":"product","2":"type-product","3":"status-publish","4":"has-post-thumbnail","6":"product_cat-zona-gamer","7":"product_cat-accesorios-gamers","8":"product_cat-audifonos-gamer","9":"product_cat-todos-los-accesorios-gamer","11":"first","12":"instock","13":"sale","14":"shipping-taxable","15":"purchasable","16":"product-type-simple"},"acf":[],"_links":{"self":[{"href":"https:\/\/defabrica.com.mx\/defabrica\/wp-json\/wp\/v2\/product\/18790","targetHints":{"allow":["GET"]}}],"collection":[{"href":"https:\/\/defabrica.com.mx\/defabrica\/wp-json\/wp\/v2\/product"}],"about":[{"href":"https:\/\/defabrica.com.mx\/defabrica\/wp-json\/wp\/v2\/types\/product"}],"replies":[{"embeddable":true,"href":"https:\/\/defabrica.com.mx\/defabrica\/wp-json\/wp\/v2\/comments?post=18790"}],"wp:featuredmedia":[{"embeddable":true,"href":"https:\/\/defabrica.com.mx\/defabrica\/wp-json\/wp\/v2\/media\/18795"}],"wp:attachment":[{"href":"https:\/\/defabrica.com.mx\/defabrica\/wp-json\/wp\/v2\/media?parent=18790"}],"wp:term":[{"taxonomy":"product_brand","embeddable":true,"href":"https:\/\/defabrica.com.mx\/defabrica\/wp-json\/wp\/v2\/product_brand?post=18790"},{"taxonomy":"product_cat","embeddable":true,"href":"https:\/\/defabrica.com.mx\/defabrica\/wp-json\/wp\/v2\/product_cat?post=18790"},{"taxonomy":"product_tag","embeddable":true,"href":"https:\/\/defabrica.com.mx\/defabrica\/wp-json\/wp\/v2\/product_tag?post=18790"}],"curies":[{"name":"wp","href":"https:\/\/api.w.org\/{rel}","templated":true}]}}