{"id":18721,"date":"2020-11-23T14:14:21","date_gmt":"2020-11-23T20:14:21","guid":{"rendered":"https:\/\/defabrica.com.mx\/defabrica\/?post_type=product&#038;p=18721"},"modified":"2022-12-01T11:50:30","modified_gmt":"2022-12-01T17:50:30","slug":"samsung-galaxy-tab-a7-10-4-wi-fi-32gb-gris","status":"publish","type":"product","link":"https:\/\/defabrica.com.mx\/defabrica\/producto\/samsung-galaxy-tab-a7-10-4-wi-fi-32gb-gris\/","title":{"rendered":"Tablet Samsung Galaxy Tab A7 &#8211; Android 10 &#8211; Qualcomm Snapdragon &#8211; 10.4&#8243; 64GB &#8211; 3GB RAM &#8211; USB Tipo C"},"content":{"rendered":"<div class=\"embedded-component-container lv\">\n<div>\n<div id=\"shop-product-description-f1aa3cf1-fc34-4e10-8455-2847b6311beb\" class=\"None\" data-version=\"1.3.2\">\n<div class=\"shop-product-description\">\n<section class=\"align-heading-left\" data-reactroot=\"\">\n<div class=\"long-description-container body-copy \">\n<div class=\"html-fragment\">\n<div>\n<div>Galaxy Tab A7 combina el dise\u00f1o delgado y liviano que necesita con la experiencia de entretenimiento envolvente que anhela.<\/div>\n<\/div>\n<\/div>\n<\/div>\n<\/section>\n<\/div>\n<\/div>\n<\/div>\n<\/div>\n<div class=\"embedded-component-container lv\"><\/div>\n<div><\/div>\n<div>\n<h3><\/h3>\n<h3><\/h3>\n<h3 class=\"heading-5 v-fw-regular feature-heading\"><strong>Caracter\u00edsticas<\/strong><\/h3>\n<div class=\"feature-body-container\">\n<div class=\"features-list-container\">\n<div class=\"features-list all-features\">\n<div class=\"list-row\">\n<ul>\n<li><strong>Hecho para entretener.<\/strong><br \/>\nTransmita y navegue en una pantalla ultra ancha de 10,4 pulgadas\u00b9 dise\u00f1ada para darle vida a su contenido sin agobiarlo. La c\u00e1mara frontal orientada al paisaje le permite realizar la transici\u00f3n entre el entretenimiento y las videollamadas sin problemas.<\/li>\n<li><strong>Gran sonido para un gran entretenimiento<\/strong><br \/>\nCon un sistema de cuatro altavoces mejorado que reproduce todo con sonido envolvente Dolby Atmos, siempre sentir\u00e1 que est\u00e1 escuchando desde la primera fila.<\/li>\n<li><strong>Entretenimiento premium, por nuestra cuenta<\/strong><br \/>\nCon la compra de Galaxy Tab A7, obtenga dos meses de YouTube Premium gratis\u00b2 y seis meses de Spotify Premium gratis.\u00b3<\/li>\n<li><strong>Haz m\u00e1s de lo que amas.<\/strong><br \/>\nLas potentes velocidades de procesamiento y la memoria mejorada\u2074 significan que puede hacer m\u00e1s y conservar m\u00e1s de las cosas que ama: aplicaciones, videos, listas de reproducci\u00f3n y m\u00e1s.<\/li>\n<li><strong>Bater\u00eda digna de un atrac\u00f3n<\/strong><br \/>\nLa bater\u00eda mejorada de Galaxy Tab A7\u2074 est\u00e1 dise\u00f1ada para los d\u00edas ocupados e incluye un puerto USB-C de carga r\u00e1pida que te permite volver r\u00e1pidamente al 100 por ciento.<\/li>\n<li><strong>Con\u00e9ctese a su Galaxy.<\/strong><br \/>\nLos dispositivos Samsung funcionan juntos para aumentar su tiempo de inactividad. Conectar su tableta con su Galaxy Watch3, por ejemplo, es tan f\u00e1cil como iniciar sesi\u00f3n en su cuenta Samsung.<\/li>\n<li><strong>Tus momentos, compartidos en un momento.<\/strong><br \/>\nCompartir contenido\u2075 puede ser r\u00e1pido y sencillo. Galaxy Tab A7 tiene la opci\u00f3n de conectarse a los dispositivos de los miembros de la familia para que pueda intercambiar f\u00e1cilmente fotos, recordatorios, notas y eventos del calendario.<\/li>\n<\/ul>\n<\/div>\n<\/div>\n<\/div>\n<\/div>\n<\/div>\n","protected":false},"excerpt":{"rendered":"<p>Galaxy Tab A7 combina el dise\u00f1o delgado y liviano que necesita con la experiencia de entretenimiento envolvente que anhela. Caracter\u00edsticas Hecho para entretener. Transmita y navegue en una pantalla ultra<\/p>\n","protected":false},"featured_media":62853,"comment_status":"open","ping_status":"closed","template":"","meta":{"_acf_changed":false,"_joinchat":[]},"product_brand":[],"product_cat":[1453,1472,408,409,257,410],"product_tag":[],"class_list":{"0":"post-18721","1":"product","2":"type-product","3":"status-publish","4":"has-post-thumbnail","6":"product_cat-black-friday","7":"product_cat-ofertas-primavera-tablets","8":"product_cat-celulares-y-tablets","9":"product_cat-tablets-y-ipad","10":"product_cat-samsung-galaxy","11":"product_cat-todas-las-tablets","13":"first","14":"instock","15":"sale","16":"shipping-taxable","17":"purchasable","18":"product-type-variable","19":"has-default-attributes"},"acf":[],"_links":{"self":[{"href":"https:\/\/defabrica.com.mx\/defabrica\/wp-json\/wp\/v2\/product\/18721","targetHints":{"allow":["GET"]}}],"collection":[{"href":"https:\/\/defabrica.com.mx\/defabrica\/wp-json\/wp\/v2\/product"}],"about":[{"href":"https:\/\/defabrica.com.mx\/defabrica\/wp-json\/wp\/v2\/types\/product"}],"replies":[{"embeddable":true,"href":"https:\/\/defabrica.com.mx\/defabrica\/wp-json\/wp\/v2\/comments?post=18721"}],"wp:featuredmedia":[{"embeddable":true,"href":"https:\/\/defabrica.com.mx\/defabrica\/wp-json\/wp\/v2\/media\/62853"}],"wp:attachment":[{"href":"https:\/\/defabrica.com.mx\/defabrica\/wp-json\/wp\/v2\/media?parent=18721"}],"wp:term":[{"taxonomy":"product_brand","embeddable":true,"href":"https:\/\/defabrica.com.mx\/defabrica\/wp-json\/wp\/v2\/product_brand?post=18721"},{"taxonomy":"product_cat","embeddable":true,"href":"https:\/\/defabrica.com.mx\/defabrica\/wp-json\/wp\/v2\/product_cat?post=18721"},{"taxonomy":"product_tag","embeddable":true,"href":"https:\/\/defabrica.com.mx\/defabrica\/wp-json\/wp\/v2\/product_tag?post=18721"}],"curies":[{"name":"wp","href":"https:\/\/api.w.org\/{rel}","templated":true}]}}