{"id":18277,"date":"2020-11-18T15:35:49","date_gmt":"2020-11-18T21:35:49","guid":{"rendered":"https:\/\/defabrica.com.mx\/defabrica\/?post_type=product&#038;p=18277"},"modified":"2025-10-10T11:34:54","modified_gmt":"2025-10-10T17:34:54","slug":"apple-iphone-12-5g-64gb-negro-sprint","status":"publish","type":"product","link":"https:\/\/defabrica.com.mx\/defabrica\/producto\/apple-iphone-12-5g-64gb-negro-sprint\/","title":{"rendered":"Apple &#8211; iPhone 12 5G"},"content":{"rendered":"<div class=\"embedded-component-container lv\">\n<div id=\"shop-product-description-5026a8e6-ffe4-42cf-8656-2f012f6fb878\" class=\"None\" data-version=\"1.3.0\">\n<div class=\"shop-product-description\">\n<section class=\"align-heading-left\" data-reactroot=\"\">\n<div class=\"long-description-container body-copy \">\n<div class=\"html-fragment\">\n<div>\n<div>\n<div class=\"embedded-component-container lv\">\n<div>\n<div id=\"shop-product-description-6478c7d7-0be9-4927-8cd8-02378d2b9786\" class=\"None\" data-version=\"1.3.2\">\n<div class=\"shop-product-description\">\n<section class=\"align-heading-left\" data-reactroot=\"\">\n<div class=\"long-description-container body-copy \">\n<div class=\"html-fragment\">\n<div>\n<div>iPhone 12. 5G para descargar pel\u00edculas sobre la marcha y transmitir videos de alta calidad.\u00b9 Pantalla Super Retina XDR de 6.1 pulgadas maravillosamente brillante.\u00b2 Ceramic Shield con 4 veces mejor rendimiento en ca\u00edda.\u00b3 Incre\u00edble fotograf\u00eda con poca luz con modo Noche en todas las c\u00e1maras.\u00a0Grabaci\u00f3n, edici\u00f3n y reproducci\u00f3n de video Dolby Vision de calidad cinematogr\u00e1fica.\u00a0Potente chip bi\u00f3nico A14.\u00a0Y nuevos accesorios MagSafe para una conexi\u00f3n f\u00e1cil y una carga inal\u00e1mbrica m\u00e1s r\u00e1pida. Que comience la diversi\u00f3n.<\/div>\n<\/div>\n<\/div>\n<\/div>\n<\/section>\n<\/div>\n<\/div>\n<\/div>\n<\/div>\n<div class=\"embedded-component-container lv\"><\/div>\n<\/div>\n<div><\/div>\n<\/div>\n<div><\/div>\n<\/div>\n<\/div>\n<\/section>\n<\/div>\n<\/div>\n<\/div>\n<div>\n<div class=\"embedded-component-container lv\">\n<div id=\"pricing-gift-with-purchase-d0a90607-51a5-4d94-9e66-1d4f0fdb8d10\" class=\"None\" data-version=\"1.2036.8\">\n<div class=\"pricing-gift-with-purchase\">\n<div data-reactroot=\"\">\n<div class=\"pricing-price\">\n<div class=\"pricing-price lv\">\n<div class=\"gifts-with-purchase-content\">\n<h3 class=\"heading-5 v-fw-regular feature-heading\"><strong>Caracteristicas<\/strong><\/h3>\n<div class=\"feature-body-container\">\n<div class=\"features-list-container\">\n<div class=\"features-list all-features\">\n<div class=\"list-row\">\n<div class=\"list-row\"><\/div>\n<div class=\"list-row\">\n<ul>\n<li>Pantalla Super Retina XDR de 6,1 pulgadas\u00b2<\/li>\n<li>Ceramic Shield, m\u00e1s resistente que el cristal de cualquier smartphone<\/li>\n<li>5G para descargas ultrarr\u00e1pidas y transmisi\u00f3n de alta calidad\u00b9<\/li>\n<li>Chip A14 Bionic, el chip m\u00e1s r\u00e1pido jam\u00e1s visto en un tel\u00e9fono inteligente<\/li>\n<li>Sistema avanzado de doble c\u00e1mara con c\u00e1maras Ultra Wide y Wide de 12MP; Modo nocturno, Deep Fusion, Smart HDR 3, grabaci\u00f3n 4K Dolby Vision HDR<\/li>\n<li>C\u00e1mara frontal TrueDepth de 12MP con modo nocturno, grabaci\u00f3n 4K Dolby Vision HDR<\/li>\n<li>Resistencia al agua IP68 l\u00edder en la industria\u2075<\/li>\n<li>Admite accesorios MagSafe para una conexi\u00f3n f\u00e1cil y una carga inal\u00e1mbrica m\u00e1s r\u00e1pida\u2074<\/li>\n<li>iOS 14 con widgets redise\u00f1ados en la pantalla de inicio, biblioteca de aplicaciones completamente nueva, clips de aplicaciones y m\u00e1s<\/li>\n<li>\u00b9 Se requiere plan de datos. 5G est\u00e1 disponible en mercados selectos y a trav\u00e9s de operadores selectos. Las velocidades var\u00edan seg\u00fan las condiciones del sitio y el operador. Para obtener detalles sobre la compatibilidad con 5G, comun\u00edquese con su operador y visite apple.com\/iphone\/cellular.<\/li>\n<li>\u00b2 La pantalla tiene esquinas redondeadas. Cuando se mide como un rect\u00e1ngulo, la pantalla mide 6,06 pulgadas en diagonal. El \u00e1rea visible real es menor.<\/li>\n<li>\u00b3 Afirmaci\u00f3n basada en el frontal Ceramic Shield del iPhone 12 en comparaci\u00f3n con el iPhone de la generaci\u00f3n anterior.<\/li>\n<li>\u2074 Los accesorios se venden por separado.<\/li>\n<li>\u2075 El iPhone 12 es resistente a las salpicaduras, al agua y al polvo y se prob\u00f3 en condiciones controladas de laboratorio con una clasificaci\u00f3n IP68 seg\u00fan la norma IEC 60529 (profundidad m\u00e1xima de 6 metros hasta 30 minutos). La resistencia a salpicaduras, agua y polvo no son condiciones permanentes.<\/li>\n<li>La resistencia puede disminuir como resultado del desgaste normal. No intente cargar un iPhone mojado; consulte la gu\u00eda del usuario para obtener instrucciones de limpieza y secado. Da\u00f1os por l\u00edquidos no cubiertos por la garant\u00eda.<\/li>\n<\/ul>\n<\/div>\n<div class=\"header-container header-lv\">\n<h3><\/h3>\n<h3><\/h3>\n<h3 class=\"heading-5 v-fw-regular\">Qu\u00e9 est\u00e1 incluido<\/h3>\n<\/div>\n<div class=\"list-container list-lv\">\n<ul class=\" bold\">\n<li class=\"bold v-fw-medium body-copy\">Apple iPhone 12 5G de 64 GB<\/li>\n<li class=\"bold v-fw-medium body-copy\">Cable USB-C a Lightning<\/li>\n<li class=\"bold v-fw-medium body-copy\">Documentaci\u00f3n<\/li>\n<\/ul>\n<\/div>\n<\/div>\n<\/div>\n<\/div>\n<\/div>\n<\/div>\n<\/div>\n<\/div>\n<\/div>\n<\/div>\n<\/div>\n<\/div>\n<\/div>\n<div id=\"gtx-trans\" style=\"position: absolute; left: 144px; top: 1551.03px;\">\n<div class=\"gtx-trans-icon\"><\/div>\n<\/div>\n","protected":false},"excerpt":{"rendered":"<p>iPhone 12. 5G para descargar pel\u00edculas sobre la marcha y transmitir videos de alta calidad.\u00b9 Pantalla Super Retina XDR de 6.1 pulgadas maravillosamente brillante.\u00b2 Ceramic Shield con 4 veces mejor<\/p>\n","protected":false},"featured_media":62898,"comment_status":"open","ping_status":"closed","template":"","meta":{"_acf_changed":false,"_joinchat":[]},"product_brand":[],"product_cat":[1475,408,265,266,276],"product_tag":[],"class_list":{"0":"post-18277","1":"product","2":"type-product","3":"status-publish","4":"has-post-thumbnail","6":"product_cat-ofertas-primavera-smartphones","7":"product_cat-celulares-y-tablets","8":"product_cat-celulares","9":"product_cat-apple","10":"product_cat-todos-los-celulares","12":"first","13":"instock","14":"sale","15":"shipping-taxable","16":"purchasable","17":"product-type-variable","18":"has-default-attributes"},"acf":[],"_links":{"self":[{"href":"https:\/\/defabrica.com.mx\/defabrica\/wp-json\/wp\/v2\/product\/18277","targetHints":{"allow":["GET"]}}],"collection":[{"href":"https:\/\/defabrica.com.mx\/defabrica\/wp-json\/wp\/v2\/product"}],"about":[{"href":"https:\/\/defabrica.com.mx\/defabrica\/wp-json\/wp\/v2\/types\/product"}],"replies":[{"embeddable":true,"href":"https:\/\/defabrica.com.mx\/defabrica\/wp-json\/wp\/v2\/comments?post=18277"}],"wp:featuredmedia":[{"embeddable":true,"href":"https:\/\/defabrica.com.mx\/defabrica\/wp-json\/wp\/v2\/media\/62898"}],"wp:attachment":[{"href":"https:\/\/defabrica.com.mx\/defabrica\/wp-json\/wp\/v2\/media?parent=18277"}],"wp:term":[{"taxonomy":"product_brand","embeddable":true,"href":"https:\/\/defabrica.com.mx\/defabrica\/wp-json\/wp\/v2\/product_brand?post=18277"},{"taxonomy":"product_cat","embeddable":true,"href":"https:\/\/defabrica.com.mx\/defabrica\/wp-json\/wp\/v2\/product_cat?post=18277"},{"taxonomy":"product_tag","embeddable":true,"href":"https:\/\/defabrica.com.mx\/defabrica\/wp-json\/wp\/v2\/product_tag?post=18277"}],"curies":[{"name":"wp","href":"https:\/\/api.w.org\/{rel}","templated":true}]}}