{"id":17651,"date":"2020-10-31T15:54:19","date_gmt":"2020-10-31T21:54:19","guid":{"rendered":"https:\/\/defabrica.com.mx\/defabrica\/?post_type=product&#038;p=17651"},"modified":"2023-01-13T12:50:01","modified_gmt":"2023-01-13T18:50:01","slug":"wd-nube-personal-my-cloud-home-4tb-blanco","status":"publish","type":"product","link":"https:\/\/defabrica.com.mx\/defabrica\/producto\/wd-nube-personal-my-cloud-home-4tb-blanco\/","title":{"rendered":"WD &#8211; Nube personal My Cloud Home 4TB &#8211; Blanco"},"content":{"rendered":"<div>\n<div>Trabaje con sus archivos mientras viaja a trav\u00e9s de este dispositivo de almacenamiento personal My Cloud Home.\u00a0Las aplicaciones m\u00f3viles, de escritorio y basadas en la web le permiten acceder a hasta 4 TB de archivos desde cualquier lugar con conexi\u00f3n a Internet.\u00a0Este dispositivo de almacenamiento personal My Cloud Home se conecta directamente a su enrutador Wi-Fi para un conveniente almacenamiento centralizado de archivos y copias de seguridad.<\/div>\n<\/div>\n<p>&nbsp;<\/p>\n<h3 class=\"heading-5 v-fw-regular feature-heading\">Caracter\u00edsticas<\/h3>\n<ul>\n<li><strong>Capacidad de almacenamiento de 4 TB<\/strong><br \/>\nProporciona un amplio espacio para almacenar documentos, fotos, m\u00fasica y m\u00e1s en un lugar central.<\/li>\n<li><strong>Puerto Giga<\/strong>bit Ethernet<br \/>\nProporciona una conexi\u00f3n a Internet de alta velocidad.<\/li>\n<li><strong>Puerto USB para importar fotos y videos desde dispositivos externos<\/strong><br \/>\nImporte r\u00e1pidamente fotos y videos de otros dispositivos esparcidos por su casa, como unidades flash USB y discos duros externos, utilizando el puerto USB en la parte posterior de My Cloud Home.<\/li>\n<li><strong>Acceso sobre la marcha con la aplicaci\u00f3n m\u00f3vil My Cloud Home, la aplicaci\u00f3n de escritorio o MyCloud.com<\/strong><br \/>\nLe permite acceder, cargar y compartir esas fotos y videos desde cualquier lugar con una conexi\u00f3n a Internet utilizando las aplicaciones My Cloud Home para dispositivos m\u00f3viles, computadoras de escritorio y web.<\/li>\n<li><strong>Compatible con Time Machine<\/strong><br \/>\nRealice una copia de seguridad de todo su sistema directamente en la unidad.<\/li>\n<li><strong>Compatible con Apple MacOS, PC, Android y Apple iOS<\/strong><br \/>\nPara opciones de instalaci\u00f3n flexibles.<\/li>\n<\/ul>\n<p>&nbsp;<\/p>\n<div class=\"header-container header-lv\">\n<h3 class=\"heading-5 v-fw-regular\">Qu\u00e9 est\u00e1 incluido<\/h3>\n<\/div>\n<div class=\"list-container list-lv\">\n<ul class=\" bold\">\n<li class=\"bold v-fw-medium body-copy\">adaptador de CA<\/li>\n<li class=\"bold v-fw-medium body-copy\">Cable de ethernet<\/li>\n<li class=\"bold v-fw-medium body-copy\">Almacenamiento en la nube personal<\/li>\n<li class=\"bold v-fw-medium body-copy\">Gu\u00eda de instalaci\u00f3n r\u00e1pida<\/li>\n<\/ul>\n<\/div>\n","protected":false},"excerpt":{"rendered":"<p>Trabaje con sus archivos mientras viaja a trav\u00e9s de este dispositivo de almacenamiento personal My Cloud Home.\u00a0Las aplicaciones m\u00f3viles, de escritorio y basadas en la web le permiten acceder a<\/p>\n","protected":false},"featured_media":17656,"comment_status":"open","ping_status":"closed","template":"","meta":{"_acf_changed":false,"_joinchat":[]},"product_brand":[],"product_cat":[240,395,396,403],"product_tag":[],"class_list":{"0":"post-17651","1":"product","2":"type-product","3":"status-publish","4":"has-post-thumbnail","6":"product_cat-computadoras","7":"product_cat-componentes","8":"product_cat-almacenamiento","9":"product_cat-todos-los-componentes","11":"first","12":"instock","13":"sale","14":"shipping-taxable","15":"purchasable","16":"product-type-simple"},"acf":[],"_links":{"self":[{"href":"https:\/\/defabrica.com.mx\/defabrica\/wp-json\/wp\/v2\/product\/17651","targetHints":{"allow":["GET"]}}],"collection":[{"href":"https:\/\/defabrica.com.mx\/defabrica\/wp-json\/wp\/v2\/product"}],"about":[{"href":"https:\/\/defabrica.com.mx\/defabrica\/wp-json\/wp\/v2\/types\/product"}],"replies":[{"embeddable":true,"href":"https:\/\/defabrica.com.mx\/defabrica\/wp-json\/wp\/v2\/comments?post=17651"}],"wp:featuredmedia":[{"embeddable":true,"href":"https:\/\/defabrica.com.mx\/defabrica\/wp-json\/wp\/v2\/media\/17656"}],"wp:attachment":[{"href":"https:\/\/defabrica.com.mx\/defabrica\/wp-json\/wp\/v2\/media?parent=17651"}],"wp:term":[{"taxonomy":"product_brand","embeddable":true,"href":"https:\/\/defabrica.com.mx\/defabrica\/wp-json\/wp\/v2\/product_brand?post=17651"},{"taxonomy":"product_cat","embeddable":true,"href":"https:\/\/defabrica.com.mx\/defabrica\/wp-json\/wp\/v2\/product_cat?post=17651"},{"taxonomy":"product_tag","embeddable":true,"href":"https:\/\/defabrica.com.mx\/defabrica\/wp-json\/wp\/v2\/product_tag?post=17651"}],"curies":[{"name":"wp","href":"https:\/\/api.w.org\/{rel}","templated":true}]}}