{"id":17570,"date":"2020-10-30T19:36:32","date_gmt":"2020-10-31T01:36:32","guid":{"rendered":"https:\/\/defabrica.com.mx\/defabrica\/?post_type=product&#038;p=17570"},"modified":"2023-01-13T12:48:36","modified_gmt":"2023-01-13T18:48:36","slug":"lacie-disco-duro-portatil-rugged-2tb-externo-usb-type-c-naranja-plateado","status":"publish","type":"product","link":"https:\/\/defabrica.com.mx\/defabrica\/producto\/lacie-disco-duro-portatil-rugged-2tb-externo-usb-type-c-naranja-plateado\/","title":{"rendered":"LaCie &#8211; Disco duro port\u00e1til Rugged 2TB externo USB Type-C &#8211; Naranja \/ Plateado"},"content":{"rendered":"<div>\n<div>Transporte archivos digitales de forma segura con esta unidad port\u00e1til LaCie Rugged de 2 TB.\u00a0Es resistente al aplastamiento y a ca\u00eddas de hasta 4 pies, y su interfaz USB 3.1 proporciona transferencias de archivos de alta velocidad hacia y desde dispositivos USB-C.\u00a0El cable USB-C a USB-A incluido de esta unidad port\u00e1til Rugged de LaCie permite la compatibilidad con versiones anteriores de computadoras USB 2.0 y 1.0.<\/div>\n<\/div>\n<p>&nbsp;<\/p>\n<h3 class=\"heading-5 v-fw-regular feature-heading\">Caracter\u00edsticas<\/h3>\n<ul>\n<li><strong>2 TB de capacidad de almacenamiento<\/strong><br \/>\nProporciona un amplio espacio para almacenar documentos, fotos, m\u00fasica y m\u00e1s.<\/li>\n<li><strong>Interfaz USB tipo C<\/strong><br \/>\nPermite una conectividad vers\u00e1til para facilitar su uso. Compatible con versiones anteriores con USB 2.0 para una conexi\u00f3n simple a su PC o computadora Mac.<\/li>\n<li><strong>Resistencia al acceso no autorizado<\/strong><br \/>\nAyude a mantener sus archivos seguros.<\/li>\n<li><strong>Dise\u00f1o resistente a ca\u00eddas, golpes y lluvia<\/strong><br \/>\nOfrece durabilidad resistente y rendimiento confiable para uso todo terreno.<\/li>\n<li><strong>Dise\u00f1o port\u00e1til alimentado por bus<\/strong><br \/>\nOfrece movilidad completa y le permite llevar sus datos sobre la marcha.<\/li>\n<li><strong>Compatible con PC y Mac<\/strong><br \/>\nPara usar con su computadora actual.<\/li>\n<li><strong>Plan de recuperaci\u00f3n de datos de rescate de 2 a\u00f1os incluido<\/strong><br \/>\nSeagate Rescue Plan proporciona la funci\u00f3n de servicio de recuperaci\u00f3n de datos para fallas del disco duro, virus, problemas de software y otros problemas que pueden causar la p\u00e9rdida de datos. *<\/li>\n<li>* <strong>Consulte<\/strong> los t\u00e9rminos y condiciones espec\u00edficos para obtener detalles y exclusiones de sus opciones de cobertura.<\/li>\n<li>Apple, el logotipo de Apple e iTunes son marcas comerciales de Apple Computer, Inc., registradas en EE. UU. Y otros pa\u00edses. iPod es una marca comercial de Apple Computer, Inc.<\/li>\n<\/ul>\n<p>&nbsp;<\/p>\n<h3>Qu\u00e9 est\u00e1 incluido<\/h3>\n<div class=\"list-container list-lv\">\n<ul class=\" bold\">\n<li class=\"bold v-fw-medium body-copy\">Disco duro port\u00e1til USB tipo C externo Rugged de 2 TB de LaCie<\/li>\n<li class=\"bold v-fw-medium body-copy\">Software<\/li>\n<li class=\"bold v-fw-medium body-copy\">Cable USB-C<\/li>\n<li class=\"bold v-fw-medium body-copy\">Cable USB-C a USB-A<\/li>\n<\/ul>\n<\/div>\n","protected":false},"excerpt":{"rendered":"<p>Transporte archivos digitales de forma segura con esta unidad port\u00e1til LaCie Rugged de 2 TB.\u00a0Es resistente al aplastamiento y a ca\u00eddas de hasta 4 pies, y su interfaz USB 3.1<\/p>\n","protected":false},"featured_media":17582,"comment_status":"open","ping_status":"closed","template":"","meta":{"_acf_changed":false,"_joinchat":[]},"product_brand":[],"product_cat":[240,395,396,403],"product_tag":[],"class_list":{"0":"post-17570","1":"product","2":"type-product","3":"status-publish","4":"has-post-thumbnail","6":"product_cat-computadoras","7":"product_cat-componentes","8":"product_cat-almacenamiento","9":"product_cat-todos-los-componentes","11":"first","12":"instock","13":"sale","14":"shipping-taxable","15":"purchasable","16":"product-type-simple"},"acf":[],"_links":{"self":[{"href":"https:\/\/defabrica.com.mx\/defabrica\/wp-json\/wp\/v2\/product\/17570","targetHints":{"allow":["GET"]}}],"collection":[{"href":"https:\/\/defabrica.com.mx\/defabrica\/wp-json\/wp\/v2\/product"}],"about":[{"href":"https:\/\/defabrica.com.mx\/defabrica\/wp-json\/wp\/v2\/types\/product"}],"replies":[{"embeddable":true,"href":"https:\/\/defabrica.com.mx\/defabrica\/wp-json\/wp\/v2\/comments?post=17570"}],"wp:featuredmedia":[{"embeddable":true,"href":"https:\/\/defabrica.com.mx\/defabrica\/wp-json\/wp\/v2\/media\/17582"}],"wp:attachment":[{"href":"https:\/\/defabrica.com.mx\/defabrica\/wp-json\/wp\/v2\/media?parent=17570"}],"wp:term":[{"taxonomy":"product_brand","embeddable":true,"href":"https:\/\/defabrica.com.mx\/defabrica\/wp-json\/wp\/v2\/product_brand?post=17570"},{"taxonomy":"product_cat","embeddable":true,"href":"https:\/\/defabrica.com.mx\/defabrica\/wp-json\/wp\/v2\/product_cat?post=17570"},{"taxonomy":"product_tag","embeddable":true,"href":"https:\/\/defabrica.com.mx\/defabrica\/wp-json\/wp\/v2\/product_tag?post=17570"}],"curies":[{"name":"wp","href":"https:\/\/api.w.org\/{rel}","templated":true}]}}