{"id":17514,"date":"2020-10-29T21:56:58","date_gmt":"2020-10-30T03:56:58","guid":{"rendered":"https:\/\/defabrica.com.mx\/defabrica\/?post_type=product&#038;p=17514"},"modified":"2023-01-13T12:48:06","modified_gmt":"2023-01-13T18:48:06","slug":"lacie-unidad-de-disco-duro-portatil-mobile-drive-de-2-tb-con-usb-3-1-de-2-a-generacion-externo-gris-espacial","status":"publish","type":"product","link":"https:\/\/defabrica.com.mx\/defabrica\/producto\/lacie-unidad-de-disco-duro-portatil-mobile-drive-de-2-tb-con-usb-3-1-de-2-a-generacion-externo-gris-espacial\/","title":{"rendered":"LaCie &#8211; Unidad de disco duro port\u00e1til Mobile Drive de 2 TB con USB 3.1 de 2.a generaci\u00f3n externo &#8211; Gris espacial"},"content":{"rendered":"<div>\n<div>Ampl\u00ede el espacio de almacenamiento de su ordenador con este disco duro m\u00f3vil LaCie gris espacial.\u00a0La capacidad de 2 TB ofrece un amplio espacio de almacenamiento para archivos multimedia, mientras que las velocidades de transferencia de datos de hasta 10 Gbps le permiten mover archivos voluminosos r\u00e1pidamente.\u00a0Este disco duro m\u00f3vil LaCie tiene un puerto USB tipo C reversible para compatibilidad con una amplia gama de dispositivos, y el perfil compacto aumenta la portabilidad.<\/div>\n<\/div>\n<div><\/div>\n<div>\n<h3><\/h3>\n<h3><\/h3>\n<h3><\/h3>\n<h3 class=\"heading-5 v-fw-regular feature-heading\">Caracter\u00edsticas<\/h3>\n<ul>\n<li><strong>Interfaz USB 3.1 Gen 2<\/strong><br \/>\nOfrece una conexi\u00f3n f\u00e1cil de usar a dispositivos. Compatible con versiones anteriores con USB 2.0 para una conexi\u00f3n simple a su computadora. Alimentado por USB.<\/li>\n<li><strong>Compatible con PC y Mac<\/strong><br \/>\nPara opciones de instalaci\u00f3n flexibles.<\/li>\n<li><strong>2 TB de capacidad de almacenamiento<\/strong><br \/>\nProporciona un amplio espacio para almacenar documentos, fotos, m\u00fasica y m\u00e1s.<\/li>\n<li><strong>Dise\u00f1o port\u00e1til<\/strong><br \/>\nLe permite llevar sus datos sobre la marcha.<\/li>\n<\/ul>\n<\/div>\n<p>&nbsp;<\/p>\n<div class=\"header-container header-lv\">\n<h3 class=\"heading-5 v-fw-regular\">Qu\u00e9 est\u00e1 incluido<\/h3>\n<\/div>\n<div class=\"list-container list-lv\">\n<div class=\"embedded-component-container lv\">\n<div>\n<div id=\"shop-whats-included-785a6d4a-d338-4efd-8d29-d28be8c6b7e5\" class=\"None\" data-version=\"2.1.2\">\n<div class=\"shop-whats-included\">\n<div class=\"whats-included accordion-container \" data-reactroot=\"\">\n<div class=\"list-container list-lv\">\n<ul class=\" bold\">\n<li class=\"bold v-fw-medium body-copy\">LaCie Mobile Drive STHG2000402 &#8211; disco duro<\/li>\n<li class=\"bold v-fw-medium body-copy\">Cable USB-C 3.1<\/li>\n<li class=\"bold v-fw-medium body-copy\">Cable USB-C a USB-A<\/li>\n<\/ul>\n<\/div>\n<\/div>\n<\/div>\n<\/div>\n<\/div>\n<\/div>\n<div class=\"embedded-component-container lv\">\n<div>\n<div id=\"shop-product-energy-ratings-554ce24b-f897-422e-b1ce-eeb7ec43b38d\" class=\"None\" data-version=\"1.3.3\">\n<div class=\"shop-product-energy-ratings\">\n<div data-reactroot=\"\"><\/div>\n<\/div>\n<\/div>\n<\/div>\n<\/div>\n<div class=\"embedded-component-container lv\"><\/div>\n<\/div>\n","protected":false},"excerpt":{"rendered":"<p>Ampl\u00ede el espacio de almacenamiento de su ordenador con este disco duro m\u00f3vil LaCie gris espacial.\u00a0La capacidad de 2 TB ofrece un amplio espacio de almacenamiento para archivos multimedia, mientras<\/p>\n","protected":false},"featured_media":17517,"comment_status":"open","ping_status":"closed","template":"","meta":{"_acf_changed":false,"_joinchat":[]},"product_brand":[],"product_cat":[240,395,396,403],"product_tag":[],"class_list":{"0":"post-17514","1":"product","2":"type-product","3":"status-publish","4":"has-post-thumbnail","6":"product_cat-computadoras","7":"product_cat-componentes","8":"product_cat-almacenamiento","9":"product_cat-todos-los-componentes","11":"first","12":"instock","13":"sale","14":"shipping-taxable","15":"purchasable","16":"product-type-simple"},"acf":[],"_links":{"self":[{"href":"https:\/\/defabrica.com.mx\/defabrica\/wp-json\/wp\/v2\/product\/17514","targetHints":{"allow":["GET"]}}],"collection":[{"href":"https:\/\/defabrica.com.mx\/defabrica\/wp-json\/wp\/v2\/product"}],"about":[{"href":"https:\/\/defabrica.com.mx\/defabrica\/wp-json\/wp\/v2\/types\/product"}],"replies":[{"embeddable":true,"href":"https:\/\/defabrica.com.mx\/defabrica\/wp-json\/wp\/v2\/comments?post=17514"}],"wp:featuredmedia":[{"embeddable":true,"href":"https:\/\/defabrica.com.mx\/defabrica\/wp-json\/wp\/v2\/media\/17517"}],"wp:attachment":[{"href":"https:\/\/defabrica.com.mx\/defabrica\/wp-json\/wp\/v2\/media?parent=17514"}],"wp:term":[{"taxonomy":"product_brand","embeddable":true,"href":"https:\/\/defabrica.com.mx\/defabrica\/wp-json\/wp\/v2\/product_brand?post=17514"},{"taxonomy":"product_cat","embeddable":true,"href":"https:\/\/defabrica.com.mx\/defabrica\/wp-json\/wp\/v2\/product_cat?post=17514"},{"taxonomy":"product_tag","embeddable":true,"href":"https:\/\/defabrica.com.mx\/defabrica\/wp-json\/wp\/v2\/product_tag?post=17514"}],"curies":[{"name":"wp","href":"https:\/\/api.w.org\/{rel}","templated":true}]}}