{"id":17415,"date":"2020-10-29T20:13:24","date_gmt":"2020-10-30T02:13:24","guid":{"rendered":"https:\/\/defabrica.com.mx\/defabrica\/?post_type=product&#038;p=17415"},"modified":"2022-07-18T14:32:07","modified_gmt":"2022-07-18T19:32:07","slug":"samsung-galaxy-watch-active2-golf-edition-40-mm-bt","status":"publish","type":"product","link":"https:\/\/defabrica.com.mx\/defabrica\/producto\/samsung-galaxy-watch-active2-golf-edition-40-mm-bt\/","title":{"rendered":"Samsung &#8211; Galaxy Watch Active2 Golf Edition 40 mm BT"},"content":{"rendered":"<div class=\"embedded-component-container lv\">\n<div>\n<div id=\"shop-product-description-20c9b982-7333-4ac2-a5d3-b71c167eff11\" class=\"None\" data-version=\"1.3.2\">\n<div class=\"shop-product-description\">\n<section class=\"align-heading-left\" data-reactroot=\"\">\n<div class=\"long-description-container body-copy \">\n<div class=\"html-fragment\">\n<div>\n<div>Mant\u00e9ngase conectado mientras disfruta de su deporte favorito con este reloj inteligente Samsung Galaxy Watch Active2 Golf Edition de 40 mm.\u00a0La aplicaci\u00f3n Smart Caddy precargada proporciona informaci\u00f3n sobre m\u00e1s de 40.000 campos de golf para ayudarle con la planificaci\u00f3n y la estrategia del juego, mientras que los sensores avanzados rastrean autom\u00e1ticamente el movimiento para diversas actividades f\u00edsicas.\u00a0Este reloj inteligente Samsung Galaxy Watch Active2 Golf Edition cuenta con monitorizaci\u00f3n de frecuencia card\u00edaca para obtener informaci\u00f3n adicional sobre sus objetivos de fitness.<\/div>\n<\/div>\n<\/div>\n<\/div>\n<\/section>\n<\/div>\n<\/div>\n<\/div>\n<\/div>\n<div class=\"embedded-component-container lv\"><\/div>\n<div><\/div>\n<div><\/div>\n<div>\n<h3><\/h3>\n<h3><\/h3>\n<h3 class=\"heading-5 v-fw-regular feature-heading\"><strong>Caracter\u00edsticas<\/strong><\/h3>\n<ul>\n<li><strong>Compatible con tel\u00e9fonos iPhone\u00ae y Android<\/strong><br \/>\nIncluyendo modelos con iOS 9 o posterior o Android 5.0 (Lollipop) o sistema operativo posterior para un uso m\u00e1s amplio.<\/li>\n<li><strong>SMS, aplicaciones sociales y notificaciones de llamadas entrantes<\/strong><br \/>\nMantenerlo actualizado sobre los acontecimientos del d\u00eda a d\u00eda.<\/li>\n<li><strong>Navegaci\u00f3n simple y efectos visuales claros<\/strong><br \/>\nPantalla t\u00e1ctil Super AMOLED de 1.2 \u00abcon resoluci\u00f3n de 360 \u200b\u200bx 360.<\/li>\n<li><strong>Dise\u00f1o resistente al agua<\/strong><br \/>\nAs\u00ed que no tiene que preocuparse si queda atrapado bajo la lluvia.<\/li>\n<li><strong>Conexi\u00f3n inal\u00e1mbrica a su dispositivo<\/strong><br \/>\nLa conectividad Bluetooth 5.0 y la tecnolog\u00eda NFC permiten un emparejamiento simple con un solo toque.<\/li>\n<li><strong>Pod\u00f3metro incorporado<\/strong><br \/>\nRealiza un seguimiento de las distancias de caminata y carrera para ayudarlo a mantenerse en forma.<\/li>\n<li><strong>Modo vibracion<\/strong><br \/>\nLe alerta en silencio sobre una variedad de notificaciones, como correos electr\u00f3nicos entrantes, llamadas y mensajes de texto, as\u00ed como los pr\u00f3ximos eventos del calendario.<\/li>\n<li><strong>Micr\u00f3fono<\/strong><br \/>\nHable por el reloj inteligente para utilizar aplicaciones que requieran sonido.<\/li>\n<li><strong>Apple<\/strong>, el logotipo de Apple e iTunes son marcas comerciales de Apple Computer, Inc., registradas en EE. UU. Y otros pa\u00edses. iPod es una marca comercial de Apple Computer, Inc.<\/li>\n<\/ul>\n<\/div>\n<p>&nbsp;<\/p>\n<h3>Qu\u00e9 est\u00e1 incluido<\/h3>\n<div class=\"list-container list-lv\">\n<div id=\"shop-overview-accordion-3127ea2b-fa94-4790-9a36-550a2cb101d4\" class=\"None\" data-version=\"1.3.0\">\n<div class=\"shop-overview-accordion\">\n<div class=\"overview-accordion-container show \" data-reactroot=\"\">\n<div class=\"c-accordion size-l\">\n<div id=\"overview-accordion-content\" class=\"c-show-hide \" aria-hidden=\"false\">\n<div class=\"c-accordion-content c-accordion-content-active c-accordion-content-complete\">\n<div class=\"overview-accordion-content-wrapper\">\n<div class=\"embedded-component-container lv\">\n<div>\n<div id=\"shop-whats-included-08c7b098-55f8-471e-83c3-22924a2e767e\" class=\"None\" data-version=\"2.1.2\">\n<div class=\"shop-whats-included\">\n<div class=\"whats-included accordion-container \" data-reactroot=\"\">\n<div class=\"list-container list-lv\">\n<ul class=\" bold\">\n<li class=\"bold v-fw-medium body-copy\">Galaxy Watch Active2 Golf Edition 40 mm BT<\/li>\n<\/ul>\n<\/div>\n<\/div>\n<\/div>\n<\/div>\n<\/div>\n<\/div>\n<div class=\"embedded-component-container lv\">\n<div>\n<div id=\"shop-product-energy-ratings-95998c9b-c84b-45f9-bcd0-fd4eda4b73d0\" class=\"None\" data-version=\"1.3.3\">\n<div class=\"shop-product-energy-ratings\">\n<div data-reactroot=\"\"><\/div>\n<\/div>\n<\/div>\n<\/div>\n<\/div>\n<div class=\"embedded-component-container lv\">\n<div><\/div>\n<\/div>\n<\/div>\n<\/div>\n<\/div>\n<\/div>\n<\/div>\n<\/div>\n<\/div>\n<div id=\"shop-specifications-9f81b1ea-b729-4f54-a5a6-619f229a05a6\" class=\"None\" data-version=\"2.3.6\">\n<div class=\"shop-specifications\">\n<section class=\"specs-container specs-wrapper all-specs-wrapper\" data-reactroot=\"\">\n<div class=\"specifications-accordion-wrapper \">\n<div class=\"c-accordion size-l\">\n<div role=\"heading\" aria-level=\"2\"><\/div>\n<\/div>\n<\/div>\n<\/section>\n<\/div>\n<\/div>\n<\/div>\n","protected":false},"excerpt":{"rendered":"<p>Mant\u00e9ngase conectado mientras disfruta de su deporte favorito con este reloj inteligente Samsung Galaxy Watch Active2 Golf Edition de 40 mm.\u00a0La aplicaci\u00f3n Smart Caddy precargada proporciona informaci\u00f3n sobre m\u00e1s de<\/p>\n","protected":false},"featured_media":17416,"comment_status":"open","ping_status":"closed","template":"","meta":{"_acf_changed":false,"_joinchat":[]},"product_brand":[],"product_cat":[1521,1042,305,307,312],"product_tag":[],"class_list":{"0":"post-17415","1":"product","2":"type-product","3":"status-publish","4":"has-post-thumbnail","6":"product_cat-ofertas-deportesfit","7":"product_cat-deportes-y-fitness","8":"product_cat-wearables","9":"product_cat-samsung-watch","10":"product_cat-ver-todo-wearables","12":"first","13":"instock","14":"sale","15":"shipping-taxable","16":"purchasable","17":"product-type-simple"},"acf":[],"_links":{"self":[{"href":"https:\/\/defabrica.com.mx\/defabrica\/wp-json\/wp\/v2\/product\/17415","targetHints":{"allow":["GET"]}}],"collection":[{"href":"https:\/\/defabrica.com.mx\/defabrica\/wp-json\/wp\/v2\/product"}],"about":[{"href":"https:\/\/defabrica.com.mx\/defabrica\/wp-json\/wp\/v2\/types\/product"}],"replies":[{"embeddable":true,"href":"https:\/\/defabrica.com.mx\/defabrica\/wp-json\/wp\/v2\/comments?post=17415"}],"wp:featuredmedia":[{"embeddable":true,"href":"https:\/\/defabrica.com.mx\/defabrica\/wp-json\/wp\/v2\/media\/17416"}],"wp:attachment":[{"href":"https:\/\/defabrica.com.mx\/defabrica\/wp-json\/wp\/v2\/media?parent=17415"}],"wp:term":[{"taxonomy":"product_brand","embeddable":true,"href":"https:\/\/defabrica.com.mx\/defabrica\/wp-json\/wp\/v2\/product_brand?post=17415"},{"taxonomy":"product_cat","embeddable":true,"href":"https:\/\/defabrica.com.mx\/defabrica\/wp-json\/wp\/v2\/product_cat?post=17415"},{"taxonomy":"product_tag","embeddable":true,"href":"https:\/\/defabrica.com.mx\/defabrica\/wp-json\/wp\/v2\/product_tag?post=17415"}],"curies":[{"name":"wp","href":"https:\/\/api.w.org\/{rel}","templated":true}]}}