{"id":17125,"date":"2020-10-26T15:17:54","date_gmt":"2020-10-26T21:17:54","guid":{"rendered":"https:\/\/defabrica.com.mx\/defabrica\/?post_type=product&#038;p=17125"},"modified":"2022-07-05T14:03:35","modified_gmt":"2022-07-05T19:03:35","slug":"tarjeta-de-memoria-sandisk-extreme-microsdxc-uhs-i-de-128-gb-con-adaptador-160-mb-s-u3-v30-4k-uhd-a2-tarjeta-micro-sd-sdsqxa1-128g-gn6ma","status":"publish","type":"product","link":"https:\/\/defabrica.com.mx\/defabrica\/producto\/tarjeta-de-memoria-sandisk-extreme-microsdxc-uhs-i-de-128-gb-con-adaptador-160-mb-s-u3-v30-4k-uhd-a2-tarjeta-micro-sd-sdsqxa1-128g-gn6ma\/","title":{"rendered":"Tarjeta de memoria SanDisk Extreme microSDXC UHS-I de 128 GB con adaptador &#8211; 160 MB \/ s, U3, V30, 4K UHD, A2, tarjeta Micro SD &#8211; SDSQXA1-128G-GN6MA"},"content":{"rendered":"<p>Obtenga velocidades extremas para transferencias r\u00e1pidas, rendimiento de aplicaciones y 4K UHD.\u00a0Ideal para su tel\u00e9fono inteligente Android, c\u00e1maras de acci\u00f3n o drones, esta tarjeta microSD de alto rendimiento realiza grabaci\u00f3n de video 4K UHD, video Full HD y fotos de alta resoluci\u00f3n.\u00a0La tarjeta de memoria s\u00faper r\u00e1pida SanDisk Extreme microSDXC lee hasta 160 MB \/ s * y escribe hasta 90 MB \/ s *.\u00a0Adem\u00e1s, tiene clasificaci\u00f3n A2, por lo que puede obtener un rendimiento r\u00e1pido de la aplicaci\u00f3n para una experiencia de tel\u00e9fono inteligente excepcional.\u00a0Se requiere un dispositivo compatible.<\/p>\n<ul>\n<li>Ideal para tel\u00e9fonos inteligentes y tabletas Android, c\u00e1maras de acci\u00f3n y drones<\/li>\n<li>Velocidades de lectura de hasta 160 MB \/ s y de escritura de 90 MB \/ s para disparos y transferencias r\u00e1pidas<\/li>\n<li>Compatible con 4K UHD con UHS Speed \u200b\u200bClass 3 (U3) y Video Speed \u200b\u200bClass 30 (V30)<\/li>\n<li>Calificaci\u00f3n A2 para una carga m\u00e1s r\u00e1pida y un rendimiento en la aplicaci\u00f3n.\u00a0El rendimiento A2 es 4000 IOPS de lectura, 2000 IOPS de escritura<\/li>\n<li>Construido y probado en condiciones dif\u00edciles;\u00a0resistente a la temperatura, al agua, a los golpes y a los rayos X<\/li>\n<\/ul>\n","protected":false},"excerpt":{"rendered":"<p>Obtenga velocidades extremas para transferencias r\u00e1pidas, rendimiento de aplicaciones y 4K UHD.\u00a0Ideal para su tel\u00e9fono inteligente Android, c\u00e1maras de acci\u00f3n o drones, esta tarjeta microSD de alto rendimiento realiza grabaci\u00f3n<\/p>\n","protected":false},"featured_media":17135,"comment_status":"open","ping_status":"closed","template":"","meta":{"_acf_changed":false,"_joinchat":[]},"product_brand":[],"product_cat":[442,450,451,456],"product_tag":[],"class_list":{"0":"post-17125","1":"product","2":"type-product","3":"status-publish","4":"has-post-thumbnail","6":"product_cat-camaras","7":"product_cat-accesorios-camaras","8":"product_cat-tarjetas-de-memoria","9":"product_cat-todos-los-accesorios-de-camaras","11":"first","12":"instock","13":"sale","14":"shipping-taxable","15":"purchasable","16":"product-type-variable","17":"has-default-attributes"},"acf":[],"_links":{"self":[{"href":"https:\/\/defabrica.com.mx\/defabrica\/wp-json\/wp\/v2\/product\/17125","targetHints":{"allow":["GET"]}}],"collection":[{"href":"https:\/\/defabrica.com.mx\/defabrica\/wp-json\/wp\/v2\/product"}],"about":[{"href":"https:\/\/defabrica.com.mx\/defabrica\/wp-json\/wp\/v2\/types\/product"}],"replies":[{"embeddable":true,"href":"https:\/\/defabrica.com.mx\/defabrica\/wp-json\/wp\/v2\/comments?post=17125"}],"wp:featuredmedia":[{"embeddable":true,"href":"https:\/\/defabrica.com.mx\/defabrica\/wp-json\/wp\/v2\/media\/17135"}],"wp:attachment":[{"href":"https:\/\/defabrica.com.mx\/defabrica\/wp-json\/wp\/v2\/media?parent=17125"}],"wp:term":[{"taxonomy":"product_brand","embeddable":true,"href":"https:\/\/defabrica.com.mx\/defabrica\/wp-json\/wp\/v2\/product_brand?post=17125"},{"taxonomy":"product_cat","embeddable":true,"href":"https:\/\/defabrica.com.mx\/defabrica\/wp-json\/wp\/v2\/product_cat?post=17125"},{"taxonomy":"product_tag","embeddable":true,"href":"https:\/\/defabrica.com.mx\/defabrica\/wp-json\/wp\/v2\/product_tag?post=17125"}],"curies":[{"name":"wp","href":"https:\/\/api.w.org\/{rel}","templated":true}]}}