{"id":17075,"date":"2020-10-26T14:33:03","date_gmt":"2020-10-26T20:33:03","guid":{"rendered":"https:\/\/defabrica.com.mx\/defabrica\/?post_type=product&#038;p=17075"},"modified":"2023-01-28T12:37:01","modified_gmt":"2023-01-28T18:37:01","slug":"camara-digital-puente-kodak-pixpro-az421-zoom-optico-de-16-mp-42x-hd720p-blanco","status":"publish","type":"product","link":"https:\/\/defabrica.com.mx\/defabrica\/producto\/camara-digital-puente-kodak-pixpro-az421-zoom-optico-de-16-mp-42x-hd720p-blanco\/","title":{"rendered":"C\u00e1mara digital puente KODAK PIXPRO AZ421 &#8211; Zoom \u00f3ptico de 16 MP 42X HD720p (blanco)"},"content":{"rendered":"<p>La pasi\u00f3n y el rendimiento van de la mano con nuestra c\u00e1mara digital KODAK PIXPRO AZ421 de la colecci\u00f3n Astro Zoom.\u00a0Un objetivo con zoom ultralargo de 42x con estabilizaci\u00f3n \u00f3ptica de imagen ofrece primeros planos, panor\u00e1micas o v\u00eddeos HD n\u00edtidos y claros de 16 megap\u00edxeles.\u00a0Escena autom\u00e1tica, seguimiento de objetos, funciones de posedici\u00f3n y una serie de configuraciones potentes pero f\u00e1ciles de usar hacen que la fotograf\u00eda sea f\u00e1cil, divertida y sin complicaciones.\u00a0C\u00e1maras digitales Kodak PIXPRO?\u00a0cuenta tu historia.<\/p>\n<p><strong>C\u00e1mara digital Kodak PIXPRO Astro Zoom AZ421:<\/strong><\/p>\n<ul>\n<li>Resoluci\u00f3n de 16 megap\u00edxeles con im\u00e1genes fijas y grabaciones de video de alta calidad<\/li>\n<li>Con grabaci\u00f3n de pel\u00edculas HD de 720p, tecnolog\u00eda de detecci\u00f3n de rostros, estabilizaci\u00f3n de imagen \u00f3ptica y detecci\u00f3n de parpadeo<\/li>\n<li>Lente con zoom Kodak de 4,3-180,6 mm con zoom \u00f3ptico 42x \/ zoom digital 4x<\/li>\n<li>Equivalente a un objetivo de 24-1008 mm en una c\u00e1mara anal\u00f3gica con AF \u00fanico, AF m\u00faltiple<\/li>\n<li>Pantalla LCD TFT de 3 \u00abcon funciones de edici\u00f3n de im\u00e1genes<\/li>\n<li>Con ajuste de brillo, interfaz gr\u00e1fica de usuario, pantalla LCD TFT a color<\/li>\n<li>Flash emergente incorporado con reducci\u00f3n de ojos rojos, flash de relleno y flash de sincronizaci\u00f3n lenta<\/li>\n<\/ul>\n<p><strong>Caracter\u00edsticas adicionales:<\/strong><\/p>\n<ul>\n<li>Memoria incorporada de 8 MB con 1 ranura para tarjeta de memoria SD \/ SDHC (tarjeta de memoria no incluida)<\/li>\n<li>Bater\u00eda de iones de litio recargable para hasta 200 disparos<\/li>\n<li>Modos ISO: Autom\u00e1tico, 3200, 1600, 800, 400, 200, 100<\/li>\n<li>Formatos de archivo compatibles: EXIF, JPEG, MOV<\/li>\n<li>4.44 \u00abx 3.21\u00bb x 3.32 \u00ab; 16 oz<\/li>\n<\/ul>\n<p><b>Compatibilidad y garant\u00eda:<\/b><\/p>\n<ul>\n<li>Compatible con PC o Mac<\/li>\n<li>Garant\u00eda limitada del fabricante de 1 a\u00f1o<\/li>\n<\/ul>\n<p><b>Qu\u00e9 hay en la caja:<\/b><\/p>\n<ul>\n<li>C\u00e1mara digital con zoom astron\u00f3mico KODAK PIXPRO AZ421<\/li>\n<li>Bater\u00eda de iones de litio recargable<\/li>\n<li>adaptador de CA<\/li>\n<li>cable USB<\/li>\n<li>Correa para el cuello<\/li>\n<li>Cubierta de la lente<\/li>\n<li>Gu\u00eda de inicio r\u00e1pido<\/li>\n<li>Tarjeta de garant\u00eda<\/li>\n<\/ul>\n","protected":false},"excerpt":{"rendered":"<p>La pasi\u00f3n y el rendimiento van de la mano con nuestra c\u00e1mara digital KODAK PIXPRO AZ421 de la colecci\u00f3n Astro Zoom.\u00a0Un objetivo con zoom ultralargo de 42x con estabilizaci\u00f3n \u00f3ptica<\/p>\n","protected":false},"featured_media":73392,"comment_status":"open","ping_status":"closed","template":"","meta":{"_acf_changed":false,"_joinchat":[]},"product_brand":[],"product_cat":[442,284,287,444],"product_tag":[],"class_list":{"0":"post-17075","1":"product","2":"type-product","3":"status-publish","4":"has-post-thumbnail","6":"product_cat-camaras","7":"product_cat-camaras-y-lentes","8":"product_cat-camaras-apunta-dispara","9":"product_cat-todas-las-camaras-y-lentes","11":"first","12":"instock","13":"sale","14":"shipping-taxable","15":"purchasable","16":"product-type-simple"},"acf":[],"_links":{"self":[{"href":"https:\/\/defabrica.com.mx\/defabrica\/wp-json\/wp\/v2\/product\/17075","targetHints":{"allow":["GET"]}}],"collection":[{"href":"https:\/\/defabrica.com.mx\/defabrica\/wp-json\/wp\/v2\/product"}],"about":[{"href":"https:\/\/defabrica.com.mx\/defabrica\/wp-json\/wp\/v2\/types\/product"}],"replies":[{"embeddable":true,"href":"https:\/\/defabrica.com.mx\/defabrica\/wp-json\/wp\/v2\/comments?post=17075"}],"wp:featuredmedia":[{"embeddable":true,"href":"https:\/\/defabrica.com.mx\/defabrica\/wp-json\/wp\/v2\/media\/73392"}],"wp:attachment":[{"href":"https:\/\/defabrica.com.mx\/defabrica\/wp-json\/wp\/v2\/media?parent=17075"}],"wp:term":[{"taxonomy":"product_brand","embeddable":true,"href":"https:\/\/defabrica.com.mx\/defabrica\/wp-json\/wp\/v2\/product_brand?post=17075"},{"taxonomy":"product_cat","embeddable":true,"href":"https:\/\/defabrica.com.mx\/defabrica\/wp-json\/wp\/v2\/product_cat?post=17075"},{"taxonomy":"product_tag","embeddable":true,"href":"https:\/\/defabrica.com.mx\/defabrica\/wp-json\/wp\/v2\/product_tag?post=17075"}],"curies":[{"name":"wp","href":"https:\/\/api.w.org\/{rel}","templated":true}]}}