{"id":17043,"date":"2020-10-26T11:37:14","date_gmt":"2020-10-26T17:37:14","guid":{"rendered":"https:\/\/defabrica.com.mx\/defabrica\/?post_type=product&#038;p=17043"},"modified":"2025-10-08T16:00:21","modified_gmt":"2025-10-08T22:00:21","slug":"camara-instantanea-fujifilm-instax-mini-7s-con-paquete-de-10-peliculas","status":"publish","type":"product","link":"https:\/\/defabrica.com.mx\/defabrica\/producto\/camara-instantanea-fujifilm-instax-mini-7s-con-paquete-de-10-peliculas\/","title":{"rendered":"C\u00e1mara instant\u00e1nea Fujifilm Instax Mini 7S (con paquete de 10 pel\u00edculas)"},"content":{"rendered":"<p>Captura recuerdos al instante con la c\u00e1mara instant\u00e1nea Fujifilm Instax Mini 7s.\u00a0Con su ajuste de control de exposici\u00f3n, esta c\u00e1mara es una c\u00e1mara instant\u00e1nea f\u00e1cil y divertida que sin duda se convertir\u00e1 en una de las favoritas de la familia.\u00a0El set incluye un paquete de pel\u00edcula con 10 exposiciones.\u00a0La pel\u00edcula del tama\u00f1o de una tarjeta de cr\u00e9dito facilita su almacenamiento o transporte en su bolso o billetera.\u00a0El marco blanco cl\u00e1sico es perfecto para agregar un mensaje especial a la imagen.\u00a0\u00daselo para hacer \u00e1lbumes de recortes, para capturar recuerdos en las despedidas de soltera o del beb\u00e9, o para poner en marcha su afici\u00f3n por la fotograf\u00eda.\u00a0Est\u00e1 disponible en una variedad de hermosos colores, por lo que puede elegir el que mejor se adapte a su est\u00e9tica.\u00a0Tome fotograf\u00edas impresionantes con la c\u00e1mara instant\u00e1nea Fujifilm Instax Mini 7s.<\/p>\n<div class=\"about-desc about-product-description xs-margin-top\">\n<p><b>C\u00e1mara instant\u00e1nea Fujifilm Instax Mini 7s (con paquete de 10 pel\u00edculas), Seafoam Green:<\/b><\/p>\n<ul>\n<li>Ajuste del control de exposici\u00f3n<\/li>\n<li>Incluye un paquete de pel\u00edcula con 10 exposiciones.<\/li>\n<li>La pel\u00edcula del tama\u00f1o de una tarjeta de cr\u00e9dito facilita su almacenamiento o transporte en su bolso o billetera<\/li>\n<li>Los marcos blancos cl\u00e1sicos son perfectos para escribir mensajes<\/li>\n<li>\u00daselo para \u00e1lbumes de recortes, para capturar recuerdos en baby shower o despedidas de soltera, o para poner en marcha su afici\u00f3n por la fotograf\u00eda<\/li>\n<\/ul>\n<\/div>\n<div class=\"product-specifications\"><\/div>\n","protected":false},"excerpt":{"rendered":"<p>Captura recuerdos al instante con la c\u00e1mara instant\u00e1nea Fujifilm Instax Mini 7s.\u00a0Con su ajuste de control de exposici\u00f3n, esta c\u00e1mara es una c\u00e1mara instant\u00e1nea f\u00e1cil y divertida que sin duda<\/p>\n","protected":false},"featured_media":18518,"comment_status":"open","ping_status":"closed","template":"","meta":{"_acf_changed":false,"_joinchat":[]},"product_brand":[],"product_cat":[442,284,289,444],"product_tag":[],"class_list":{"0":"post-17043","1":"product","2":"type-product","3":"status-publish","4":"has-post-thumbnail","6":"product_cat-camaras","7":"product_cat-camaras-y-lentes","8":"product_cat-camaras-instantaneas","9":"product_cat-todas-las-camaras-y-lentes","11":"first","12":"instock","13":"sale","14":"shipping-taxable","15":"purchasable","16":"product-type-simple"},"acf":[],"_links":{"self":[{"href":"https:\/\/defabrica.com.mx\/defabrica\/wp-json\/wp\/v2\/product\/17043","targetHints":{"allow":["GET"]}}],"collection":[{"href":"https:\/\/defabrica.com.mx\/defabrica\/wp-json\/wp\/v2\/product"}],"about":[{"href":"https:\/\/defabrica.com.mx\/defabrica\/wp-json\/wp\/v2\/types\/product"}],"replies":[{"embeddable":true,"href":"https:\/\/defabrica.com.mx\/defabrica\/wp-json\/wp\/v2\/comments?post=17043"}],"wp:featuredmedia":[{"embeddable":true,"href":"https:\/\/defabrica.com.mx\/defabrica\/wp-json\/wp\/v2\/media\/18518"}],"wp:attachment":[{"href":"https:\/\/defabrica.com.mx\/defabrica\/wp-json\/wp\/v2\/media?parent=17043"}],"wp:term":[{"taxonomy":"product_brand","embeddable":true,"href":"https:\/\/defabrica.com.mx\/defabrica\/wp-json\/wp\/v2\/product_brand?post=17043"},{"taxonomy":"product_cat","embeddable":true,"href":"https:\/\/defabrica.com.mx\/defabrica\/wp-json\/wp\/v2\/product_cat?post=17043"},{"taxonomy":"product_tag","embeddable":true,"href":"https:\/\/defabrica.com.mx\/defabrica\/wp-json\/wp\/v2\/product_tag?post=17043"}],"curies":[{"name":"wp","href":"https:\/\/api.w.org\/{rel}","templated":true}]}}