{"id":17031,"date":"2020-10-26T11:22:25","date_gmt":"2020-10-26T17:22:25","guid":{"rendered":"https:\/\/defabrica.com.mx\/defabrica\/?post_type=product&#038;p=17031"},"modified":"2023-01-13T14:38:46","modified_gmt":"2023-01-13T20:38:46","slug":"fujifilm-camara-de-pelicula-instantanea-instax-mini-11-azul-cielo","status":"publish","type":"product","link":"https:\/\/defabrica.com.mx\/defabrica\/producto\/fujifilm-camara-de-pelicula-instantanea-instax-mini-11-azul-cielo\/","title":{"rendered":"Fujifilm &#8211; c\u00e1mara de pel\u00edcula instant\u00e1nea instax mini 11 &#8211; azul cielo"},"content":{"rendered":"<div class=\"embedded-component-container lv\">\n<div>\n<div id=\"shop-product-description-effd34eb-2aea-4814-8fd7-ae1f4310ec4b\" class=\"None\" data-version=\"1.3.2\">\n<div class=\"shop-product-description\">\n<section class=\"align-heading-left\" data-reactroot=\"\">\n<div class=\"long-description-container body-copy \">\n<div class=\"html-fragment\">\n<div>\n<div>Capture excelentes fotograf\u00edas con esta c\u00e1mara instant\u00e1nea Fujifilm instax mini 11 azul cielo. La tecnolog\u00eda de exposici\u00f3n autom\u00e1tica se ajusta a la luz ambiental para obtener tomas n\u00edtidas, y un espejo para selfies incorporado junto con una funci\u00f3n de modo macro te ayudan a tomar hermosas fotos de ti mismo. Esta c\u00e1mara instant\u00e1nea Fujifilm azul cielo instax mini 11 incluye dos accesorios de bot\u00f3n del obturador para personalizarla.<\/div>\n<\/div>\n<\/div>\n<\/div>\n<\/section>\n<\/div>\n<\/div>\n<\/div>\n<\/div>\n<h3 class=\"heading-5 v-fw-regular feature-heading\"><strong>Caracter\u00edsticas<\/strong><\/h3>\n<ul>\n<li><strong>Exposici\u00f3n autom\u00e1tica<\/strong><br \/>\nCuenta con una velocidad de obturaci\u00f3n \u00f3ptima para cualquier iluminaci\u00f3n sin ajustar el dial.<\/li>\n<li><strong>Alimentado por dos pilas AA<\/strong><br \/>\nEstas bater\u00edas son baratas y est\u00e1n disponibles en cualquier parte del mundo.<\/li>\n<li><strong>Compatible con la mini pel\u00edcula Fujifilm instax<\/strong><br \/>\nLas im\u00e1genes se desarrollan en aproximadamente 90 segundos.<\/li>\n<li><strong>Modo selfie de un toque<\/strong><br \/>\nEsta c\u00e1mara tiene un modo macro incorporado y un espejo para selfies para una selfie perfecta.<\/li>\n<li><strong>Logotipo de instax grabado<\/strong><br \/>\nEs una valiosa adici\u00f3n al elegante dise\u00f1o de la c\u00e1mara.<\/li>\n<li><strong>Dos accesorios de bot\u00f3n del obturador<\/strong><br \/>\nPersonaliza tu c\u00e1mara con cubiertas de botones que brillan en la oscuridad y con forma de joya.<\/li>\n<\/ul>\n<p>&nbsp;<\/p>\n<h3>Qu\u00e9 est\u00e1 incluido<\/h3>\n<div class=\"list-container list-lv\">\n<div class=\"embedded-component-container lv\">\n<div>\n<div id=\"shop-whats-included-bbd9e485-a1e8-49e8-97fe-c67deb1b2eb9\" class=\"None\" data-version=\"2.1.2\">\n<div class=\"shop-whats-included\">\n<div class=\"whats-included accordion-container \" data-reactroot=\"\">\n<div class=\"list-container list-lv\">\n<ul class=\" bold\">\n<li class=\"bold v-fw-medium body-copy\">C\u00e1mara de pel\u00edcula instant\u00e1nea Fujifilm instax mini 11<\/li>\n<li class=\"bold v-fw-medium body-copy\">Dos pilas AA<\/li>\n<li class=\"bold v-fw-medium body-copy\">Dos accesorios de bot\u00f3n del obturador<\/li>\n<li class=\"bold v-fw-medium body-copy\">Correa para la mu\u00f1eca<\/li>\n<\/ul>\n<\/div>\n<\/div>\n<\/div>\n<\/div>\n<\/div>\n<\/div>\n<div class=\"embedded-component-container lv\">\n<div>\n<div id=\"shop-product-energy-ratings-eccca7f5-ad06-4260-a6d2-a18afe2d1e92\" class=\"None\" data-version=\"1.3.3\">\n<div class=\"shop-product-energy-ratings\">\n<div data-reactroot=\"\"><\/div>\n<\/div>\n<\/div>\n<\/div>\n<\/div>\n<div class=\"embedded-component-container lv\"><\/div>\n<\/div>\n","protected":false},"excerpt":{"rendered":"<p>Capture excelentes fotograf\u00edas con esta c\u00e1mara instant\u00e1nea Fujifilm instax mini 11 azul cielo. La tecnolog\u00eda de exposici\u00f3n autom\u00e1tica se ajusta a la luz ambiental para obtener tomas n\u00edtidas, y un<\/p>\n","protected":false},"featured_media":17037,"comment_status":"open","ping_status":"closed","template":"","meta":{"_acf_changed":false,"_joinchat":[]},"product_brand":[],"product_cat":[442,284,289,444],"product_tag":[],"class_list":{"0":"post-17031","1":"product","2":"type-product","3":"status-publish","4":"has-post-thumbnail","6":"product_cat-camaras","7":"product_cat-camaras-y-lentes","8":"product_cat-camaras-instantaneas","9":"product_cat-todas-las-camaras-y-lentes","11":"first","12":"instock","13":"sale","14":"shipping-taxable","15":"purchasable","16":"product-type-variable","17":"has-default-attributes"},"acf":[],"_links":{"self":[{"href":"https:\/\/defabrica.com.mx\/defabrica\/wp-json\/wp\/v2\/product\/17031","targetHints":{"allow":["GET"]}}],"collection":[{"href":"https:\/\/defabrica.com.mx\/defabrica\/wp-json\/wp\/v2\/product"}],"about":[{"href":"https:\/\/defabrica.com.mx\/defabrica\/wp-json\/wp\/v2\/types\/product"}],"replies":[{"embeddable":true,"href":"https:\/\/defabrica.com.mx\/defabrica\/wp-json\/wp\/v2\/comments?post=17031"}],"wp:featuredmedia":[{"embeddable":true,"href":"https:\/\/defabrica.com.mx\/defabrica\/wp-json\/wp\/v2\/media\/17037"}],"wp:attachment":[{"href":"https:\/\/defabrica.com.mx\/defabrica\/wp-json\/wp\/v2\/media?parent=17031"}],"wp:term":[{"taxonomy":"product_brand","embeddable":true,"href":"https:\/\/defabrica.com.mx\/defabrica\/wp-json\/wp\/v2\/product_brand?post=17031"},{"taxonomy":"product_cat","embeddable":true,"href":"https:\/\/defabrica.com.mx\/defabrica\/wp-json\/wp\/v2\/product_cat?post=17031"},{"taxonomy":"product_tag","embeddable":true,"href":"https:\/\/defabrica.com.mx\/defabrica\/wp-json\/wp\/v2\/product_tag?post=17031"}],"curies":[{"name":"wp","href":"https:\/\/api.w.org\/{rel}","templated":true}]}}