{"id":16913,"date":"2020-10-25T23:09:05","date_gmt":"2020-10-26T05:09:05","guid":{"rendered":"https:\/\/defabrica.com.mx\/defabrica\/?post_type=product&#038;p=16913"},"modified":"2023-01-28T11:27:47","modified_gmt":"2023-01-28T17:27:47","slug":"mando-inalambrico-mejorado-powera-para-nintendo-switch-mario-silhouette","status":"publish","type":"product","link":"https:\/\/defabrica.com.mx\/defabrica\/producto\/mando-inalambrico-mejorado-powera-para-nintendo-switch-mario-silhouette\/","title":{"rendered":"Mando inal\u00e1mbrico mejorado PowerA para Nintendo Switch &#8211; Mario Silhouette"},"content":{"rendered":"<p>Juega tus juegos favoritos de Nintendo Switch * como un profesional con este controlador inal\u00e1mbrico mejorado PowerA con licencia oficial que presenta el ic\u00f3nico dise\u00f1o de la silueta de Mario en rojo.<\/p>\n<ul>\n<li>El controlador rojo y negro presenta el ic\u00f3nico dise\u00f1o de la silueta de Mario<\/li>\n<li>Libertad inal\u00e1mbrica con Bluetooth 5.0<\/li>\n<li>Cuenta con controles de movimiento y botones de juego avanzados asignables<\/li>\n<li>Dise\u00f1o ergon\u00f3mico con dise\u00f1o de botones est\u00e1ndar *<\/li>\n<li>LED para n\u00famero de jugador, asignaci\u00f3n de botones y advertencia de bater\u00eda baja<\/li>\n<li>Incluye dos bater\u00edas AA para hasta 30 horas de juego **<\/li>\n<li>Con licencia oficial de Nintendo<\/li>\n<li>Garant\u00eda limitada de dos a\u00f1os: visite PowerA.com\/Support<\/li>\n<\/ul>\n","protected":false},"excerpt":{"rendered":"<p>Juega tus juegos favoritos de Nintendo Switch * como un profesional con este controlador inal\u00e1mbrico mejorado PowerA con licencia oficial que presenta el ic\u00f3nico dise\u00f1o de la silueta de Mario<\/p>\n","protected":false},"featured_media":16950,"comment_status":"open","ping_status":"closed","template":"","meta":{"_acf_changed":false,"_joinchat":[]},"product_brand":[],"product_cat":[277,282,439,437,441],"product_tag":[],"class_list":{"0":"post-16913","1":"product","2":"type-product","3":"status-publish","4":"has-post-thumbnail","6":"product_cat-zona-gamer","7":"product_cat-accesorios-gamers","8":"product_cat-accesorios-nintendo-switch","9":"product_cat-controles-gamer","10":"product_cat-todos-los-accesorios-gamer","12":"first","13":"instock","14":"sale","15":"shipping-taxable","16":"purchasable","17":"product-type-variable","18":"has-default-attributes"},"acf":[],"_links":{"self":[{"href":"https:\/\/defabrica.com.mx\/defabrica\/wp-json\/wp\/v2\/product\/16913","targetHints":{"allow":["GET"]}}],"collection":[{"href":"https:\/\/defabrica.com.mx\/defabrica\/wp-json\/wp\/v2\/product"}],"about":[{"href":"https:\/\/defabrica.com.mx\/defabrica\/wp-json\/wp\/v2\/types\/product"}],"replies":[{"embeddable":true,"href":"https:\/\/defabrica.com.mx\/defabrica\/wp-json\/wp\/v2\/comments?post=16913"}],"wp:featuredmedia":[{"embeddable":true,"href":"https:\/\/defabrica.com.mx\/defabrica\/wp-json\/wp\/v2\/media\/16950"}],"wp:attachment":[{"href":"https:\/\/defabrica.com.mx\/defabrica\/wp-json\/wp\/v2\/media?parent=16913"}],"wp:term":[{"taxonomy":"product_brand","embeddable":true,"href":"https:\/\/defabrica.com.mx\/defabrica\/wp-json\/wp\/v2\/product_brand?post=16913"},{"taxonomy":"product_cat","embeddable":true,"href":"https:\/\/defabrica.com.mx\/defabrica\/wp-json\/wp\/v2\/product_cat?post=16913"},{"taxonomy":"product_tag","embeddable":true,"href":"https:\/\/defabrica.com.mx\/defabrica\/wp-json\/wp\/v2\/product_tag?post=16913"}],"curies":[{"name":"wp","href":"https:\/\/api.w.org\/{rel}","templated":true}]}}