{"id":16736,"date":"2020-10-25T21:18:08","date_gmt":"2020-10-26T03:18:08","guid":{"rendered":"https:\/\/defabrica.com.mx\/defabrica\/?post_type=product&#038;p=16736"},"modified":"2023-01-28T11:24:48","modified_gmt":"2023-01-28T17:24:48","slug":"auriculares-para-juegos-con-microfono-para-ps4-pc-xbox-one-eeekit-auriculares-para-colocar-sobre-la-oreja-con-cancelacion-de-ruido-y-sonido-envolvente-con-almohadillas-para-los-oidos-con-memoria-bl","status":"publish","type":"product","link":"https:\/\/defabrica.com.mx\/defabrica\/producto\/auriculares-para-juegos-con-microfono-para-ps4-pc-xbox-one-eeekit-auriculares-para-colocar-sobre-la-oreja-con-cancelacion-de-ruido-y-sonido-envolvente-con-almohadillas-para-los-oidos-con-memoria-bl\/","title":{"rendered":"Auriculares para juegos con micr\u00f3fono para PS4, PC, Xbox One, EEEKit Auriculares para colocar sobre la oreja con cancelaci\u00f3n de ruido y sonido envolvente con almohadillas para los o\u00eddos con memoria blanda compatibles con computadoras port\u00e1tiles, tabletas, tel\u00e9fonos m\u00f3viles"},"content":{"rendered":"<p><strong>Caracter\u00edsticas del producto:<\/strong><\/p>\n<ul>\n<li>Modelo compatible: para PS4, PC, tel\u00e9fono celular, computadoras, consolas de juegos, tel\u00e9fonos m\u00f3viles, controlador de juegos, el juego puede acceder a comentarios de audio y fiestas.<\/li>\n<li>Conversaci\u00f3n clara, que proporciona un ocultamiento pasivo del ruido.\u00a0Con\u00e9ctelo a su dispositivo, acceda a la biblioteca de m\u00fasica y podr\u00e1 disfrutar de graves potentes de alta fidelidad, m\u00fasica n\u00edtida y clara todo el d\u00eda.<\/li>\n<li>Las orejeras de cuero suaves y c\u00f3modas y el dise\u00f1o ergon\u00f3mico hacen que los auriculares se ajusten durante mucho tiempo, el ajuste ce\u00f1ido podr\u00eda ayudar a reducir algo de ruido, pero no al 100%.\u00a0Se puede usar como regalo para familiares y amigos.<\/li>\n<li>La diadema acolchada totalmente ajustable garantiza un ajuste perfecto con diferentes tama\u00f1os de cabeza (adecuado tanto para adultos como para ni\u00f1os) y comodidad de uso en juegos de larga duraci\u00f3n.<\/li>\n<li>El micr\u00f3fono para juegos largo y flexible es muy sensible y duradero, silenciado con una tecla, control de volumen.\u00a0El selector de volumen y el interruptor de silencio est\u00e1n al alcance de la mano para realizar ajustes de audio r\u00e1pidos.<\/li>\n<li>COMPATIBILIDAD MULTIPLATAFORMA CON ENCHUFE DE 3. 5 mm: Para brindar a los jugadores una rica experiencia de juego, los auriculares con cable para juegos con un conector de audio de 3. 5 mm son compatibles con PS4, PS3, Xbox One, PC, computadora port\u00e1til, tel\u00e9fono m\u00f3vil, etc.<\/li>\n<li><b>Nota: este auricular solo es apto para el controlador Xbox One con micr\u00f3fono de 3,5 mm en la carcasa trasera.\u00a0El controlador Xbox one sin micr\u00f3fono de 3,5 mm en la carcasa trasera necesita el adaptador de auriculares est\u00e9reo para conectarse.<\/b><\/li>\n<li><b>SERVICIO POST-VENTA PROFESIONAL:<\/b>\u00a0Los auriculares para juegos pasar\u00e1n por un estricto proceso de prueba antes de enviarlos.\u00a0Prometimos llevar los mejores auriculares para juegos a nuestro cliente.\u00a0El derecho de todo cliente es el respeto total en nuestra tienda.\u00a0No dude en contactarnos si tiene alguna solicitud, resolveremos su problema dentro de las 24 horas.<\/li>\n<\/ul>\n<p><strong>Especificaciones del producto:\u00a0<\/strong><\/p>\n<ul>\n<li>Tipo de uso: diadema<\/li>\n<li>Funci\u00f3n: micr\u00f3fono, control de voz<\/li>\n<li>Conectividad: Cableado: Aplicaci\u00f3n: Computadora<\/li>\n<li>Longitud del cable: 3,9 pies \/ 1,2 m: Unidad de controlador: 40 mm<\/li>\n<li>Canal de sonido: dos canales (est\u00e9reo): respuesta de frecuencia: 20-20000Hz<\/li>\n<li>Impedancia: 32 ohmios: Sensibilidad: 42 +\/- 3dB<\/li>\n<li>Voltaje de funcionamiento: DC 5 V<\/li>\n<\/ul>\n<p><b>El paquete incluye:\u00a0<\/b><\/p>\n<p>1 x auriculares est\u00e9reo para juegos<\/p>\n","protected":false},"excerpt":{"rendered":"<p>Caracter\u00edsticas del producto: Modelo compatible: para PS4, PC, tel\u00e9fono celular, computadoras, consolas de juegos, tel\u00e9fonos m\u00f3viles, controlador de juegos, el juego puede acceder a comentarios de audio y fiestas. Conversaci\u00f3n<\/p>\n","protected":false},"featured_media":16753,"comment_status":"open","ping_status":"closed","template":"","meta":{"_acf_changed":false,"_joinchat":[]},"product_brand":[],"product_cat":[300,304,277,282,436,441],"product_tag":[],"class_list":{"0":"post-16736","1":"product","2":"type-product","3":"status-publish","4":"has-post-thumbnail","6":"product_cat-audifonos","7":"product_cat-inalambricos","8":"product_cat-zona-gamer","9":"product_cat-accesorios-gamers","10":"product_cat-audifonos-gamer","11":"product_cat-todos-los-accesorios-gamer","13":"first","14":"instock","15":"sale","16":"shipping-taxable","17":"purchasable","18":"product-type-variable","19":"has-default-attributes"},"acf":[],"_links":{"self":[{"href":"https:\/\/defabrica.com.mx\/defabrica\/wp-json\/wp\/v2\/product\/16736","targetHints":{"allow":["GET"]}}],"collection":[{"href":"https:\/\/defabrica.com.mx\/defabrica\/wp-json\/wp\/v2\/product"}],"about":[{"href":"https:\/\/defabrica.com.mx\/defabrica\/wp-json\/wp\/v2\/types\/product"}],"replies":[{"embeddable":true,"href":"https:\/\/defabrica.com.mx\/defabrica\/wp-json\/wp\/v2\/comments?post=16736"}],"wp:featuredmedia":[{"embeddable":true,"href":"https:\/\/defabrica.com.mx\/defabrica\/wp-json\/wp\/v2\/media\/16753"}],"wp:attachment":[{"href":"https:\/\/defabrica.com.mx\/defabrica\/wp-json\/wp\/v2\/media?parent=16736"}],"wp:term":[{"taxonomy":"product_brand","embeddable":true,"href":"https:\/\/defabrica.com.mx\/defabrica\/wp-json\/wp\/v2\/product_brand?post=16736"},{"taxonomy":"product_cat","embeddable":true,"href":"https:\/\/defabrica.com.mx\/defabrica\/wp-json\/wp\/v2\/product_cat?post=16736"},{"taxonomy":"product_tag","embeddable":true,"href":"https:\/\/defabrica.com.mx\/defabrica\/wp-json\/wp\/v2\/product_tag?post=16736"}],"curies":[{"name":"wp","href":"https:\/\/api.w.org\/{rel}","templated":true}]}}