{"id":16712,"date":"2020-10-25T21:08:02","date_gmt":"2020-10-26T03:08:02","guid":{"rendered":"https:\/\/defabrica.com.mx\/defabrica\/?post_type=product&#038;p=16712"},"modified":"2023-01-13T13:37:16","modified_gmt":"2023-01-13T19:37:16","slug":"turtle-beach-turtle-beach-recon-70-auriculares-estereo-con-cable-para-juegos-para-ps4-pro-ps4-y-ps5-negro-azul","status":"publish","type":"product","link":"https:\/\/defabrica.com.mx\/defabrica\/producto\/turtle-beach-turtle-beach-recon-70-auriculares-estereo-con-cable-para-juegos-para-ps4-pro-ps4-y-ps5-negro-azul\/","title":{"rendered":"Turtle Beach &#8211; Turtle Beach\u00ae Recon 70 Auriculares est\u00e9reo con cable para juegos para PS4 \u2122 Pro, PS4 \u2122 y PS5 \u2122 &#8211; Negro \/ Azul"},"content":{"rendered":"<div class=\"embedded-component-container lv\">\n<div>\n<div id=\"shop-product-description-7826b4c5-161f-4aec-9cad-11515ba61244\" class=\"None\" data-version=\"1.3.2\">\n<div class=\"shop-product-description\">\n<section class=\"align-heading-left\" data-reactroot=\"\">\n<div class=\"long-description-container body-copy \">\n<div class=\"html-fragment\">\n<div>\n<div>Construido para tu pr\u00f3xima victoria, tu \u00faltimo logro y mucho m\u00e1s con los auriculares para juegos Turtle Beach\u00ae Recon 70 para PS4 \u2122 Pro, PS4 \u2122 y PS5 \u2122.\u00a0Con el \u00faltimo dise\u00f1o de auriculares livianos y c\u00f3modos de Turtle Beach para horas de juego, con parlantes de 40 mm de alta calidad y almohadillas de cuero sint\u00e9tico de primera calidad para colocar sobre las orejas que le permiten escuchar cada agudo y bajo atronador mientras bloquea el ruido.\u00a0El famoso micr\u00f3fono de alta sensibilidad de Turtle Beach para garantizar que se escuche con claridad y se voltea f\u00e1cilmente para silenciar.\u00a0Finalmente, la vers\u00e1til conexi\u00f3n de 3,5 mm lo hace perfecto para intercambiar entre los controladores de PlayStation\u00ae y Xbox, Nintendo Switch, as\u00ed como PC y dispositivos m\u00f3viles compatibles.<\/div>\n<\/div>\n<\/div>\n<\/div>\n<\/section>\n<\/div>\n<\/div>\n<\/div>\n<\/div>\n<div class=\"embedded-component-container lv\"><\/div>\n<div><\/div>\n<div><\/div>\n<div><\/div>\n<div>\n<h3><\/h3>\n<h3><\/h3>\n<h3><\/h3>\n<h3 class=\"heading-5 v-fw-regular feature-heading\"><strong>Caracter\u00edsticas<\/strong><\/h3>\n<ul>\n<li><strong>COMPATIBILIDAD MULTIPLATAFORMA<\/strong><br \/>\nDise\u00f1ado para controladores PS4 \u2122 Pro, PS4 \u2122 y PS5 \u2122 con un conector de 3,5 mm y tambi\u00e9n funciona muy bien con Xbox One y Xbox Series X | S, Nintendo Switch \u2122 y dispositivos m\u00f3viles con una conexi\u00f3n de 3,5 mm.<\/li>\n<li><strong>COMODIDAD LIGERA<\/strong><br \/>\nUn dise\u00f1o de auricular liviano garantiza una comodidad total durante esas sesiones de juego de horas de duraci\u00f3n con una diadema acolchada y almohadillas para los o\u00eddos.<\/li>\n<li><strong>Micr\u00f3fono abatible<\/strong><br \/>\nEl reconocido micr\u00f3fono de alta sensibilidad de Turtle Beach capta su voz alto y claro para garantizar que sus comandos siempre se escuchen. Adem\u00e1s, se levanta para silenciar cuando no est\u00e1 en uso y se integra en el dise\u00f1o del auricular.<\/li>\n<li><strong>Altavoces de 40 mm de alta calidad<\/strong><br \/>\nLos altavoces supraaurales superiores de 40 mm ofrecen un sonido de juego incre\u00edble para que escuches todos los agudos y graves n\u00edtidos.<\/li>\n<li><strong>COJINES PARA O\u00cdDOS PREMIUM<\/strong><br \/>\nLas almohadillas para los o\u00eddos forradas en cuero sint\u00e9tico brindan mayor comodidad, mejor respuesta de graves y mejor aislamiento del ruido.<\/li>\n<\/ul>\n<div class=\"feature-body-container\">\n<div class=\"features-list-container\">\n<div class=\"features-list all-features\">\n<div class=\"list-row\"><\/div>\n<div>\n<div class=\"header-container header-lv\"><\/div>\n<div class=\"list-container list-lv\">\n<div id=\"shop-overview-accordion-e9f69781-7b79-49ac-8b4d-65c114774c5e\" class=\"None\" data-version=\"1.3.0\">\n<div class=\"shop-overview-accordion\">\n<div class=\"overview-accordion-container show \" data-reactroot=\"\">\n<div class=\"c-accordion size-l\">\n<div id=\"overview-accordion-content\" class=\"c-show-hide \" aria-hidden=\"false\">\n<div class=\"c-accordion-content c-accordion-content-active c-accordion-content-complete\">\n<p>&nbsp;<\/p>\n<div class=\"overview-accordion-content-wrapper\">\n<div class=\"embedded-component-container lv\">\n<div>\n<div id=\"shop-product-energy-ratings-19519714-1ca6-41a6-9457-2fb5f14c204c\" class=\"None\" data-version=\"1.3.3\">\n<div class=\"shop-product-energy-ratings\">\n<div data-reactroot=\"\">\n<div class=\"header-container header-lv\">\n<h3><\/h3>\n<\/div>\n<div class=\"list-container list-lv\">\n<div id=\"shop-overview-accordion-e9f69781-7b79-49ac-8b4d-65c114774c5e\" class=\"None\" data-version=\"1.3.0\">\n<div class=\"shop-overview-accordion\">\n<div class=\"overview-accordion-container show \" data-reactroot=\"\">\n<div class=\"c-accordion size-l\">\n<div id=\"overview-accordion-content\" class=\"c-show-hide \" aria-hidden=\"false\">\n<div class=\"c-accordion-content c-accordion-content-active c-accordion-content-complete\">\n<div class=\"overview-accordion-content-wrapper\">\n<div class=\"embedded-component-container lv\">\n<div>\n<div id=\"shop-whats-included-25d4f912-03a4-4e99-991c-bdabe42e3cf4\" class=\"None\" data-version=\"2.1.2\">\n<div class=\"shop-whats-included\">\n<div class=\"whats-included accordion-container \" data-reactroot=\"\">\n<div class=\"list-container list-lv\">\n<p>&nbsp;<\/p>\n<\/div>\n<\/div>\n<\/div>\n<\/div>\n<\/div>\n<\/div>\n<\/div>\n<\/div>\n<\/div>\n<\/div>\n<\/div>\n<\/div>\n<\/div>\n<\/div>\n<\/div>\n<\/div>\n<\/div>\n<\/div>\n<\/div>\n<\/div>\n<\/div>\n<\/div>\n<\/div>\n<\/div>\n<\/div>\n<\/div>\n<\/div>\n<\/div>\n<\/div>\n<\/div>\n<\/div>\n<\/div>\n","protected":false},"excerpt":{"rendered":"<p>Construido para tu pr\u00f3xima victoria, tu \u00faltimo logro y mucho m\u00e1s con los auriculares para juegos Turtle Beach\u00ae Recon 70 para PS4 \u2122 Pro, PS4 \u2122 y PS5 \u2122.\u00a0Con el<\/p>\n","protected":false},"featured_media":16733,"comment_status":"open","ping_status":"closed","template":"","meta":{"_acf_changed":false,"_joinchat":[]},"product_brand":[],"product_cat":[277,282,436,441],"product_tag":[],"class_list":{"0":"post-16712","1":"product","2":"type-product","3":"status-publish","4":"has-post-thumbnail","6":"product_cat-zona-gamer","7":"product_cat-accesorios-gamers","8":"product_cat-audifonos-gamer","9":"product_cat-todos-los-accesorios-gamer","11":"first","12":"instock","13":"sale","14":"shipping-taxable","15":"purchasable","16":"product-type-variable","17":"has-default-attributes"},"acf":[],"_links":{"self":[{"href":"https:\/\/defabrica.com.mx\/defabrica\/wp-json\/wp\/v2\/product\/16712","targetHints":{"allow":["GET"]}}],"collection":[{"href":"https:\/\/defabrica.com.mx\/defabrica\/wp-json\/wp\/v2\/product"}],"about":[{"href":"https:\/\/defabrica.com.mx\/defabrica\/wp-json\/wp\/v2\/types\/product"}],"replies":[{"embeddable":true,"href":"https:\/\/defabrica.com.mx\/defabrica\/wp-json\/wp\/v2\/comments?post=16712"}],"wp:featuredmedia":[{"embeddable":true,"href":"https:\/\/defabrica.com.mx\/defabrica\/wp-json\/wp\/v2\/media\/16733"}],"wp:attachment":[{"href":"https:\/\/defabrica.com.mx\/defabrica\/wp-json\/wp\/v2\/media?parent=16712"}],"wp:term":[{"taxonomy":"product_brand","embeddable":true,"href":"https:\/\/defabrica.com.mx\/defabrica\/wp-json\/wp\/v2\/product_brand?post=16712"},{"taxonomy":"product_cat","embeddable":true,"href":"https:\/\/defabrica.com.mx\/defabrica\/wp-json\/wp\/v2\/product_cat?post=16712"},{"taxonomy":"product_tag","embeddable":true,"href":"https:\/\/defabrica.com.mx\/defabrica\/wp-json\/wp\/v2\/product_tag?post=16712"}],"curies":[{"name":"wp","href":"https:\/\/api.w.org\/{rel}","templated":true}]}}