{"id":16635,"date":"2020-10-25T03:09:05","date_gmt":"2020-10-25T09:09:05","guid":{"rendered":"https:\/\/defabrica.com.mx\/defabrica\/?post_type=product&#038;p=16635"},"modified":"2023-01-24T13:58:13","modified_gmt":"2023-01-24T19:58:13","slug":"raton-con-cable-kensington-pro-fit-de-tamano-completo-negro","status":"publish","type":"product","link":"https:\/\/defabrica.com.mx\/defabrica\/producto\/raton-con-cable-kensington-pro-fit-de-tamano-completo-negro\/","title":{"rendered":"Rat\u00f3n con cable Kensington Pro-Fit de tama\u00f1o completo, negro"},"content":{"rendered":"<p>El mouse USB Pro Fit de tama\u00f1o completo presenta una forma ergon\u00f3mica para diestros con un agarre de goma suave para comodidad durante todo el d\u00eda.\u00a0El sensor \u00f3ptico de alta definici\u00f3n tiene un bot\u00f3n de selecci\u00f3n r\u00e1pida de la velocidad del puntero para mejorar la productividad.\u00a0La tecnolog\u00eda plug-and-play ofrece la confiabilidad de una conexi\u00f3n USB por cable.\u00a0El mouse est\u00e1 dise\u00f1ado para durar y es compatible con PC (Windows 8) y Mac.<\/p>\n<h3><strong>Caracteristicas.<\/strong><\/h3>\n<ul>\n<li>Forma ergon\u00f3mica para diestros con agarre de goma suave<\/li>\n<li>Velocidad del puntero, bot\u00f3n de selecci\u00f3n r\u00e1pida<\/li>\n<li>Botones de avance \/ retroceso<\/li>\n<li>Sensor \u00f3ptico de alta definici\u00f3n (hasta 2400 ppp) para un control sensible<\/li>\n<li>Plug and Play: no se requieren controladores<\/li>\n<\/ul>\n","protected":false},"excerpt":{"rendered":"<p>El mouse USB Pro Fit de tama\u00f1o completo presenta una forma ergon\u00f3mica para diestros con un agarre de goma suave para comodidad durante todo el d\u00eda.\u00a0El sensor \u00f3ptico de alta<\/p>\n","protected":false},"featured_media":16638,"comment_status":"open","ping_status":"closed","template":"","meta":{"_acf_changed":false,"_joinchat":[]},"product_brand":[],"product_cat":[277,282,441,280,434,435],"product_tag":[],"class_list":{"0":"post-16635","1":"product","2":"type-product","3":"status-publish","4":"has-post-thumbnail","6":"product_cat-zona-gamer","7":"product_cat-accesorios-gamers","8":"product_cat-todos-los-accesorios-gamer","9":"product_cat-pc-gaming","10":"product_cat-mouse-y-teclado-gamer","11":"product_cat-todos-los-accesorios-para-pc-gaming","13":"first","14":"instock","15":"sale","16":"shipping-taxable","17":"purchasable","18":"product-type-simple"},"acf":[],"_links":{"self":[{"href":"https:\/\/defabrica.com.mx\/defabrica\/wp-json\/wp\/v2\/product\/16635","targetHints":{"allow":["GET"]}}],"collection":[{"href":"https:\/\/defabrica.com.mx\/defabrica\/wp-json\/wp\/v2\/product"}],"about":[{"href":"https:\/\/defabrica.com.mx\/defabrica\/wp-json\/wp\/v2\/types\/product"}],"replies":[{"embeddable":true,"href":"https:\/\/defabrica.com.mx\/defabrica\/wp-json\/wp\/v2\/comments?post=16635"}],"wp:featuredmedia":[{"embeddable":true,"href":"https:\/\/defabrica.com.mx\/defabrica\/wp-json\/wp\/v2\/media\/16638"}],"wp:attachment":[{"href":"https:\/\/defabrica.com.mx\/defabrica\/wp-json\/wp\/v2\/media?parent=16635"}],"wp:term":[{"taxonomy":"product_brand","embeddable":true,"href":"https:\/\/defabrica.com.mx\/defabrica\/wp-json\/wp\/v2\/product_brand?post=16635"},{"taxonomy":"product_cat","embeddable":true,"href":"https:\/\/defabrica.com.mx\/defabrica\/wp-json\/wp\/v2\/product_cat?post=16635"},{"taxonomy":"product_tag","embeddable":true,"href":"https:\/\/defabrica.com.mx\/defabrica\/wp-json\/wp\/v2\/product_tag?post=16635"}],"curies":[{"name":"wp","href":"https:\/\/api.w.org\/{rel}","templated":true}]}}