{"id":16611,"date":"2020-10-25T01:48:21","date_gmt":"2020-10-25T06:48:21","guid":{"rendered":"https:\/\/defabrica.com.mx\/defabrica\/?post_type=product&#038;p=16611"},"modified":"2023-01-24T13:34:11","modified_gmt":"2023-01-24T19:34:11","slug":"eeekit-2-4g-raton-optico-inalambrico-portatil-recargable-con-receptor-usb-3-niveles-de-dpi-ajustables-4-botones-para-pc-computadora-portatil-computadora-macbook-negro-blanco-gris","status":"publish","type":"product","link":"https:\/\/defabrica.com.mx\/defabrica\/producto\/eeekit-2-4g-raton-optico-inalambrico-portatil-recargable-con-receptor-usb-3-niveles-de-dpi-ajustables-4-botones-para-pc-computadora-portatil-computadora-macbook-negro-blanco-gris\/","title":{"rendered":"EEEkit 2.4G Rat\u00f3n \u00f3ptico inal\u00e1mbrico port\u00e1til recargable con receptor USB, 3 niveles de DPI ajustables"},"content":{"rendered":"<h3><strong>Caracteristicas.<\/strong><\/h3>\n<ul>\n<li>Tecnolog\u00eda l\u00e1ser \u00f3ptica para un control preciso, 7 colores de luces de respiraci\u00f3n. Este mouse har\u00e1 que su experiencia de juego sea m\u00e1s placentera, se puede encender y apagar la luz encendiendo la tecla.<\/li>\n<li>Rat\u00f3n de alta precisi\u00f3n: rat\u00f3n inal\u00e1mbrico de 2,4 Ghz, 3 niveles de DPI (600\/1200\/2400 DPI), conmutaci\u00f3n aleatoria de tres velocidades.<\/li>\n<li>Rat\u00f3n recargable: bater\u00eda recargable incorporada de 500 mAh, completamente cargada durante 2 horas, se puede utilizar unas 150 horas.<\/li>\n<li>Mouse silencioso: los botones del mouse son suaves y silenciosos, lo que le permite concentrarse en el trabajo o los juegos sin molestar a los dem\u00e1s.<\/li>\n<li>Suspensi\u00f3n inteligente: ingrese al modo de ahorro de energ\u00eda autom\u00e1ticamente sin usar, ingrese al modo de suspensi\u00f3n cuando no lo use durante mucho tiempo, haga clic en cualquier tecla del mouse para despertarse.<\/li>\n<li>Plug and Play: no es necesario instalar el controlador, muy conveniente.<\/li>\n<\/ul>\n<h3><strong>Viene incluidio:<\/strong><\/h3>\n<ul>\n<li>1 x rat\u00f3n inal\u00e1mbrico<\/li>\n<li>1 x cable de carga<\/li>\n<li>1 x receptor USB<\/li>\n<li>3 DPI AJUSTABLES: 600\/1200\/2400 DPI, conmutaci\u00f3n aleatoria de tres velocidades.<\/li>\n<\/ul>\n","protected":false},"excerpt":{"rendered":"<p>Caracteristicas. Tecnolog\u00eda l\u00e1ser \u00f3ptica para un control preciso, 7 colores de luces de respiraci\u00f3n. Este mouse har\u00e1 que su experiencia de juego sea m\u00e1s placentera, se puede encender y apagar<\/p>\n","protected":false},"featured_media":16612,"comment_status":"open","ping_status":"closed","template":"","meta":{"_acf_changed":false,"_joinchat":[]},"product_brand":[],"product_cat":[277,282,280,434,435],"product_tag":[],"class_list":{"0":"post-16611","1":"product","2":"type-product","3":"status-publish","4":"has-post-thumbnail","6":"product_cat-zona-gamer","7":"product_cat-accesorios-gamers","8":"product_cat-pc-gaming","9":"product_cat-mouse-y-teclado-gamer","10":"product_cat-todos-los-accesorios-para-pc-gaming","12":"first","13":"instock","14":"sale","15":"shipping-taxable","16":"purchasable","17":"product-type-simple"},"acf":[],"_links":{"self":[{"href":"https:\/\/defabrica.com.mx\/defabrica\/wp-json\/wp\/v2\/product\/16611","targetHints":{"allow":["GET"]}}],"collection":[{"href":"https:\/\/defabrica.com.mx\/defabrica\/wp-json\/wp\/v2\/product"}],"about":[{"href":"https:\/\/defabrica.com.mx\/defabrica\/wp-json\/wp\/v2\/types\/product"}],"replies":[{"embeddable":true,"href":"https:\/\/defabrica.com.mx\/defabrica\/wp-json\/wp\/v2\/comments?post=16611"}],"wp:featuredmedia":[{"embeddable":true,"href":"https:\/\/defabrica.com.mx\/defabrica\/wp-json\/wp\/v2\/media\/16612"}],"wp:attachment":[{"href":"https:\/\/defabrica.com.mx\/defabrica\/wp-json\/wp\/v2\/media?parent=16611"}],"wp:term":[{"taxonomy":"product_brand","embeddable":true,"href":"https:\/\/defabrica.com.mx\/defabrica\/wp-json\/wp\/v2\/product_brand?post=16611"},{"taxonomy":"product_cat","embeddable":true,"href":"https:\/\/defabrica.com.mx\/defabrica\/wp-json\/wp\/v2\/product_cat?post=16611"},{"taxonomy":"product_tag","embeddable":true,"href":"https:\/\/defabrica.com.mx\/defabrica\/wp-json\/wp\/v2\/product_tag?post=16611"}],"curies":[{"name":"wp","href":"https:\/\/api.w.org\/{rel}","templated":true}]}}