{"id":16592,"date":"2020-10-25T01:16:14","date_gmt":"2020-10-25T06:16:14","guid":{"rendered":"https:\/\/defabrica.com.mx\/defabrica\/?post_type=product&#038;p=16592"},"modified":"2023-01-24T13:29:31","modified_gmt":"2023-01-24T19:29:31","slug":"nueva-alfombrilla-de-raton-extendida-para-juegos-alfombrilla-de-teclado-de-escritorio-de-gran-tamano-800-mm-x-300-mm","status":"publish","type":"product","link":"https:\/\/defabrica.com.mx\/defabrica\/producto\/nueva-alfombrilla-de-raton-extendida-para-juegos-alfombrilla-de-teclado-de-escritorio-de-gran-tamano-800-mm-x-300-mm\/","title":{"rendered":"Nueva alfombrilla de rat\u00f3n extendida para juegos, alfombrilla de teclado de escritorio de gran tama\u00f1o, 800 MM X 300 MM"},"content":{"rendered":"<p>Nueva alfombrilla de rat\u00f3n extendida para juegos Alfombrilla de teclado de escritorio de gran tama\u00f1o 80 cm x 30 cm<\/p>\n<h3><strong>Caracteristicas<\/strong>.<\/h3>\n<ul>\n<li>El uso de fondo de caucho natural<\/li>\n<li>L\u00edneas de fondo de adherencia superior<\/li>\n<li>Antideslizante<\/li>\n<li>Seguro<\/li>\n<li>No t\u00f3xico<\/li>\n<li>Dise\u00f1o Catcher<\/li>\n<li>Uso de m\u00e9todo de tejido de borde extra fino<\/li>\n<li>Material natural<\/li>\n<li>Se siente m\u00e1s c\u00f3modo<\/li>\n<\/ul>\n","protected":false},"excerpt":{"rendered":"<p>Nueva alfombrilla de rat\u00f3n extendida para juegos Alfombrilla de teclado de escritorio de gran tama\u00f1o 80 cm x 30 cm Caracteristicas. El uso de fondo de caucho natural L\u00edneas de<\/p>\n","protected":false},"featured_media":16595,"comment_status":"open","ping_status":"closed","template":"","meta":{"_acf_changed":false,"_joinchat":[]},"product_brand":[],"product_cat":[277,282,280,434,435],"product_tag":[],"class_list":{"0":"post-16592","1":"product","2":"type-product","3":"status-publish","4":"has-post-thumbnail","6":"product_cat-zona-gamer","7":"product_cat-accesorios-gamers","8":"product_cat-pc-gaming","9":"product_cat-mouse-y-teclado-gamer","10":"product_cat-todos-los-accesorios-para-pc-gaming","12":"first","13":"instock","14":"sale","15":"shipping-taxable","16":"purchasable","17":"product-type-simple"},"acf":[],"_links":{"self":[{"href":"https:\/\/defabrica.com.mx\/defabrica\/wp-json\/wp\/v2\/product\/16592","targetHints":{"allow":["GET"]}}],"collection":[{"href":"https:\/\/defabrica.com.mx\/defabrica\/wp-json\/wp\/v2\/product"}],"about":[{"href":"https:\/\/defabrica.com.mx\/defabrica\/wp-json\/wp\/v2\/types\/product"}],"replies":[{"embeddable":true,"href":"https:\/\/defabrica.com.mx\/defabrica\/wp-json\/wp\/v2\/comments?post=16592"}],"wp:featuredmedia":[{"embeddable":true,"href":"https:\/\/defabrica.com.mx\/defabrica\/wp-json\/wp\/v2\/media\/16595"}],"wp:attachment":[{"href":"https:\/\/defabrica.com.mx\/defabrica\/wp-json\/wp\/v2\/media?parent=16592"}],"wp:term":[{"taxonomy":"product_brand","embeddable":true,"href":"https:\/\/defabrica.com.mx\/defabrica\/wp-json\/wp\/v2\/product_brand?post=16592"},{"taxonomy":"product_cat","embeddable":true,"href":"https:\/\/defabrica.com.mx\/defabrica\/wp-json\/wp\/v2\/product_cat?post=16592"},{"taxonomy":"product_tag","embeddable":true,"href":"https:\/\/defabrica.com.mx\/defabrica\/wp-json\/wp\/v2\/product_tag?post=16592"}],"curies":[{"name":"wp","href":"https:\/\/api.w.org\/{rel}","templated":true}]}}