{"id":16501,"date":"2020-10-23T13:36:14","date_gmt":"2020-10-23T18:36:14","guid":{"rendered":"https:\/\/defabrica.com.mx\/defabrica\/?post_type=product&#038;p=16501"},"modified":"2023-01-26T14:19:59","modified_gmt":"2023-01-26T20:19:59","slug":"auriculares-para-juegos-estereo-con-cable-gamefitz-para-ps4-xb1-y-nintendo-switch","status":"publish","type":"product","link":"https:\/\/defabrica.com.mx\/defabrica\/producto\/auriculares-para-juegos-estereo-con-cable-gamefitz-para-ps4-xb1-y-nintendo-switch\/","title":{"rendered":"Auriculares para juegos est\u00e9reo con cable GameFitz para PS4; XB1 y Nintendo Switch"},"content":{"rendered":"<p>GameFitz Wired Stereo Gaming Headest es el accesorio de juego ideal para todos los jugadores.\u00a0Este auricular universal es perfecto para sus necesidades diarias de juego.\u00a0Con\u00e9ctelo a su consola y disfrute de la calidad de sonido de alta definici\u00f3n, todo con un dise\u00f1o ligero y c\u00f3modo.\u00a0Adecuado para per\u00edodos prolongados de juego, los auriculares con cable tienen almohadillas de felpa que le permiten jugar durante horas con la m\u00e1xima comodidad.\u00a0El micr\u00f3fono de alta sensibilidad incorporado es f\u00e1cilmente ajustable y tambi\u00e9n le permite comunicarse de manera clara y sin esfuerzo con todos los miembros de su equipo.<\/p>\n<p>Auriculares para juegos est\u00e9reo con cable GameFitz para PS4;\u00a0XB1 y Nintendo Switch<\/p>\n<p>&nbsp;<\/p>\n","protected":false},"excerpt":{"rendered":"<p>GameFitz Wired Stereo Gaming Headest es el accesorio de juego ideal para todos los jugadores.\u00a0Este auricular universal es perfecto para sus necesidades diarias de juego.\u00a0Con\u00e9ctelo a su consola y disfrute<\/p>\n","protected":false},"featured_media":16502,"comment_status":"open","ping_status":"closed","template":"","meta":{"_acf_changed":false,"_joinchat":[]},"product_brand":[],"product_cat":[277,282,436,441],"product_tag":[],"class_list":{"0":"post-16501","1":"product","2":"type-product","3":"status-publish","4":"has-post-thumbnail","6":"product_cat-zona-gamer","7":"product_cat-accesorios-gamers","8":"product_cat-audifonos-gamer","9":"product_cat-todos-los-accesorios-gamer","11":"first","12":"instock","13":"sale","14":"shipping-taxable","15":"purchasable","16":"product-type-simple"},"acf":[],"_links":{"self":[{"href":"https:\/\/defabrica.com.mx\/defabrica\/wp-json\/wp\/v2\/product\/16501","targetHints":{"allow":["GET"]}}],"collection":[{"href":"https:\/\/defabrica.com.mx\/defabrica\/wp-json\/wp\/v2\/product"}],"about":[{"href":"https:\/\/defabrica.com.mx\/defabrica\/wp-json\/wp\/v2\/types\/product"}],"replies":[{"embeddable":true,"href":"https:\/\/defabrica.com.mx\/defabrica\/wp-json\/wp\/v2\/comments?post=16501"}],"wp:featuredmedia":[{"embeddable":true,"href":"https:\/\/defabrica.com.mx\/defabrica\/wp-json\/wp\/v2\/media\/16502"}],"wp:attachment":[{"href":"https:\/\/defabrica.com.mx\/defabrica\/wp-json\/wp\/v2\/media?parent=16501"}],"wp:term":[{"taxonomy":"product_brand","embeddable":true,"href":"https:\/\/defabrica.com.mx\/defabrica\/wp-json\/wp\/v2\/product_brand?post=16501"},{"taxonomy":"product_cat","embeddable":true,"href":"https:\/\/defabrica.com.mx\/defabrica\/wp-json\/wp\/v2\/product_cat?post=16501"},{"taxonomy":"product_tag","embeddable":true,"href":"https:\/\/defabrica.com.mx\/defabrica\/wp-json\/wp\/v2\/product_tag?post=16501"}],"curies":[{"name":"wp","href":"https:\/\/api.w.org\/{rel}","templated":true}]}}