{"id":16441,"date":"2020-10-23T12:35:40","date_gmt":"2020-10-23T17:35:40","guid":{"rendered":"https:\/\/defabrica.com.mx\/defabrica\/?post_type=product&#038;p=16441"},"modified":"2022-11-30T13:04:42","modified_gmt":"2022-11-30T19:04:42","slug":"logitech-mouse-optico-inalambrico-design-collection-con-nano-receptor-funciona-con-chromebook-cosmic-play","status":"publish","type":"product","link":"https:\/\/defabrica.com.mx\/defabrica\/producto\/logitech-mouse-optico-inalambrico-design-collection-con-nano-receptor-funciona-con-chromebook-cosmic-play\/","title":{"rendered":"Logitech &#8211; Mouse \u00f3ptico inal\u00e1mbrico Design Collection con nano receptor &#8211; Funciona con Chromebook &#8211; Cosmic Play"},"content":{"rendered":"<div class=\"embedded-component-container lv\">\n<div>\n<div id=\"shop-product-description-2b50ee37-7d7a-456f-8e2c-ab3795565ff6\" class=\"None\" data-version=\"1.3.2\">\n<div class=\"shop-product-description\">\n<section class=\"align-heading-left\" data-reactroot=\"\">\n<div class=\"long-description-container body-copy \">\n<div class=\"html-fragment\">\n<div>\n<div>Complete el trabajo y recorra p\u00e1ginas web largas r\u00e1pidamente con este mouse inal\u00e1mbrico Logitech.\u00a0El sensor de 1000 ppp ofrece una precisi\u00f3n milim\u00e9trica, mientras que la rueda de desplazamiento y los tres botones garantizan un funcionamiento perfecto.\u00a0Este mouse inal\u00e1mbrico Logitech tiene un rango de conectividad inal\u00e1mbrica de 32.8 pies, lo que le permite trabajar libremente, y el dise\u00f1o liviano agrega comodidad para un uso perfecto durante todo el d\u00eda.<\/div>\n<\/div>\n<\/div>\n<\/div>\n<\/section>\n<\/div>\n<\/div>\n<\/div>\n<\/div>\n<div class=\"embedded-component-container lv\"><\/div>\n<div>\n<h3><\/h3>\n<h3><\/h3>\n<h3 class=\"heading-5 v-fw-regular feature-heading\"><strong>Caracter\u00edsticas<\/strong><\/h3>\n<ul>\n<li><strong>12 meses de duraci\u00f3n de la bater\u00eda<\/strong><br \/>\nHaga clic y despl\u00e1cese con estilo durante hasta 12 meses con una sola bater\u00eda preinstalada.<\/li>\n<li><strong>Alcance inal\u00e1mbrico de 10 m<\/strong><br \/>\nEnlace seguro y receptivo entre el mouse y el receptor a una distancia de hasta 10 m (33 pies). *<\/li>\n<li><strong>Conexi\u00f3n inal\u00e1mbrica Logitech Unifying de 2,4 GHz<\/strong><br \/>\nSe conecta de forma inal\u00e1mbrica al nano-receptor Unifying incluido, que se conecta al puerto USB de su computadora y funciona con una variedad de dispositivos inal\u00e1mbricos compatibles con Unifying.<\/li>\n<li><strong>Tecnolog\u00eda Logitech Smooth Optical Tracking<\/strong><br \/>\nEl posicionamiento mejorado de la luz LED hace que este mouse \u00f3ptico sea m\u00e1s sensible y preciso.<\/li>\n<li><strong>Estilo port\u00e1til que hace clic<\/strong><br \/>\nLo suficientemente c\u00f3modo para usarlo durante horas en el escritorio, pero lo suficientemente port\u00e1til como para llevarlo en el bolso o en su pr\u00f3xima reuni\u00f3n.<\/li>\n<li><strong>Funciona en todos los sistemas operativos<\/strong><br \/>\nUniversalmente compatible y funciona en Windows, Mac, Chrome OS y Linux.<\/li>\n<li><strong>* El alcance inal\u00e1mbrico real puede variar seg\u00fan el uso, la configuraci\u00f3n y las condiciones ambientales.<\/strong><\/li>\n<\/ul>\n<p>&nbsp;<\/p>\n<\/div>\n<h3>Qu\u00e9 est\u00e1 incluido<\/h3>\n<div class=\"list-container list-lv\">\n<ul class=\" bold\">\n<li class=\"bold v-fw-medium body-copy\">Colecci\u00f3n de colores Logitech Design Collection<\/li>\n<li class=\"bold v-fw-medium body-copy\">Receptor Logitech Unifying<\/li>\n<li class=\"bold v-fw-medium body-copy\">1 pila AA<\/li>\n<\/ul>\n<\/div>\n","protected":false},"excerpt":{"rendered":"<p>Complete el trabajo y recorra p\u00e1ginas web largas r\u00e1pidamente con este mouse inal\u00e1mbrico Logitech.\u00a0El sensor de 1000 ppp ofrece una precisi\u00f3n milim\u00e9trica, mientras que la rueda de desplazamiento y los<\/p>\n","protected":false},"featured_media":73373,"comment_status":"open","ping_status":"closed","template":"","meta":{"_acf_changed":false,"_joinchat":[]},"product_brand":[],"product_cat":[240,250,277,282,280,434,435],"product_tag":[],"class_list":{"0":"post-16441","1":"product","2":"type-product","3":"status-publish","4":"has-post-thumbnail","6":"product_cat-computadoras","7":"product_cat-mouse-y-teclados","8":"product_cat-zona-gamer","9":"product_cat-accesorios-gamers","10":"product_cat-pc-gaming","11":"product_cat-mouse-y-teclado-gamer","12":"product_cat-todos-los-accesorios-para-pc-gaming","14":"first","15":"instock","16":"sale","17":"shipping-taxable","18":"purchasable","19":"product-type-variable","20":"has-default-attributes"},"acf":[],"_links":{"self":[{"href":"https:\/\/defabrica.com.mx\/defabrica\/wp-json\/wp\/v2\/product\/16441","targetHints":{"allow":["GET"]}}],"collection":[{"href":"https:\/\/defabrica.com.mx\/defabrica\/wp-json\/wp\/v2\/product"}],"about":[{"href":"https:\/\/defabrica.com.mx\/defabrica\/wp-json\/wp\/v2\/types\/product"}],"replies":[{"embeddable":true,"href":"https:\/\/defabrica.com.mx\/defabrica\/wp-json\/wp\/v2\/comments?post=16441"}],"wp:featuredmedia":[{"embeddable":true,"href":"https:\/\/defabrica.com.mx\/defabrica\/wp-json\/wp\/v2\/media\/73373"}],"wp:attachment":[{"href":"https:\/\/defabrica.com.mx\/defabrica\/wp-json\/wp\/v2\/media?parent=16441"}],"wp:term":[{"taxonomy":"product_brand","embeddable":true,"href":"https:\/\/defabrica.com.mx\/defabrica\/wp-json\/wp\/v2\/product_brand?post=16441"},{"taxonomy":"product_cat","embeddable":true,"href":"https:\/\/defabrica.com.mx\/defabrica\/wp-json\/wp\/v2\/product_cat?post=16441"},{"taxonomy":"product_tag","embeddable":true,"href":"https:\/\/defabrica.com.mx\/defabrica\/wp-json\/wp\/v2\/product_tag?post=16441"}],"curies":[{"name":"wp","href":"https:\/\/api.w.org\/{rel}","templated":true}]}}