{"id":16360,"date":"2020-10-23T10:42:10","date_gmt":"2020-10-23T15:42:10","guid":{"rendered":"https:\/\/defabrica.com.mx\/defabrica\/?post_type=product&#038;p=16360"},"modified":"2023-01-24T13:28:21","modified_gmt":"2023-01-24T19:28:21","slug":"teclado-y-mouse-de-escritorio-clasico-inalambrico-hp-lv290aa-aba","status":"publish","type":"product","link":"https:\/\/defabrica.com.mx\/defabrica\/producto\/teclado-y-mouse-de-escritorio-clasico-inalambrico-hp-lv290aa-aba\/","title":{"rendered":"Teclado y mouse de escritorio cl\u00e1sico inal\u00e1mbrico HP | LV290AA # ABA"},"content":{"rendered":"<h3>Visi\u00f3n de conjunto<\/h3>\n<p>Un teclado y mouse inal\u00e1mbricos avanzados de 2.4 GHz de estilo cl\u00e1sico que sobresalen en lo que respecta a simplicidad y comodidad<\/p>\n<p>&nbsp;<\/p>\n<h3>\u00bfQu\u00e9 hay en la caja?<\/h3>\n<p>Teclado cl\u00e1sico inal\u00e1mbrico HP;\u00a0Rat\u00f3n \u00f3ptico inal\u00e1mbrico de 3 botones;\u00a0Nano receptor inal\u00e1mbrico USB;\u00a04 pilas AAA;\u00a0Documentaci\u00f3n<\/p>\n<p>HP LV290AAABA<\/p>\n<p><span class=\"font-bold\">Garant\u00eda: <\/span><span class=\"xxs-margin-left\">1 a\u00f1o directamente con nosotros<br \/>\n<\/span><\/p>\n<p>&nbsp;<\/p>\n","protected":false},"excerpt":{"rendered":"<p>Visi\u00f3n de conjunto Un teclado y mouse inal\u00e1mbricos avanzados de 2.4 GHz de estilo cl\u00e1sico que sobresalen en lo que respecta a simplicidad y comodidad &nbsp; \u00bfQu\u00e9 hay en la<\/p>\n","protected":false},"featured_media":16375,"comment_status":"open","ping_status":"closed","template":"","meta":{"_acf_changed":false,"_joinchat":[]},"product_brand":[],"product_cat":[240,250],"product_tag":[],"class_list":{"0":"post-16360","1":"product","2":"type-product","3":"status-publish","4":"has-post-thumbnail","6":"product_cat-computadoras","7":"product_cat-mouse-y-teclados","9":"first","10":"instock","11":"sale","12":"shipping-taxable","13":"purchasable","14":"product-type-simple"},"acf":[],"_links":{"self":[{"href":"https:\/\/defabrica.com.mx\/defabrica\/wp-json\/wp\/v2\/product\/16360","targetHints":{"allow":["GET"]}}],"collection":[{"href":"https:\/\/defabrica.com.mx\/defabrica\/wp-json\/wp\/v2\/product"}],"about":[{"href":"https:\/\/defabrica.com.mx\/defabrica\/wp-json\/wp\/v2\/types\/product"}],"replies":[{"embeddable":true,"href":"https:\/\/defabrica.com.mx\/defabrica\/wp-json\/wp\/v2\/comments?post=16360"}],"wp:featuredmedia":[{"embeddable":true,"href":"https:\/\/defabrica.com.mx\/defabrica\/wp-json\/wp\/v2\/media\/16375"}],"wp:attachment":[{"href":"https:\/\/defabrica.com.mx\/defabrica\/wp-json\/wp\/v2\/media?parent=16360"}],"wp:term":[{"taxonomy":"product_brand","embeddable":true,"href":"https:\/\/defabrica.com.mx\/defabrica\/wp-json\/wp\/v2\/product_brand?post=16360"},{"taxonomy":"product_cat","embeddable":true,"href":"https:\/\/defabrica.com.mx\/defabrica\/wp-json\/wp\/v2\/product_cat?post=16360"},{"taxonomy":"product_tag","embeddable":true,"href":"https:\/\/defabrica.com.mx\/defabrica\/wp-json\/wp\/v2\/product_tag?post=16360"}],"curies":[{"name":"wp","href":"https:\/\/api.w.org\/{rel}","templated":true}]}}