{"id":16125,"date":"2020-10-22T16:47:23","date_gmt":"2020-10-22T21:47:23","guid":{"rendered":"https:\/\/defabrica.com.mx\/defabrica\/?post_type=product&#038;p=16125"},"modified":"2023-01-13T13:31:05","modified_gmt":"2023-01-13T19:31:05","slug":"microsoft-consola-totalmente-digital-xbox-series-s-de-512-gb-juegos-sin-disco-blanco","status":"publish","type":"product","link":"https:\/\/defabrica.com.mx\/defabrica\/producto\/microsoft-consola-totalmente-digital-xbox-series-s-de-512-gb-juegos-sin-disco-blanco\/","title":{"rendered":"Microsoft &#8211; Xbox Series S de 512 GB &#8211; Blanco"},"content":{"rendered":"<div class=\"embedded-component-container lv\">\n<div>\n<div id=\"shop-product-description-977b41a9-23c6-4a31-8867-0552eb09db7e\" class=\"None\" data-version=\"1.3.2\">\n<div class=\"shop-product-description\">\n<section class=\"align-heading-left\" data-reactroot=\"\">\n<div class=\"long-description-container body-copy \">\n<div class=\"html-fragment\">\n<div>\n<div>Presentamos Xbox Series S. Experimenta la velocidad y el rendimiento de una consola totalmente digital de pr\u00f3xima generaci\u00f3n a un precio accesible.\u00a0Mu\u00e9vete sin problemas entre varios juegos en un instante con Quick Resume.\u00a0En el coraz\u00f3n de la Serie S se encuentra la Arquitectura Xbox Velocity, que combina un SSD personalizado con software integrado para un juego m\u00e1s r\u00e1pido y optimizado con tiempos de carga significativamente reducidos. *<\/div>\n<\/div>\n<\/div>\n<\/div>\n<\/section>\n<\/div>\n<\/div>\n<\/div>\n<\/div>\n<div class=\"embedded-component-container lv\"><\/div>\n<div>\n<h3><\/h3>\n<h3 class=\"heading-5 v-fw-regular feature-heading\"><strong>Caracter\u00edsticas<\/strong><\/h3>\n<ul>\n<li><strong>Rendimiento de pr\u00f3xima generaci\u00f3n<\/strong><br \/>\nExperimente la velocidad y el rendimiento de una consola totalmente digital de pr\u00f3xima generaci\u00f3n a un precio accesible.<\/li>\n<li><strong>M\u00e1s jugando, menos esperando<\/strong><br \/>\nExperimente la velocidad y el rendimiento de pr\u00f3xima generaci\u00f3n con la arquitectura Xbox Velocity, impulsada por un SSD personalizado y software integrado.<\/li>\n<li><strong>Funciones asombrosas en una consola totalmente digital<\/strong><br \/>\nMinimice los tiempos de carga con un SSD NVMe de 512 GB personalizado y mu\u00e9vase sin problemas entre varios juegos jugados recientemente en un instante con Quick Resume.<\/li>\n<li><strong>Miles de juegos en cuatro generaciones<\/strong><br \/>\nJuega miles de juegos de cuatro generaciones de Xbox, incluidos Xbox One, Xbox 360 y t\u00edtulos originales de Xbox con compatibilidad con versiones anteriores.<\/li>\n<li><strong>Tu pase con todo incluido a Xbox<\/strong><br \/>\nObt\u00e9n Xbox Series S y 24 meses de Xbox Game Pass Ultimate, con m\u00e1s de 100 juegos de alta calidad y una membres\u00eda EA Play, por $ 24.99 al mes durante 24 meses sin costo inicial cuando eliges Xbox All Access. ^ \u2020<\/li>\n<li><strong>Xbox Game Pass Ultimate<\/strong><br \/>\nXbox Game Pass Ultimate incluye Xbox Live Gold, m\u00e1s de 100 juegos de alta calidad en consolas, PC y dispositivos m\u00f3viles Android, y pronto una membres\u00eda de EA Play por un bajo precio mensual (la membres\u00eda se vende por separado o se incluye cuando elige Xbox All Access). * ^ \u2020<\/li>\n<li><strong>Conoce el nuevo controlador inal\u00e1mbrico Xbox<\/strong><br \/>\nExperimente el controlador inal\u00e1mbrico Xbox modernizado, dise\u00f1ado para una mayor comodidad durante el juego. Mant\u00e9ngase en el objetivo con un agarre texturizado, capture y comparta contenido sin problemas.<\/li>\n<li><strong>Accesorios<\/strong><br \/>\nUse la mayor\u00eda de los accesorios de Xbox One, incluidos controladores, auriculares y m\u00e1s, en Xbox Series S.<\/li>\n<li><strong>Aplicaci\u00f3n Xbox Family Settings<\/strong><br \/>\nAdministre las actividades de sus hijos en las consolas Xbox y habilite las opciones de juego adecuadas para su familia. Divi\u00e9rtase agregando a sus hijos a su cuenta familiar. Establezca el tiempo de pantalla, actualice las restricciones de contenido y est\u00e9 al tanto de las solicitudes de amistad entrantes. *<\/li>\n<li><strong>*Informaci\u00f3n importante:<\/strong><\/li>\n<li><strong>Usar solo con juegos digitales; la consola no reproduce discos f\u00edsicos.<\/strong><\/li>\n<li>Se aplican requisitos adicionales de velocidad de Internet, suscripciones y \/ o requisitos para algunas funciones. Debe aceptar los T\u00e9rminos de uso de Xbox y la garant\u00eda limitada. Algunos juegos no son transferibles y no tienen valor de reventa; se aplican restricciones sobre el uso del juego.<\/li>\n<li><strong>4K<\/strong> a 120 FPS: requiere contenido y pantalla compatibles; \u00daselo en Xbox Series S a medida que el contenido est\u00e9 disponible. 8K: Requiere contenido y pantalla compatibles. \u00daselo en Xbox Series S a medida que el contenido est\u00e9 disponible.<\/li>\n<li><strong>120 FPS<\/strong>: requiere contenido y pantalla compatibles; \u00daselo en Xbox Series X &amp; S a medida que el contenido est\u00e9 disponible. Transmisi\u00f3n 4K con aplicaciones seleccionadas. Algunas aplicaciones requieren suscripciones espec\u00edficas del proveedor de aplicaciones y \/ u otros requisitos.<\/li>\n<li><strong>Dolby<\/strong>: Dolby Vision HDR en Xbox requiere una pantalla compatible. Dolby Atmos para auriculares requiere una compra adicional en Microsoft Store. Entrega inteligente: solo juegos compatibles.<\/li>\n<li><strong>Aplicaci\u00f3n<\/strong> Xbox Family Settings: la cuenta infantil debe iniciar sesi\u00f3n en la cuenta de Microsoft con el perfil de Xbox utilizado en la familia para que se aplique la configuraci\u00f3n. La aplicaci\u00f3n Xbox Family Settings requiere iOS 10 o superior o Android 5 o superior.<\/li>\n<li>\u2020 En los minoristas participantes; los precios var\u00edan seg\u00fan la consola. Pueden aplicarse impuestos.<\/li>\n<li><strong>Xbox<\/strong> Game Pass Ultimate: la membres\u00eda se vende por separado; Suscripci\u00f3n de 24 meses; El cat\u00e1logo de juegos var\u00eda con el tiempo, por regi\u00f3n, por dispositivo. Se requiere acceso a Internet (se aplican tarifas de ISP).<\/li>\n<li>Conversi\u00f3n de membres\u00eda: sus membres\u00edas existentes de Xbox Live Gold, Xbox Game Pass y EA Play (consola) se convertir\u00e1n autom\u00e1ticamente a Ultimate con una tasa de conversi\u00f3n.<\/li>\n<li><strong>Transmisi\u00f3n<\/strong> de juegos: requiere un controlador compatible (se vende por separado).<\/li>\n<li><strong>EA Play<\/strong>: vacaciones previstas para 2020<\/li>\n<li><strong>Digital<\/strong> Direct: su contenido digital se enviar\u00e1 directamente a su consola durante la configuraci\u00f3n; no se requieren c\u00f3digos<\/li>\n<li><strong>Garant\u00eda<\/strong>: la consola tiene una garant\u00eda limitada de hardware de 1 a\u00f1o (90 d\u00edas para el controlador \/ accesorios) independientemente de la duraci\u00f3n del financiamiento.<\/li>\n<li>^ Con la aprobaci\u00f3n de Citizens One Line of Credit al 0% APR y plazo de 24 meses. Sujeto a aprobaci\u00f3n de cr\u00e9dito individual. Los impuestos, env\u00edo y otros cargos son adicionales y pueden variar.<\/li>\n<\/ul>\n<p>&nbsp;<\/p>\n<h3>Qu\u00e9 est\u00e1 incluido<\/h3>\n<div class=\"list-container list-lv\">\n<ul class=\" bold\">\n<li class=\"bold v-fw-medium body-copy\">Adaptador de corriente CA<\/li>\n<li class=\"bold v-fw-medium body-copy\">Un controlador inal\u00e1mbrico Xbox &#8211; Robot blanco<\/li>\n<li class=\"bold v-fw-medium body-copy\">Consola Xbox Series S<\/li>\n<\/ul>\n<\/div>\n<\/div>\n","protected":false},"excerpt":{"rendered":"<p>Presentamos Xbox Series S. Experimenta la velocidad y el rendimiento de una consola totalmente digital de pr\u00f3xima generaci\u00f3n a un precio accesible.\u00a0Mu\u00e9vete sin problemas entre varios juegos en un instante<\/p>\n","protected":false},"featured_media":16133,"comment_status":"open","ping_status":"closed","template":"","meta":{"_acf_changed":false,"_joinchat":[]},"product_brand":[],"product_cat":[277,278,425,422],"product_tag":[],"class_list":{"0":"post-16125","1":"product","2":"type-product","3":"status-publish","4":"has-post-thumbnail","6":"product_cat-zona-gamer","7":"product_cat-consolas","8":"product_cat-todas-las-consolas","9":"product_cat-consolas-xbox","11":"first","12":"instock","13":"sale","14":"shipping-taxable","15":"purchasable","16":"product-type-simple"},"acf":[],"_links":{"self":[{"href":"https:\/\/defabrica.com.mx\/defabrica\/wp-json\/wp\/v2\/product\/16125","targetHints":{"allow":["GET"]}}],"collection":[{"href":"https:\/\/defabrica.com.mx\/defabrica\/wp-json\/wp\/v2\/product"}],"about":[{"href":"https:\/\/defabrica.com.mx\/defabrica\/wp-json\/wp\/v2\/types\/product"}],"replies":[{"embeddable":true,"href":"https:\/\/defabrica.com.mx\/defabrica\/wp-json\/wp\/v2\/comments?post=16125"}],"wp:featuredmedia":[{"embeddable":true,"href":"https:\/\/defabrica.com.mx\/defabrica\/wp-json\/wp\/v2\/media\/16133"}],"wp:attachment":[{"href":"https:\/\/defabrica.com.mx\/defabrica\/wp-json\/wp\/v2\/media?parent=16125"}],"wp:term":[{"taxonomy":"product_brand","embeddable":true,"href":"https:\/\/defabrica.com.mx\/defabrica\/wp-json\/wp\/v2\/product_brand?post=16125"},{"taxonomy":"product_cat","embeddable":true,"href":"https:\/\/defabrica.com.mx\/defabrica\/wp-json\/wp\/v2\/product_cat?post=16125"},{"taxonomy":"product_tag","embeddable":true,"href":"https:\/\/defabrica.com.mx\/defabrica\/wp-json\/wp\/v2\/product_tag?post=16125"}],"curies":[{"name":"wp","href":"https:\/\/api.w.org\/{rel}","templated":true}]}}