{"id":16117,"date":"2020-10-22T16:37:59","date_gmt":"2020-10-22T21:37:59","guid":{"rendered":"https:\/\/defabrica.com.mx\/defabrica\/?post_type=product&#038;p=16117"},"modified":"2023-01-28T11:22:37","modified_gmt":"2023-01-28T17:22:37","slug":"funda-targus-pro-tek-para-ipad-de-7-a-generacion-102-pulgadas-ipad-air-de-105-pulgadas-y-ipad-pro-de-105-pulgadas-en-negro-thz852gl","status":"publish","type":"product","link":"https:\/\/defabrica.com.mx\/defabrica\/producto\/funda-targus-pro-tek-para-ipad-de-7-a-generacion-102-pulgadas-ipad-air-de-105-pulgadas-y-ipad-pro-de-105-pulgadas-en-negro-thz852gl\/","title":{"rendered":"Funda Targus Pro-Tek para iPad de 7.a generaci\u00f3n. 10,2 pulgadas, iPad Air de 10,5 pulgadas y iPad Pro de 10,5 pulgadas en negro &#8211; THZ852GL"},"content":{"rendered":"<div class=\"about-desc about-product-description xs-margin-top\">La funda Pro-Tek \u2122 para iPad\u00ae (7\u00aa generaci\u00f3n) de 10,2 pulgadas cuenta con una bandeja flexible con bisel envolvente y esquinas reforzadas para evitar golpes y abolladuras.\u00a0Su base flexible se adapta al iPad Air\u00ae de 10,5 pulgadas y tambi\u00e9n al iPad Pro\u00ae de 10,5 pulgadas. Pasa el grado militar 4 pies.\u00a0prueba de ca\u00edda (MIL-STD 810G) * \u00c1ngulos de visi\u00f3n infinitos y posici\u00f3n de escritura c\u00f3moda La bandeja multigeneracional protegida por patente se flexiona para adaptarse al iPad Air\u00ae de 10,5 pulgadas y al iPad Pro\u00ae de 10,5 pulgadas Bandeja flexible con esquinas reforzadas y protecci\u00f3n de bisel Corte de precisi\u00f3n acceso a controles, puertos y lentes de la c\u00e1mara Cierre seguro con leng\u00fceta magn\u00e9tica Soporte integrado para Apple Pencil o l\u00e1piz \u00f3ptico (Apple Pencil se vende por separado) Mejora el audio con innovadoras tomas de audio que dirigen el sonido hacia el usuario C\u00f3moda funci\u00f3n de suspensi\u00f3n \/ activaci\u00f3n<\/div>\n<div class=\"product-specifications\"><\/div>\n","protected":false},"excerpt":{"rendered":"<p>La funda Pro-Tek \u2122 para iPad\u00ae (7\u00aa generaci\u00f3n) de 10,2 pulgadas cuenta con una bandeja flexible con bisel envolvente y esquinas reforzadas para evitar golpes y abolladuras.\u00a0Su base flexible se<\/p>\n","protected":false},"featured_media":16123,"comment_status":"open","ping_status":"closed","template":"","meta":{"_acf_changed":false,"_joinchat":[]},"product_brand":[],"product_cat":[408,411,417,421],"product_tag":[],"class_list":{"0":"post-16117","1":"product","2":"type-product","3":"status-publish","4":"has-post-thumbnail","6":"product_cat-celulares-y-tablets","7":"product_cat-accesorios-para-tablets","8":"product_cat-fundas-y-maletines","9":"product_cat-todos-los-accesorios-para-tablets","11":"first","12":"instock","13":"sale","14":"shipping-taxable","15":"purchasable","16":"product-type-variable","17":"has-default-attributes"},"acf":[],"_links":{"self":[{"href":"https:\/\/defabrica.com.mx\/defabrica\/wp-json\/wp\/v2\/product\/16117","targetHints":{"allow":["GET"]}}],"collection":[{"href":"https:\/\/defabrica.com.mx\/defabrica\/wp-json\/wp\/v2\/product"}],"about":[{"href":"https:\/\/defabrica.com.mx\/defabrica\/wp-json\/wp\/v2\/types\/product"}],"replies":[{"embeddable":true,"href":"https:\/\/defabrica.com.mx\/defabrica\/wp-json\/wp\/v2\/comments?post=16117"}],"wp:featuredmedia":[{"embeddable":true,"href":"https:\/\/defabrica.com.mx\/defabrica\/wp-json\/wp\/v2\/media\/16123"}],"wp:attachment":[{"href":"https:\/\/defabrica.com.mx\/defabrica\/wp-json\/wp\/v2\/media?parent=16117"}],"wp:term":[{"taxonomy":"product_brand","embeddable":true,"href":"https:\/\/defabrica.com.mx\/defabrica\/wp-json\/wp\/v2\/product_brand?post=16117"},{"taxonomy":"product_cat","embeddable":true,"href":"https:\/\/defabrica.com.mx\/defabrica\/wp-json\/wp\/v2\/product_cat?post=16117"},{"taxonomy":"product_tag","embeddable":true,"href":"https:\/\/defabrica.com.mx\/defabrica\/wp-json\/wp\/v2\/product_tag?post=16117"}],"curies":[{"name":"wp","href":"https:\/\/api.w.org\/{rel}","templated":true}]}}