{"id":16049,"date":"2020-10-22T16:04:17","date_gmt":"2020-10-22T21:04:17","guid":{"rendered":"https:\/\/defabrica.com.mx\/defabrica\/?post_type=product&#038;p=16049"},"modified":"2022-07-05T14:03:36","modified_gmt":"2022-07-05T19:03:36","slug":"belkin-2pk-5-pies-cable-trenzado-lightning-a-usb-a-de-15-m-con-correa-plateado","status":"publish","type":"product","link":"https:\/\/defabrica.com.mx\/defabrica\/producto\/belkin-2pk-5-pies-cable-trenzado-lightning-a-usb-a-de-15-m-con-correa-plateado\/","title":{"rendered":"Belkin 2pk 5 pies. Cable trenzado Lightning a USB-A de 1,5 m con correa, plateado"},"content":{"rendered":"<p>Cargue y sincronice todos sus dispositivos Lightning de forma r\u00e1pida y segura, con un solo cable de 5 pies.\u00a0Simplemente conecte el extremo USB a cualquier puerto USB-A y conecte su iPhone, iPad u otro dispositivo compatible con Lightning para mantenerse encendido en casa, en la oficina o en la carretera.\u00a0El cable Lightning a USB de 5 pies puede alcanzar distancias convenientes sin dejar de ser lo suficientemente compacto como para tirarlo en una bolsa y listo.\u00a0Se conecta a cualquier puerto USB-A, por lo que puede usarlo pr\u00e1cticamente en cualquier lugar.\u00a0Con\u00e9ctese a su computadora port\u00e1til para cargar y sincronizar, use su propio cargador de pared para cargar desde la pared o con\u00e9ctelo a un cargador de autom\u00f3vil y cargue en la carretera.\u00a0Hecho para iPhone \/ iPad.<u><b><\/b><\/u><\/p>\n<h3><strong>Caracter\u00edsticas<\/strong><\/h3>\n<ul>\n<li>Paquete de 2 cables trenzados Belkin Lightning a USB-A de 1,5 m con correa, plateado<\/li>\n<li>Cable de 1,5 metros \/ 5 pies<\/li>\n<li>Se conecta a cualquier puerto USB-A para cargar dispositivos port\u00e1tiles<\/li>\n<li>Sincroniza m\u00fasica e im\u00e1genes desde y hacia su computadora port\u00e1til en segundos<\/li>\n<li>La gesti\u00f3n de cables permite un almacenamiento limpio y sencillo<\/li>\n<li>La construcci\u00f3n ultra duradera est\u00e1 probada para soportar m\u00e1s de 10,000 curvas y giros<\/li>\n<li>Hecho para iPhone y iPad<\/li>\n<li>Garant\u00eda limitada de 2 a\u00f1os<\/li>\n<\/ul>\n","protected":false},"excerpt":{"rendered":"<p>Cargue y sincronice todos sus dispositivos Lightning de forma r\u00e1pida y segura, con un solo cable de 5 pies.\u00a0Simplemente conecte el extremo USB a cualquier puerto USB-A y conecte su<\/p>\n","protected":false},"featured_media":16055,"comment_status":"open","ping_status":"closed","template":"","meta":{"_acf_changed":false,"_joinchat":[]},"product_brand":[],"product_cat":[408,275,413,416],"product_tag":[],"class_list":{"0":"post-16049","1":"product","2":"type-product","3":"status-publish","4":"has-post-thumbnail","6":"product_cat-celulares-y-tablets","7":"product_cat-accesorios-para-celular","8":"product_cat-cargadores","9":"product_cat-todos-los-accesorios-para-celulares","11":"first","12":"instock","13":"sale","14":"shipping-taxable","15":"purchasable","16":"product-type-variable","17":"has-default-attributes"},"acf":[],"_links":{"self":[{"href":"https:\/\/defabrica.com.mx\/defabrica\/wp-json\/wp\/v2\/product\/16049","targetHints":{"allow":["GET"]}}],"collection":[{"href":"https:\/\/defabrica.com.mx\/defabrica\/wp-json\/wp\/v2\/product"}],"about":[{"href":"https:\/\/defabrica.com.mx\/defabrica\/wp-json\/wp\/v2\/types\/product"}],"replies":[{"embeddable":true,"href":"https:\/\/defabrica.com.mx\/defabrica\/wp-json\/wp\/v2\/comments?post=16049"}],"wp:featuredmedia":[{"embeddable":true,"href":"https:\/\/defabrica.com.mx\/defabrica\/wp-json\/wp\/v2\/media\/16055"}],"wp:attachment":[{"href":"https:\/\/defabrica.com.mx\/defabrica\/wp-json\/wp\/v2\/media?parent=16049"}],"wp:term":[{"taxonomy":"product_brand","embeddable":true,"href":"https:\/\/defabrica.com.mx\/defabrica\/wp-json\/wp\/v2\/product_brand?post=16049"},{"taxonomy":"product_cat","embeddable":true,"href":"https:\/\/defabrica.com.mx\/defabrica\/wp-json\/wp\/v2\/product_cat?post=16049"},{"taxonomy":"product_tag","embeddable":true,"href":"https:\/\/defabrica.com.mx\/defabrica\/wp-json\/wp\/v2\/product_tag?post=16049"}],"curies":[{"name":"wp","href":"https:\/\/api.w.org\/{rel}","templated":true}]}}