{"id":15939,"date":"2020-10-22T14:58:54","date_gmt":"2020-10-22T19:58:54","guid":{"rendered":"https:\/\/defabrica.com.mx\/defabrica\/?post_type=product&#038;p=15939"},"modified":"2022-11-30T14:59:22","modified_gmt":"2022-11-30T20:59:22","slug":"jabra-auriculares-internos-inalambricos-elite-75t-true-negro","status":"publish","type":"product","link":"https:\/\/defabrica.com.mx\/defabrica\/producto\/jabra-auriculares-internos-inalambricos-elite-75t-true-negro\/","title":{"rendered":"Jabra &#8211; Auriculares internos inal\u00e1mbricos Elite 75t True &#8211; Negro"},"content":{"rendered":"<div>\n<div>Disfrute del potente sonido de estos auriculares inal\u00e1mbricos Jabra Elite 75t.\u00a0La bater\u00eda recargable ofrece hasta 7.5 horas de uso cuando est\u00e1 completamente cargada, y el rango de conectividad Bluetooth de 33 pies le permite alejarse libremente de su dispositivo m\u00f3vil sin cortes de audio.\u00a0Estos auriculares inal\u00e1mbricos Jabra Elite 75t tienen tecnolog\u00eda de llamada de cuatro micr\u00f3fonos, lo que proporciona una captaci\u00f3n de sonido clara y bloquea el ruido de fondo al responder llamadas.<\/div>\n<\/div>\n<div><\/div>\n<div>\n<h3><\/h3>\n<h3><\/h3>\n<h3 class=\"heading-5 v-fw-regular feature-heading\"><strong>Caracter\u00edsticas<\/strong><\/h3>\n<ul>\n<li><strong>Auriculares verdaderamente inal\u00e1mbricos<\/strong><br \/>\nELIMINAR<\/li>\n<li><strong>Bater\u00eda recargable<\/strong><br \/>\nELIMINAR<\/li>\n<li><strong>Micr\u00f3fono incorporado<\/strong><br \/>\nPermite charlar con manos libres a trav\u00e9s de un dispositivo compatible.<\/li>\n<li><strong>Interfaz Bluetooth 5.0<\/strong><br \/>\nPermite el emparejamiento inal\u00e1mbrico simple con su dispositivo habilitado para Bluetooth. Admite perfiles Bluetooth HFP, HSP, SPP, A2DP y AVRCP.<\/li>\n<li><strong>Dise\u00f1o en la oreja<\/strong><br \/>\nSe adapta de forma segura y dirige la m\u00fasica a sus o\u00eddos para un audio completo e ininterrumpido.<\/li>\n<li><strong>Controles de auriculares<\/strong><br \/>\nIncluye volumen, responder \/ finalizar y reproducir \/ pausar.<\/li>\n<li><strong>Controladores de 6 mm<\/strong><br \/>\nOfrece un sonido potente.<\/li>\n<li><strong>Respuesta de frecuencia de auriculares de 20 Hz a 20 kHz<\/strong><br \/>\nJunto con una respuesta de frecuencia de micr\u00f3fono de 100Hz &#8211; 10kHz asegura una reproducci\u00f3n de sonido fiel.<\/li>\n<li><strong>Dise\u00f1o est\u00e9reo<\/strong><br \/>\nOfrece tonos n\u00edtidos.<\/li>\n<\/ul>\n<p>&nbsp;<\/p>\n<\/div>\n<h3>Qu\u00e9 est\u00e1 incluido<\/h3>\n<div class=\"list-container list-lv\">\n<ul class=\" bold\">\n<li class=\"bold v-fw-medium body-copy\">Jabra Elite 75t<\/li>\n<li class=\"bold v-fw-medium body-copy\">Estuche de carga, 3 pares de EarGels<\/li>\n<\/ul>\n<\/div>\n<div>\n<div class=\"feature-body-container\">\n<div class=\"features-list-container\">\n<div class=\"features-list all-features\">\n<div class=\"list-row\"><\/div>\n<\/div>\n<\/div>\n<\/div>\n<\/div>\n","protected":false},"excerpt":{"rendered":"<p>Disfrute del potente sonido de estos auriculares inal\u00e1mbricos Jabra Elite 75t.\u00a0La bater\u00eda recargable ofrece hasta 7.5 horas de uso cuando est\u00e1 completamente cargada, y el rango de conectividad Bluetooth de<\/p>\n","protected":false},"featured_media":15947,"comment_status":"open","ping_status":"closed","template":"","meta":{"_acf_changed":false,"_joinchat":[]},"product_brand":[],"product_cat":[1476],"product_tag":[],"class_list":{"0":"post-15939","1":"product","2":"type-product","3":"status-publish","4":"has-post-thumbnail","6":"product_cat-ofertas-primavera-audio","8":"first","9":"instock","10":"sale","11":"shipping-taxable","12":"purchasable","13":"product-type-variable","14":"has-default-attributes"},"acf":[],"_links":{"self":[{"href":"https:\/\/defabrica.com.mx\/defabrica\/wp-json\/wp\/v2\/product\/15939","targetHints":{"allow":["GET"]}}],"collection":[{"href":"https:\/\/defabrica.com.mx\/defabrica\/wp-json\/wp\/v2\/product"}],"about":[{"href":"https:\/\/defabrica.com.mx\/defabrica\/wp-json\/wp\/v2\/types\/product"}],"replies":[{"embeddable":true,"href":"https:\/\/defabrica.com.mx\/defabrica\/wp-json\/wp\/v2\/comments?post=15939"}],"wp:featuredmedia":[{"embeddable":true,"href":"https:\/\/defabrica.com.mx\/defabrica\/wp-json\/wp\/v2\/media\/15947"}],"wp:attachment":[{"href":"https:\/\/defabrica.com.mx\/defabrica\/wp-json\/wp\/v2\/media?parent=15939"}],"wp:term":[{"taxonomy":"product_brand","embeddable":true,"href":"https:\/\/defabrica.com.mx\/defabrica\/wp-json\/wp\/v2\/product_brand?post=15939"},{"taxonomy":"product_cat","embeddable":true,"href":"https:\/\/defabrica.com.mx\/defabrica\/wp-json\/wp\/v2\/product_cat?post=15939"},{"taxonomy":"product_tag","embeddable":true,"href":"https:\/\/defabrica.com.mx\/defabrica\/wp-json\/wp\/v2\/product_tag?post=15939"}],"curies":[{"name":"wp","href":"https:\/\/api.w.org\/{rel}","templated":true}]}}