{"id":15909,"date":"2020-10-22T14:06:16","date_gmt":"2020-10-22T19:06:16","guid":{"rendered":"https:\/\/defabrica.com.mx\/defabrica\/?post_type=product&#038;p=15909"},"modified":"2022-11-30T12:33:26","modified_gmt":"2022-11-30T18:33:26","slug":"gigabyte-aero-15-oled-kb-8us5130sp-15-6-uhd-amoled-i7-10875h-rtx-2060-gddr6-6gb-8gbx2-ddr4-m-2-pcie-512gb-ssd-win10-pro-laptop","status":"publish","type":"product","link":"https:\/\/defabrica.com.mx\/defabrica\/producto\/gigabyte-aero-15-oled-kb-8us5130sp-15-6-uhd-amoled-i7-10875h-rtx-2060-gddr6-6gb-8gbx2-ddr4-m-2-pcie-512gb-ssd-win10-pro-laptop\/","title":{"rendered":"GIGABYTE AERO 15 OLED KB-8US5130SP 15.6 \u00abUHD AMOLED i7-10875H RTX 2060 GDDR6 6GB 8GBx2 DDR4 M.2 PCIe 512GB SSD Win10 Pro Laptop"},"content":{"rendered":"<p>AERO: Rendimiento desenfrenado, infinitas posibilidades.\u00a0Desde el principio, la serie AERO elev\u00f3 el list\u00f3n de lo que deber\u00eda ser una computadora port\u00e1til de alto rendimiento;\u00a0ultraligero, ultrarr\u00e1pido, sin limitaciones.\u00a0La ingenier\u00eda de vanguardia mejor\u00f3 la experiencia del usuario final al abordar los detalles m\u00e1s finos, optimizando el rendimiento a trav\u00e9s de la calibraci\u00f3n.\u00a0El nuevo AERO evoluciona nuevamente desde adentro hacia afuera con un sistema de enfriamiento mejorado, est\u00e9tica refinada con una experiencia visual incomparable, brindando a los usuarios el poder de realizar infinitas posibilidades creativas.\u00a0Con la serie AERO, los usuarios pueden tener un video ultrarr\u00e1pido o renderizado en 3D, o disfrutar de un juego fluido como la mantequilla de los t\u00edtulos de juegos AAA. AERO: Rendimiento desenfrenado, posibilidades infinitas;\u00a0AERO: Laptop vers\u00e1til completamente nueva;\u00a0La creatividad de AERO comienza aqu\u00ed.<\/p>\n<p><span class=\"font-bold\">Garant\u00eda:\u00a0 1 a\u00f1o directamente con nosotros.<\/span><span class=\"xxs-margin-left\"><br \/>\n<\/span><\/p>\n<p>&nbsp;<\/p>\n<p>&nbsp;<\/p>\n","protected":false},"excerpt":{"rendered":"<p>AERO: Rendimiento desenfrenado, infinitas posibilidades.\u00a0Desde el principio, la serie AERO elev\u00f3 el list\u00f3n de lo que deber\u00eda ser una computadora port\u00e1til de alto rendimiento;\u00a0ultraligero, ultrarr\u00e1pido, sin limitaciones.\u00a0La ingenier\u00eda de vanguardia<\/p>\n","protected":false},"featured_media":63611,"comment_status":"open","ping_status":"closed","template":"","meta":{"_acf_changed":false,"_joinchat":[]},"product_brand":[],"product_cat":[240,241,277,280,432],"product_tag":[],"class_list":{"0":"post-15909","1":"product","2":"type-product","3":"status-publish","4":"has-post-thumbnail","6":"product_cat-computadoras","7":"product_cat-laptops","8":"product_cat-zona-gamer","9":"product_cat-pc-gaming","10":"product_cat-laptops-gamer","12":"first","13":"instock","14":"sale","15":"shipping-taxable","16":"purchasable","17":"product-type-simple"},"acf":[],"_links":{"self":[{"href":"https:\/\/defabrica.com.mx\/defabrica\/wp-json\/wp\/v2\/product\/15909","targetHints":{"allow":["GET"]}}],"collection":[{"href":"https:\/\/defabrica.com.mx\/defabrica\/wp-json\/wp\/v2\/product"}],"about":[{"href":"https:\/\/defabrica.com.mx\/defabrica\/wp-json\/wp\/v2\/types\/product"}],"replies":[{"embeddable":true,"href":"https:\/\/defabrica.com.mx\/defabrica\/wp-json\/wp\/v2\/comments?post=15909"}],"wp:featuredmedia":[{"embeddable":true,"href":"https:\/\/defabrica.com.mx\/defabrica\/wp-json\/wp\/v2\/media\/63611"}],"wp:attachment":[{"href":"https:\/\/defabrica.com.mx\/defabrica\/wp-json\/wp\/v2\/media?parent=15909"}],"wp:term":[{"taxonomy":"product_brand","embeddable":true,"href":"https:\/\/defabrica.com.mx\/defabrica\/wp-json\/wp\/v2\/product_brand?post=15909"},{"taxonomy":"product_cat","embeddable":true,"href":"https:\/\/defabrica.com.mx\/defabrica\/wp-json\/wp\/v2\/product_cat?post=15909"},{"taxonomy":"product_tag","embeddable":true,"href":"https:\/\/defabrica.com.mx\/defabrica\/wp-json\/wp\/v2\/product_tag?post=15909"}],"curies":[{"name":"wp","href":"https:\/\/api.w.org\/{rel}","templated":true}]}}