{"id":15882,"date":"2020-10-22T13:43:55","date_gmt":"2020-10-22T18:43:55","guid":{"rendered":"https:\/\/defabrica.com.mx\/defabrica\/?post_type=product&#038;p=15882"},"modified":"2023-01-24T13:24:09","modified_gmt":"2023-01-24T19:24:09","slug":"teclado-bluetooth-inalambrico-para-multiples-dispositivos-motile-niquel","status":"publish","type":"product","link":"https:\/\/defabrica.com.mx\/defabrica\/producto\/teclado-bluetooth-inalambrico-para-multiples-dispositivos-motile-niquel\/","title":{"rendered":"Teclado Bluetooth\u00ae inal\u00e1mbrico para m\u00faltiples dispositivos MOTILE \u2122, n\u00edquel"},"content":{"rendered":"<p>El teclado Bluetooth\u00ae inal\u00e1mbrico para m\u00faltiples dispositivos MOTILE \u2122 es la combinaci\u00f3n perfecta de funcionalidad y conveniencia.\u00a0Este teclado es plegable con un cierre magn\u00e9tico que lo convierte en la herramienta perfecta para la correspondencia con precisi\u00f3n y facilidad.\u00a0Cuenta con un dise\u00f1o de teclado QWERTY de tama\u00f1o completo con un exterior plateado y teclas blancas y est\u00e1 hecho de n\u00edquel, lo que lo convierte en una combinaci\u00f3n f\u00e1cil para muchos dispositivos electr\u00f3nicos.\u00a0Tambi\u00e9n cuenta con pies de goma, lo que lo mantiene s\u00faper seguro en su mesa.\u00a0Este teclado es f\u00e1cil de usar y de emparejar con cualquier dispositivo Bluetooth, como su computadora port\u00e1til, tel\u00e9fono inteligente, tableta, computadora o cualquier otro dispositivo inal\u00e1mbrico.\u00a0Tambi\u00e9n tiene un puerto micro USB \/ conexi\u00f3n de cable micro USB a USB.\u00a0\u00a1Tambi\u00e9n es s\u00faper liviano, lo que lo hace ideal para viajar para trabajar o jugar mientras viaja!\u00a0Echa un vistazo a Motile para ver nuestra colecci\u00f3n de elegantes.<\/p>\n","protected":false},"excerpt":{"rendered":"<p>El teclado Bluetooth\u00ae inal\u00e1mbrico para m\u00faltiples dispositivos MOTILE \u2122 es la combinaci\u00f3n perfecta de funcionalidad y conveniencia.\u00a0Este teclado es plegable con un cierre magn\u00e9tico que lo convierte en la herramienta<\/p>\n","protected":false},"featured_media":15883,"comment_status":"open","ping_status":"closed","template":"","meta":{"_acf_changed":false,"_joinchat":[]},"product_brand":[],"product_cat":[240,250],"product_tag":[],"class_list":{"0":"post-15882","1":"product","2":"type-product","3":"status-publish","4":"has-post-thumbnail","6":"product_cat-computadoras","7":"product_cat-mouse-y-teclados","9":"first","10":"instock","11":"sale","12":"shipping-taxable","13":"purchasable","14":"product-type-simple"},"acf":[],"_links":{"self":[{"href":"https:\/\/defabrica.com.mx\/defabrica\/wp-json\/wp\/v2\/product\/15882","targetHints":{"allow":["GET"]}}],"collection":[{"href":"https:\/\/defabrica.com.mx\/defabrica\/wp-json\/wp\/v2\/product"}],"about":[{"href":"https:\/\/defabrica.com.mx\/defabrica\/wp-json\/wp\/v2\/types\/product"}],"replies":[{"embeddable":true,"href":"https:\/\/defabrica.com.mx\/defabrica\/wp-json\/wp\/v2\/comments?post=15882"}],"wp:featuredmedia":[{"embeddable":true,"href":"https:\/\/defabrica.com.mx\/defabrica\/wp-json\/wp\/v2\/media\/15883"}],"wp:attachment":[{"href":"https:\/\/defabrica.com.mx\/defabrica\/wp-json\/wp\/v2\/media?parent=15882"}],"wp:term":[{"taxonomy":"product_brand","embeddable":true,"href":"https:\/\/defabrica.com.mx\/defabrica\/wp-json\/wp\/v2\/product_brand?post=15882"},{"taxonomy":"product_cat","embeddable":true,"href":"https:\/\/defabrica.com.mx\/defabrica\/wp-json\/wp\/v2\/product_cat?post=15882"},{"taxonomy":"product_tag","embeddable":true,"href":"https:\/\/defabrica.com.mx\/defabrica\/wp-json\/wp\/v2\/product_tag?post=15882"}],"curies":[{"name":"wp","href":"https:\/\/api.w.org\/{rel}","templated":true}]}}