{"id":15875,"date":"2020-10-22T13:27:52","date_gmt":"2020-10-22T18:27:52","guid":{"rendered":"https:\/\/defabrica.com.mx\/defabrica\/?post_type=product&#038;p=15875"},"modified":"2023-01-24T13:23:17","modified_gmt":"2023-01-24T19:23:17","slug":"teclado-mecanico-para-juegos-con-retroiluminacion-logitech-g413","status":"publish","type":"product","link":"https:\/\/defabrica.com.mx\/defabrica\/producto\/teclado-mecanico-para-juegos-con-retroiluminacion-logitech-g413\/","title":{"rendered":"Teclado mec\u00e1nico para juegos con retroiluminaci\u00f3n Logitech G413"},"content":{"rendered":"<p>El teclado para juegos con retroiluminaci\u00f3n mec\u00e1nica Logitech G413 ofrece un rendimiento, tecnolog\u00edas y funciones inigualables en un dise\u00f1o cuidadosamente equilibrado.\u00a0\u00bfCon Romer-G?\u00a0conmutadores, G413 proporciona una velocidad, capacidad de respuesta y durabilidad incomparables.Teclado para juegos Logitech G413<\/p>\n<p>&nbsp;<\/p>\n","protected":false},"excerpt":{"rendered":"<p>El teclado para juegos con retroiluminaci\u00f3n mec\u00e1nica Logitech G413 ofrece un rendimiento, tecnolog\u00edas y funciones inigualables en un dise\u00f1o cuidadosamente equilibrado.\u00a0\u00bfCon Romer-G?\u00a0conmutadores, G413 proporciona una velocidad, capacidad de respuesta y<\/p>\n","protected":false},"featured_media":15876,"comment_status":"open","ping_status":"closed","template":"","meta":{"_acf_changed":false,"_joinchat":[]},"product_brand":[],"product_cat":[240,245,250,277,280,434],"product_tag":[],"class_list":{"0":"post-15875","1":"product","2":"type-product","3":"status-publish","4":"has-post-thumbnail","6":"product_cat-computadoras","7":"product_cat-accesorios-computadoras","8":"product_cat-mouse-y-teclados","9":"product_cat-zona-gamer","10":"product_cat-pc-gaming","11":"product_cat-mouse-y-teclado-gamer","13":"first","14":"instock","15":"sale","16":"shipping-taxable","17":"purchasable","18":"product-type-simple"},"acf":[],"_links":{"self":[{"href":"https:\/\/defabrica.com.mx\/defabrica\/wp-json\/wp\/v2\/product\/15875","targetHints":{"allow":["GET"]}}],"collection":[{"href":"https:\/\/defabrica.com.mx\/defabrica\/wp-json\/wp\/v2\/product"}],"about":[{"href":"https:\/\/defabrica.com.mx\/defabrica\/wp-json\/wp\/v2\/types\/product"}],"replies":[{"embeddable":true,"href":"https:\/\/defabrica.com.mx\/defabrica\/wp-json\/wp\/v2\/comments?post=15875"}],"wp:featuredmedia":[{"embeddable":true,"href":"https:\/\/defabrica.com.mx\/defabrica\/wp-json\/wp\/v2\/media\/15876"}],"wp:attachment":[{"href":"https:\/\/defabrica.com.mx\/defabrica\/wp-json\/wp\/v2\/media?parent=15875"}],"wp:term":[{"taxonomy":"product_brand","embeddable":true,"href":"https:\/\/defabrica.com.mx\/defabrica\/wp-json\/wp\/v2\/product_brand?post=15875"},{"taxonomy":"product_cat","embeddable":true,"href":"https:\/\/defabrica.com.mx\/defabrica\/wp-json\/wp\/v2\/product_cat?post=15875"},{"taxonomy":"product_tag","embeddable":true,"href":"https:\/\/defabrica.com.mx\/defabrica\/wp-json\/wp\/v2\/product_tag?post=15875"}],"curies":[{"name":"wp","href":"https:\/\/api.w.org\/{rel}","templated":true}]}}