{"id":15862,"date":"2020-10-22T12:55:37","date_gmt":"2020-10-22T17:55:37","guid":{"rendered":"https:\/\/defabrica.com.mx\/defabrica\/?post_type=product&#038;p=15862"},"modified":"2023-01-24T13:22:25","modified_gmt":"2023-01-24T19:22:25","slug":"teclado-inalambrico-logitech-k360-para-windows-negro","status":"publish","type":"product","link":"https:\/\/defabrica.com.mx\/defabrica\/producto\/teclado-inalambrico-logitech-k360-para-windows-negro\/","title":{"rendered":"Teclado inal\u00e1mbrico Logitech K360 para Windows, negro"},"content":{"rendered":"<p>El teclado inal\u00e1mbrico K360 es el compa\u00f1ero perfecto para la computadora port\u00e1til y le permite escribir con m\u00e1s comodidad mientras ocupa menos espacio.\u00a0La duraci\u00f3n de la bater\u00eda de tres a\u00f1os es tan sencilla que es posible que olvide que usa bater\u00edas.\u00a0Puede hacer m\u00e1s, m\u00e1s r\u00e1pido con seis teclas de acceso r\u00e1pido y doce teclas F programables para acceso instant\u00e1neo a m\u00fasica, correo electr\u00f3nico y m\u00e1s.\u00a0Sencillez de configuraci\u00f3n plug-and-play: simplemente inserte el peque\u00f1o receptor Unifying y d\u00e9jelo all\u00ed.<\/p>\n<ul>\n<li>Comodidad compacta para su computadora port\u00e1til con un dise\u00f1o al que est\u00e1 acostumbrado.<\/li>\n<li>Duraci\u00f3n extendida de la bater\u00eda de tres a\u00f1os.<\/li>\n<li>Incluye seis teclas de acceso r\u00e1pido y 12 teclas F programables.<\/li>\n<li>Conectividad inal\u00e1mbrica avanzada de 2,4 GHz de largo alcance.<\/li>\n<li>Configuraci\u00f3n plug-and-play utilizando el peque\u00f1o receptor Logitech Unifying.<\/li>\n<li>Teclas enmarcadas muy silenciosas para una escritura m\u00e1s c\u00f3moda.<\/li>\n<li>Patas robustas incorporadas con inclinaci\u00f3n ajustable.<\/li>\n<li>N\u00famero de modelo: 920-004088<\/li>\n<li><span class=\"font-bold\">Garant\u00eda:\u00a0 1 a\u00f1o directamente con nosotros.<\/span><span class=\"xxs-margin-left\"><br \/>\n<\/span><\/li>\n<\/ul>\n","protected":false},"excerpt":{"rendered":"<p>El teclado inal\u00e1mbrico K360 es el compa\u00f1ero perfecto para la computadora port\u00e1til y le permite escribir con m\u00e1s comodidad mientras ocupa menos espacio.\u00a0La duraci\u00f3n de la bater\u00eda de tres a\u00f1os<\/p>\n","protected":false},"featured_media":15865,"comment_status":"open","ping_status":"closed","template":"","meta":{"_acf_changed":false,"_joinchat":[]},"product_brand":[],"product_cat":[240,250,277,280,434],"product_tag":[],"class_list":{"0":"post-15862","1":"product","2":"type-product","3":"status-publish","4":"has-post-thumbnail","6":"product_cat-computadoras","7":"product_cat-mouse-y-teclados","8":"product_cat-zona-gamer","9":"product_cat-pc-gaming","10":"product_cat-mouse-y-teclado-gamer","12":"first","13":"instock","14":"sale","15":"shipping-taxable","16":"purchasable","17":"product-type-simple"},"acf":[],"_links":{"self":[{"href":"https:\/\/defabrica.com.mx\/defabrica\/wp-json\/wp\/v2\/product\/15862","targetHints":{"allow":["GET"]}}],"collection":[{"href":"https:\/\/defabrica.com.mx\/defabrica\/wp-json\/wp\/v2\/product"}],"about":[{"href":"https:\/\/defabrica.com.mx\/defabrica\/wp-json\/wp\/v2\/types\/product"}],"replies":[{"embeddable":true,"href":"https:\/\/defabrica.com.mx\/defabrica\/wp-json\/wp\/v2\/comments?post=15862"}],"wp:featuredmedia":[{"embeddable":true,"href":"https:\/\/defabrica.com.mx\/defabrica\/wp-json\/wp\/v2\/media\/15865"}],"wp:attachment":[{"href":"https:\/\/defabrica.com.mx\/defabrica\/wp-json\/wp\/v2\/media?parent=15862"}],"wp:term":[{"taxonomy":"product_brand","embeddable":true,"href":"https:\/\/defabrica.com.mx\/defabrica\/wp-json\/wp\/v2\/product_brand?post=15862"},{"taxonomy":"product_cat","embeddable":true,"href":"https:\/\/defabrica.com.mx\/defabrica\/wp-json\/wp\/v2\/product_cat?post=15862"},{"taxonomy":"product_tag","embeddable":true,"href":"https:\/\/defabrica.com.mx\/defabrica\/wp-json\/wp\/v2\/product_tag?post=15862"}],"curies":[{"name":"wp","href":"https:\/\/api.w.org\/{rel}","templated":true}]}}