{"id":15853,"date":"2020-10-22T12:35:00","date_gmt":"2020-10-22T17:35:00","guid":{"rendered":"https:\/\/defabrica.com.mx\/defabrica\/?post_type=product&#038;p=15853"},"modified":"2023-01-24T13:17:40","modified_gmt":"2023-01-24T19:17:40","slug":"disco-duro-externo-portatil-toshiba-canvio-ready-de-2-tb-hdtp220xk3ca","status":"publish","type":"product","link":"https:\/\/defabrica.com.mx\/defabrica\/producto\/disco-duro-externo-portatil-toshiba-canvio-ready-de-2-tb-hdtp220xk3ca\/","title":{"rendered":"Disco duro externo port\u00e1til Toshiba Canvio Ready de 2 TB &#8211; HDTP220XK3CA"},"content":{"rendered":"<p>Listo para la aventura de su vida El disco duro port\u00e1til Toshiba Canvio\u00c2\u00ae Ready le permite recopilar su contenido y llevarlo a cualquier lugar, ofreciendo una alta capacidad de almacenamiento, f\u00e1cil acceso a su contenido almacenado y un rendimiento confiable probado en el tiempo. Nunca dejes de capturar tus aventuras. Canvio\u00c2\u00ae Ready ofrece el espacio para coleccionar en un tama\u00f1o que puede llevar a cualquier parte. Canvio\u00c2\u00ae Ready ofrece una amplia capacidad para que pueda almacenar im\u00e1genes, videos y su m\u00fasica favorita en un peque\u00f1o dispositivo de 2.5 unidad port\u00e1til.<\/p>\n<p><span class=\"font-bold\">Garant\u00eda:\u00a0 1 a\u00f1o directamente con nosotros.<\/span><span class=\"xxs-margin-left\"><br \/>\n<\/span><\/p>\n<p>&nbsp;<\/p>\n<p>&nbsp;<\/p>\n<p>&nbsp;<\/p>\n","protected":false},"excerpt":{"rendered":"<p>Listo para la aventura de su vida El disco duro port\u00e1til Toshiba Canvio\u00c2\u00ae Ready le permite recopilar su contenido y llevarlo a cualquier lugar, ofreciendo una alta capacidad de almacenamiento,<\/p>\n","protected":false},"featured_media":15854,"comment_status":"open","ping_status":"closed","template":"","meta":{"_acf_changed":false,"_joinchat":[]},"product_brand":[],"product_cat":[15],"product_tag":[],"class_list":{"0":"post-15853","1":"product","2":"type-product","3":"status-publish","4":"has-post-thumbnail","6":"product_cat-sin-categoria","8":"first","9":"instock","10":"sale","11":"shipping-taxable","12":"purchasable","13":"product-type-simple"},"acf":[],"_links":{"self":[{"href":"https:\/\/defabrica.com.mx\/defabrica\/wp-json\/wp\/v2\/product\/15853","targetHints":{"allow":["GET"]}}],"collection":[{"href":"https:\/\/defabrica.com.mx\/defabrica\/wp-json\/wp\/v2\/product"}],"about":[{"href":"https:\/\/defabrica.com.mx\/defabrica\/wp-json\/wp\/v2\/types\/product"}],"replies":[{"embeddable":true,"href":"https:\/\/defabrica.com.mx\/defabrica\/wp-json\/wp\/v2\/comments?post=15853"}],"wp:featuredmedia":[{"embeddable":true,"href":"https:\/\/defabrica.com.mx\/defabrica\/wp-json\/wp\/v2\/media\/15854"}],"wp:attachment":[{"href":"https:\/\/defabrica.com.mx\/defabrica\/wp-json\/wp\/v2\/media?parent=15853"}],"wp:term":[{"taxonomy":"product_brand","embeddable":true,"href":"https:\/\/defabrica.com.mx\/defabrica\/wp-json\/wp\/v2\/product_brand?post=15853"},{"taxonomy":"product_cat","embeddable":true,"href":"https:\/\/defabrica.com.mx\/defabrica\/wp-json\/wp\/v2\/product_cat?post=15853"},{"taxonomy":"product_tag","embeddable":true,"href":"https:\/\/defabrica.com.mx\/defabrica\/wp-json\/wp\/v2\/product_tag?post=15853"}],"curies":[{"name":"wp","href":"https:\/\/api.w.org\/{rel}","templated":true}]}}