{"id":15794,"date":"2020-10-22T13:49:04","date_gmt":"2020-10-22T18:49:04","guid":{"rendered":"https:\/\/defabrica.com.mx\/defabrica\/?post_type=product&#038;p=15794"},"modified":"2023-01-13T13:23:05","modified_gmt":"2023-01-13T19:23:05","slug":"auriculares-powerbeats-pro-totalmente-inalambricos-con-chip-para-auriculares-apple-h1-negro","status":"publish","type":"product","link":"https:\/\/defabrica.com.mx\/defabrica\/producto\/auriculares-powerbeats-pro-totalmente-inalambricos-con-chip-para-auriculares-apple-h1-negro\/","title":{"rendered":"Auriculares Powerbeats Pro totalmente inal\u00e1mbricos con chip para auriculares Apple H1 &#8211; Negro"},"content":{"rendered":"<p>Los auriculares Powerbeats Pro totalmente inal\u00e1mbricos est\u00e1n dise\u00f1ados para revolucionar sus entrenamientos.\u00a0Con cero cables para retenerlo, los ganchos para las orejas ajustables y de ajuste seguro son personalizables para brindar mayor comodidad y estabilidad.<\/p>\n<p>Un dise\u00f1o reforzado para la resistencia al sudor y al agua te permite llevarlo al siguiente nivel.\u00a0Cada auricular tiene controles completos de volumen y pista y hasta 9 horas de tiempo de escucha para alimentar tu entrenamiento con un sonido potente y equilibrado.<\/p>\n<h3><b>Caracter\u00edsticas\u00a0<\/b><\/h3>\n<ul>\n<li>Auriculares Powerbeats Pro totalmente inal\u00e1mbricos<\/li>\n<li>Estuche de carga<\/li>\n<li>Olivas con cuatro opciones de tama\u00f1o<\/li>\n<li>Cable de carga Lightning a USB-A<\/li>\n<li>Gu\u00eda de inicio r\u00e1pido<\/li>\n<li>Tarjeta de garant\u00eda<\/li>\n<\/ul>\n","protected":false},"excerpt":{"rendered":"<p>Los auriculares Powerbeats Pro totalmente inal\u00e1mbricos est\u00e1n dise\u00f1ados para revolucionar sus entrenamientos.\u00a0Con cero cables para retenerlo, los ganchos para las orejas ajustables y de ajuste seguro son personalizables para brindar<\/p>\n","protected":false},"featured_media":15900,"comment_status":"open","ping_status":"closed","template":"","meta":{"_acf_changed":false,"_joinchat":[]},"product_brand":[],"product_cat":[408,275,416,294,300,304],"product_tag":[],"class_list":{"0":"post-15794","1":"product","2":"type-product","3":"status-publish","4":"has-post-thumbnail","6":"product_cat-celulares-y-tablets","7":"product_cat-accesorios-para-celular","8":"product_cat-todos-los-accesorios-para-celulares","9":"product_cat-audio","10":"product_cat-audifonos","11":"product_cat-inalambricos","13":"first","14":"instock","15":"sale","16":"shipping-taxable","17":"purchasable","18":"product-type-variable","19":"has-default-attributes"},"acf":[],"_links":{"self":[{"href":"https:\/\/defabrica.com.mx\/defabrica\/wp-json\/wp\/v2\/product\/15794","targetHints":{"allow":["GET"]}}],"collection":[{"href":"https:\/\/defabrica.com.mx\/defabrica\/wp-json\/wp\/v2\/product"}],"about":[{"href":"https:\/\/defabrica.com.mx\/defabrica\/wp-json\/wp\/v2\/types\/product"}],"replies":[{"embeddable":true,"href":"https:\/\/defabrica.com.mx\/defabrica\/wp-json\/wp\/v2\/comments?post=15794"}],"wp:featuredmedia":[{"embeddable":true,"href":"https:\/\/defabrica.com.mx\/defabrica\/wp-json\/wp\/v2\/media\/15900"}],"wp:attachment":[{"href":"https:\/\/defabrica.com.mx\/defabrica\/wp-json\/wp\/v2\/media?parent=15794"}],"wp:term":[{"taxonomy":"product_brand","embeddable":true,"href":"https:\/\/defabrica.com.mx\/defabrica\/wp-json\/wp\/v2\/product_brand?post=15794"},{"taxonomy":"product_cat","embeddable":true,"href":"https:\/\/defabrica.com.mx\/defabrica\/wp-json\/wp\/v2\/product_cat?post=15794"},{"taxonomy":"product_tag","embeddable":true,"href":"https:\/\/defabrica.com.mx\/defabrica\/wp-json\/wp\/v2\/product_tag?post=15794"}],"curies":[{"name":"wp","href":"https:\/\/api.w.org\/{rel}","templated":true}]}}