{"id":15787,"date":"2020-10-21T23:17:12","date_gmt":"2020-10-22T04:17:12","guid":{"rendered":"https:\/\/defabrica.com.mx\/defabrica\/?post_type=product&#038;p=15787"},"modified":"2023-01-13T13:21:15","modified_gmt":"2023-01-13T19:21:15","slug":"bose-auriculares-con-cancelacion-de-ruido-quietcomfort-auriculares-internos-inalambricos-verdaderos-con-bluetooth-triple-negro","status":"publish","type":"product","link":"https:\/\/defabrica.com.mx\/defabrica\/producto\/bose-auriculares-con-cancelacion-de-ruido-quietcomfort-auriculares-internos-inalambricos-verdaderos-con-bluetooth-triple-negro\/","title":{"rendered":"Bose &#8211; Auriculares con cancelaci\u00f3n de ruido QuietComfort &#8211; Auriculares internos inal\u00e1mbricos verdaderos con Bluetooth &#8211; Triple negro"},"content":{"rendered":"<p>Los aud\u00edfonos Bose QuietComfort combinan una experiencia auditiva asombrosa con la tecnolog\u00eda de cancelaci\u00f3n de ruido m\u00e1s efectiva del mundo en un aud\u00edfono verdaderamente inal\u00e1mbrico.<\/p>\n<h3 class=\"heading-5 v-fw-regular feature-heading\"><strong>Caracter\u00edsticas<\/strong><\/h3>\n<ul>\n<li><strong>Experiencia auditiva inmersiva.<\/strong><br \/>\nLas innovaciones ac\u00fasticas de vanguardia y la tecnolog\u00eda patentada de cancelaci\u00f3n de ruido activa y pasiva crean un sonido realista sobre un lecho de silencio virtual.<\/li>\n<li><strong>Tecnolog\u00eda Active EQ optimizada por volumen.<\/strong><br \/>\nExclusiva de Bose, esta tecnolog\u00eda aumenta autom\u00e1ticamente los graves y agudos, por lo que su audio permanece equilibrado de forma constante, incluso cuando cambia el volumen.<\/li>\n<li><strong>La cancelaci\u00f3n de ruido m\u00e1s eficaz del mundo.<\/strong><br \/>\nCon 11 niveles de cancelaci\u00f3n de ruido ajustable, los aud\u00edfonos Bose QuietComfort pueden pasar de la cancelaci\u00f3n de ruido m\u00e1s alta a la transparencia total, perfecta para conversaciones r\u00e1pidas.<\/li>\n<li><strong>Consejos StayHear \u2122 Max.<\/strong><br \/>\nPersonaliza el ajuste de tus auriculares Bose QuietComfort con una de las 3 almohadillas diferentes incluidas. Est\u00e1n hechos de silicona suave, por lo que no se quedan quietos, se sentir\u00e1n c\u00f3modos todo el d\u00eda.<\/li>\n<li><strong>Matriz de dos micr\u00f3fonos.<\/strong><br \/>\nNo siempre es f\u00e1cil hacer una llamada silenciosa. El sistema de micr\u00f3fono de estos auriculares inal\u00e1mbricos est\u00e1 dise\u00f1ado espec\u00edficamente para capturar su voz y rechazar la mayor parte del ruido ambiental, de modo que lo escuchen de forma natural y clara.<\/li>\n<li><strong>Interfaz t\u00e1ctil capacitiva.<\/strong><br \/>\nEn lugar de botones, controle sus auriculares inal\u00e1mbricos con una serie de simples gestos. Toca dos veces el auricular izquierdo para cancelar el ruido. Toca dos veces a la derecha para reproducir y pausar la m\u00fasica. Tiene todas sus funciones favoritas al alcance de su mano.<\/li>\n<li><strong>Resistente al sudor y a la intemperie.<\/strong><br \/>\nNo importa lo que la madre naturaleza les arroje, o cu\u00e1nto sudes, estos aud\u00edfonos con clasificaci\u00f3n IPX4 seguir\u00e1n brindando un audio Bose de excelente sonido.<\/li>\n<li><strong>Hasta 6 horas de duraci\u00f3n de la bater\u00eda.<\/strong><br \/>\nDisfrute de hasta 6 horas de duraci\u00f3n de la bater\u00eda con una sola carga y hasta 12 horas de duraci\u00f3n adicional de la bater\u00eda con el estuche de carga. \u00bfCompletamente sin energ\u00eda? Una carga r\u00e1pida de 15 minutos le dar\u00e1 hasta 2 horas de duraci\u00f3n de la bater\u00eda.<\/li>\n<\/ul>\n<p>&nbsp;<\/p>\n<h3>Qu\u00e9 est\u00e1 incluido<\/h3>\n<div class=\"list-container list-lv\">\n<ul class=\" bold\">\n<li class=\"bold v-fw-medium body-copy\">3 tama\u00f1os de olivas (S, M, L)<\/li>\n<li class=\"bold v-fw-medium body-copy\">Auriculares con cancelaci\u00f3n de ruido Bose QuietComfort &#8211; Auriculares internos inal\u00e1mbricos verdaderos con Bluetooth &#8211; Triple negro<\/li>\n<li class=\"bold v-fw-medium body-copy\">Estuche de carga<\/li>\n<li class=\"bold v-fw-medium body-copy\">Gu\u00eda de inicio r\u00e1pido<\/li>\n<li class=\"bold v-fw-medium body-copy\">Ficha de seguridad<\/li>\n<li class=\"bold v-fw-medium body-copy\">Cable de audio USB-C (A a C) (12 \u00ab)<\/li>\n<\/ul>\n<\/div>\n","protected":false},"excerpt":{"rendered":"<p>Los aud\u00edfonos Bose QuietComfort combinan una experiencia auditiva asombrosa con la tecnolog\u00eda de cancelaci\u00f3n de ruido m\u00e1s efectiva del mundo en un aud\u00edfono verdaderamente inal\u00e1mbrico. Caracter\u00edsticas Experiencia auditiva inmersiva. Las<\/p>\n","protected":false},"featured_media":15788,"comment_status":"open","ping_status":"closed","template":"","meta":{"_acf_changed":false,"_joinchat":[]},"product_brand":[],"product_cat":[294,300,304],"product_tag":[],"class_list":{"0":"post-15787","1":"product","2":"type-product","3":"status-publish","4":"has-post-thumbnail","6":"product_cat-audio","7":"product_cat-audifonos","8":"product_cat-inalambricos","10":"first","11":"instock","12":"sale","13":"shipping-taxable","14":"purchasable","15":"product-type-simple"},"acf":[],"_links":{"self":[{"href":"https:\/\/defabrica.com.mx\/defabrica\/wp-json\/wp\/v2\/product\/15787","targetHints":{"allow":["GET"]}}],"collection":[{"href":"https:\/\/defabrica.com.mx\/defabrica\/wp-json\/wp\/v2\/product"}],"about":[{"href":"https:\/\/defabrica.com.mx\/defabrica\/wp-json\/wp\/v2\/types\/product"}],"replies":[{"embeddable":true,"href":"https:\/\/defabrica.com.mx\/defabrica\/wp-json\/wp\/v2\/comments?post=15787"}],"wp:featuredmedia":[{"embeddable":true,"href":"https:\/\/defabrica.com.mx\/defabrica\/wp-json\/wp\/v2\/media\/15788"}],"wp:attachment":[{"href":"https:\/\/defabrica.com.mx\/defabrica\/wp-json\/wp\/v2\/media?parent=15787"}],"wp:term":[{"taxonomy":"product_brand","embeddable":true,"href":"https:\/\/defabrica.com.mx\/defabrica\/wp-json\/wp\/v2\/product_brand?post=15787"},{"taxonomy":"product_cat","embeddable":true,"href":"https:\/\/defabrica.com.mx\/defabrica\/wp-json\/wp\/v2\/product_cat?post=15787"},{"taxonomy":"product_tag","embeddable":true,"href":"https:\/\/defabrica.com.mx\/defabrica\/wp-json\/wp\/v2\/product_tag?post=15787"}],"curies":[{"name":"wp","href":"https:\/\/api.w.org\/{rel}","templated":true}]}}