{"id":15637,"date":"2020-10-21T14:46:21","date_gmt":"2020-10-21T19:46:21","guid":{"rendered":"https:\/\/defabrica.com.mx\/defabrica\/?post_type=product&#038;p=15637"},"modified":"2023-01-24T13:21:30","modified_gmt":"2023-01-24T19:21:30","slug":"sportsbot-ss301-juego-combinado-de-auriculares-teclado-y-mouse-para-juegos-con-led-azul","status":"publish","type":"product","link":"https:\/\/defabrica.com.mx\/defabrica\/producto\/sportsbot-ss301-juego-combinado-de-auriculares-teclado-y-mouse-para-juegos-con-led-azul\/","title":{"rendered":"SportsBot SS301 &#8211; Juego combinado de auriculares, teclado y mouse para juegos con LED azul"},"content":{"rendered":"<p>SportsBot SS301 &#8211; Juego combinado de auriculares, teclado y mouse con LED azul para juegos, con controlador de altavoz de 40 mm, micr\u00f3fono de alta calidad, teclas multimedia y bloqueo de teclas de ventana, 4 niveles de DPI<\/p>\n<ul>\n<li>RETROILUMINACI\u00d3N LED AZUL Y EFECTO DE LUZ RESPIRATORIA: Cuenta con retroiluminaci\u00f3n LED azul en el teclado y el mouse.\u00a03 ajustes de brillo para el teclado para mejorar la visibilidad en condiciones de poca luz y la opci\u00f3n de efecto de luz de respiraci\u00f3n en el teclado.<\/li>\n<li>TECLAS MULTIMEDIA Y BLOQUEO DE GANANCIA: 104 teclas est\u00e1ndar, 10 teclas multimedia dedicadas para controlar el volumen, la m\u00fasica, la p\u00e1gina de inicio y el correo electr\u00f3nico.\u00a0La tecla WIN se puede desactivar para jugar para evitar perturbar el tiempo de juego.<\/li>\n<li>BOTONES 5 + 1 (RUEDA DE DESPLAZAMIENTO): Bot\u00f3n DPI para 4 niveles cambiables de resoluci\u00f3n de inmersi\u00f3n (800\/1200\/1600\/2000), bot\u00f3n de avance, bot\u00f3n de retroceso, bot\u00f3n derecho del mouse, bot\u00f3n izquierdo del mouse y rueda de desplazamiento grande de alta precisi\u00f3n.<\/li>\n<li>DISE\u00d1O ERGON\u00d3MICO, ESTABILIDAD, DURABILIDAD: Tanto el teclado como el mouse tienen un dise\u00f1o ergon\u00f3mico para un uso c\u00f3modo a largo plazo.\u00a0Acolchado especial tanto en el teclado como en el mouse para agregar estabilidad.\u00a0Construcci\u00f3n de ABS de alta calidad para mejorar la durabilidad.<\/li>\n<li>TODO EN UNO: el combo para juegos SS301 incluye auriculares con dise\u00f1o de cubierta de cuero LED de alta calidad con sonido envolvente de bajos ricos, teclado de dise\u00f1o para juegos n\u00edtido y mouse de dise\u00f1o ergon\u00f3mico para brindarle todo lo que necesita y la mejor experiencia de juego<\/li>\n<\/ul>\n","protected":false},"excerpt":{"rendered":"<p>SportsBot SS301 &#8211; Juego combinado de auriculares, teclado y mouse con LED azul para juegos, con controlador de altavoz de 40 mm, micr\u00f3fono de alta calidad, teclas multimedia y bloqueo<\/p>\n","protected":false},"featured_media":15638,"comment_status":"open","ping_status":"closed","template":"","meta":{"_acf_changed":false,"_joinchat":[]},"product_brand":[],"product_cat":[240,245,250,277,280,434],"product_tag":[],"class_list":{"0":"post-15637","1":"product","2":"type-product","3":"status-publish","4":"has-post-thumbnail","6":"product_cat-computadoras","7":"product_cat-accesorios-computadoras","8":"product_cat-mouse-y-teclados","9":"product_cat-zona-gamer","10":"product_cat-pc-gaming","11":"product_cat-mouse-y-teclado-gamer","13":"first","14":"instock","15":"sale","16":"shipping-taxable","17":"purchasable","18":"product-type-simple"},"acf":[],"_links":{"self":[{"href":"https:\/\/defabrica.com.mx\/defabrica\/wp-json\/wp\/v2\/product\/15637","targetHints":{"allow":["GET"]}}],"collection":[{"href":"https:\/\/defabrica.com.mx\/defabrica\/wp-json\/wp\/v2\/product"}],"about":[{"href":"https:\/\/defabrica.com.mx\/defabrica\/wp-json\/wp\/v2\/types\/product"}],"replies":[{"embeddable":true,"href":"https:\/\/defabrica.com.mx\/defabrica\/wp-json\/wp\/v2\/comments?post=15637"}],"wp:featuredmedia":[{"embeddable":true,"href":"https:\/\/defabrica.com.mx\/defabrica\/wp-json\/wp\/v2\/media\/15638"}],"wp:attachment":[{"href":"https:\/\/defabrica.com.mx\/defabrica\/wp-json\/wp\/v2\/media?parent=15637"}],"wp:term":[{"taxonomy":"product_brand","embeddable":true,"href":"https:\/\/defabrica.com.mx\/defabrica\/wp-json\/wp\/v2\/product_brand?post=15637"},{"taxonomy":"product_cat","embeddable":true,"href":"https:\/\/defabrica.com.mx\/defabrica\/wp-json\/wp\/v2\/product_cat?post=15637"},{"taxonomy":"product_tag","embeddable":true,"href":"https:\/\/defabrica.com.mx\/defabrica\/wp-json\/wp\/v2\/product_tag?post=15637"}],"curies":[{"name":"wp","href":"https:\/\/api.w.org\/{rel}","templated":true}]}}