{"id":15619,"date":"2020-10-21T14:10:01","date_gmt":"2020-10-21T19:10:01","guid":{"rendered":"https:\/\/defabrica.com.mx\/defabrica\/?post_type=product&#038;p=15619"},"modified":"2023-01-24T13:20:27","modified_gmt":"2023-01-24T19:20:27","slug":"juego-de-teclado-y-mouse-para-juegos-rainbow-para-ps4-ps3-xbox-one-mouse-led-multicolor-con-retroiluminacion-cambiante","status":"publish","type":"product","link":"https:\/\/defabrica.com.mx\/defabrica\/producto\/juego-de-teclado-y-mouse-para-juegos-rainbow-para-ps4-ps3-xbox-one-mouse-led-multicolor-con-retroiluminacion-cambiante\/","title":{"rendered":"Juego de teclado y mouse para juegos Rainbow para PS4 \/ PS3 \/ Xbox One, mouse LED multicolor con retroiluminaci\u00f3n cambiante"},"content":{"rendered":"<p>El mejor y m\u00e1s hermoso conjunto de teclado y mouse que jam\u00e1s haya obtenido a este precio<br \/>\nCaracter\u00edsticas:<br \/>\nTeclado y mouse de color arco\u00edris &#8211; Retroiluminaci\u00f3n LED Mouse con cambio de varios colores y retroiluminaci\u00f3n LED Teclado multicolor<br \/>\nC\u00f3modo para usuarios casuales y de juegos &#8211; Excelente para jugadores que juegan diferentes juegos adem\u00e1s de realizar un trabajo normal<br \/>\nCalidad duradera premium &#8211; Material pl\u00e1stico ABS con pulsaciones de hasta 10 millones de veces y un excelente dise\u00f1o resistente al agua de 4 n\u00facleos<br \/>\nTeclado de tama\u00f1o perfecto &#8211; Tama\u00f1o: 44,5 x 19,2 x 3,6 cm<\/p>\n<ul>\n<li>Teclado LED arco\u00edris x 1<\/li>\n<li>Rat\u00f3n LED arco\u00edris x 1<\/li>\n<li>Tipo: cableado<\/li>\n<li>Tama\u00f1o del teclado &#8211; Tama\u00f1o: 44,5 x 19,2 x 3,6 cm<\/li>\n<li>Color del LED: multicolor<\/li>\n<\/ul>\n","protected":false},"excerpt":{"rendered":"<p>El mejor y m\u00e1s hermoso conjunto de teclado y mouse que jam\u00e1s haya obtenido a este precio Caracter\u00edsticas: Teclado y mouse de color arco\u00edris &#8211; Retroiluminaci\u00f3n LED Mouse con cambio<\/p>\n","protected":false},"featured_media":15629,"comment_status":"open","ping_status":"closed","template":"","meta":{"_acf_changed":false,"_joinchat":[]},"product_brand":[],"product_cat":[240,245,250,277,280,434],"product_tag":[],"class_list":{"0":"post-15619","1":"product","2":"type-product","3":"status-publish","4":"has-post-thumbnail","6":"product_cat-computadoras","7":"product_cat-accesorios-computadoras","8":"product_cat-mouse-y-teclados","9":"product_cat-zona-gamer","10":"product_cat-pc-gaming","11":"product_cat-mouse-y-teclado-gamer","13":"first","14":"instock","15":"sale","16":"shipping-taxable","17":"purchasable","18":"product-type-simple"},"acf":[],"_links":{"self":[{"href":"https:\/\/defabrica.com.mx\/defabrica\/wp-json\/wp\/v2\/product\/15619","targetHints":{"allow":["GET"]}}],"collection":[{"href":"https:\/\/defabrica.com.mx\/defabrica\/wp-json\/wp\/v2\/product"}],"about":[{"href":"https:\/\/defabrica.com.mx\/defabrica\/wp-json\/wp\/v2\/types\/product"}],"replies":[{"embeddable":true,"href":"https:\/\/defabrica.com.mx\/defabrica\/wp-json\/wp\/v2\/comments?post=15619"}],"wp:featuredmedia":[{"embeddable":true,"href":"https:\/\/defabrica.com.mx\/defabrica\/wp-json\/wp\/v2\/media\/15629"}],"wp:attachment":[{"href":"https:\/\/defabrica.com.mx\/defabrica\/wp-json\/wp\/v2\/media?parent=15619"}],"wp:term":[{"taxonomy":"product_brand","embeddable":true,"href":"https:\/\/defabrica.com.mx\/defabrica\/wp-json\/wp\/v2\/product_brand?post=15619"},{"taxonomy":"product_cat","embeddable":true,"href":"https:\/\/defabrica.com.mx\/defabrica\/wp-json\/wp\/v2\/product_cat?post=15619"},{"taxonomy":"product_tag","embeddable":true,"href":"https:\/\/defabrica.com.mx\/defabrica\/wp-json\/wp\/v2\/product_tag?post=15619"}],"curies":[{"name":"wp","href":"https:\/\/api.w.org\/{rel}","templated":true}]}}