{"id":15374,"date":"2020-10-18T02:25:52","date_gmt":"2020-10-18T07:25:52","guid":{"rendered":"https:\/\/defabrica.com.mx\/defabrica\/?post_type=product&#038;p=15374"},"modified":"2023-01-26T14:14:15","modified_gmt":"2023-01-26T20:14:15","slug":"agarre-para-tableta-y-telefono-inteligente-con-clip-tzumi-fleximount","status":"publish","type":"product","link":"https:\/\/defabrica.com.mx\/defabrica\/producto\/agarre-para-tableta-y-telefono-inteligente-con-clip-tzumi-fleximount\/","title":{"rendered":"Agarre para tableta y tel\u00e9fono inteligente con clip Tzumi Fleximount"},"content":{"rendered":"<p>Vea videos, lea y m\u00e1s en su tableta manos libres con FlexiMount Clip-on Tablet Grip.\u00a0Este dise\u00f1o distintivo tiene un cuello alargado y ajustable y un agarre Twist-Lock s\u00f3lido como una roca que le brinda los \u00e1ngulos perfectos para ver todo su contenido con confianza y comodidad.<\/p>\n<h3><strong>Caracteristicas<\/strong>.<\/h3>\n<ul>\n<li><strong>VERS\u00cdTIL:<\/strong> un cuello ajustable permite un uso estable de manos libres. Es flexible, liviano, con un dise\u00f1o port\u00e1til de f\u00e1cil plegado, un alcance de 30 \u201dy una capacidad de rotaci\u00f3n de 360 \u200b\u200bgrados.<\/li>\n<li><strong>RESISTENTE Y ESTABLE:<\/strong> \u00a1FlexiMount se puede colocar en el borde del escritorio, el marco de la cama, la cabecera y m\u00e1s! La base robusta tambi\u00e9n permite un f\u00e1cil montaje y posicionamiento<\/li>\n<li><strong>MANOS LIBRES:<\/strong>para visualizaci\u00f3n de medios, videollamadas, grabaci\u00f3n, vlogs y m\u00e1s.<\/li>\n<li><strong>SEGURO:<\/strong> El agarre Twist-Lock es duradero y estable. Una vez que est\u00e1 enganchado, \u00a1FlexiMount no ir\u00e1 a ninguna parte!<\/li>\n<li><strong>UNIVERSAL:<\/strong> se adapta a todas las tabletas, iPad Pro y dispositivos Kindle.<\/li>\n<\/ul>\n","protected":false},"excerpt":{"rendered":"<p>Vea videos, lea y m\u00e1s en su tableta manos libres con FlexiMount Clip-on Tablet Grip.\u00a0Este dise\u00f1o distintivo tiene un cuello alargado y ajustable y un agarre Twist-Lock s\u00f3lido como una<\/p>\n","protected":false},"featured_media":15375,"comment_status":"open","ping_status":"closed","template":"","meta":{"_acf_changed":false,"_joinchat":[]},"product_brand":[],"product_cat":[408,275,414,416],"product_tag":[],"class_list":{"0":"post-15374","1":"product","2":"type-product","3":"status-publish","4":"has-post-thumbnail","6":"product_cat-celulares-y-tablets","7":"product_cat-accesorios-para-celular","8":"product_cat-soportes-y-bases","9":"product_cat-todos-los-accesorios-para-celulares","11":"first","12":"instock","13":"sale","14":"shipping-taxable","15":"purchasable","16":"product-type-simple"},"acf":[],"_links":{"self":[{"href":"https:\/\/defabrica.com.mx\/defabrica\/wp-json\/wp\/v2\/product\/15374","targetHints":{"allow":["GET"]}}],"collection":[{"href":"https:\/\/defabrica.com.mx\/defabrica\/wp-json\/wp\/v2\/product"}],"about":[{"href":"https:\/\/defabrica.com.mx\/defabrica\/wp-json\/wp\/v2\/types\/product"}],"replies":[{"embeddable":true,"href":"https:\/\/defabrica.com.mx\/defabrica\/wp-json\/wp\/v2\/comments?post=15374"}],"wp:featuredmedia":[{"embeddable":true,"href":"https:\/\/defabrica.com.mx\/defabrica\/wp-json\/wp\/v2\/media\/15375"}],"wp:attachment":[{"href":"https:\/\/defabrica.com.mx\/defabrica\/wp-json\/wp\/v2\/media?parent=15374"}],"wp:term":[{"taxonomy":"product_brand","embeddable":true,"href":"https:\/\/defabrica.com.mx\/defabrica\/wp-json\/wp\/v2\/product_brand?post=15374"},{"taxonomy":"product_cat","embeddable":true,"href":"https:\/\/defabrica.com.mx\/defabrica\/wp-json\/wp\/v2\/product_cat?post=15374"},{"taxonomy":"product_tag","embeddable":true,"href":"https:\/\/defabrica.com.mx\/defabrica\/wp-json\/wp\/v2\/product_tag?post=15374"}],"curies":[{"name":"wp","href":"https:\/\/api.w.org\/{rel}","templated":true}]}}