{"id":15329,"date":"2020-10-18T01:03:07","date_gmt":"2020-10-18T06:03:07","guid":{"rendered":"https:\/\/defabrica.com.mx\/defabrica\/?post_type=product&#038;p=15329"},"modified":"2023-01-26T13:28:30","modified_gmt":"2023-01-26T19:28:30","slug":"phone-spa-desinfectante-para-telefonos-y-accesorios-desinfectante-uv-c-robusto-y-portatil-con-cargador-inalambrico-difusor-de-aromaterapia-y-cama-profunda-para-una-desinfeccion-total-establecimient","status":"publish","type":"product","link":"https:\/\/defabrica.com.mx\/defabrica\/producto\/phone-spa-desinfectante-para-telefonos-y-accesorios-desinfectante-uv-c-robusto-y-portatil-con-cargador-inalambrico-difusor-de-aromaterapia-y-cama-profunda-para-una-desinfeccion-total-establecimient\/","title":{"rendered":"PHONE SPA Desinfectante para tel\u00e9fonos y accesorios: Desinfectante UV-C robusto y port\u00e1til con cargador inal\u00e1mbrico, difusor de aromaterapia y cama profunda para una desinfecci\u00f3n total (establecimiento de la EPA n.o 96641-CHN-1)"},"content":{"rendered":"<p>\u00a1SU TEL\u00c9FONO EST\u00c1 CUBIERTO EN G\u00c9RMENES! 25-127 bacterias por pulgada cuadrada, para ser exactos.\u00a0Y con la cantidad de tiempo que interactuamos con nuestros tel\u00e9fonos, es importante desinfectarlos de g\u00e9rmenes da\u00f1inos.\u00a0Usando luz UV-C limpia y segura, el desinfectante arom\u00e1tico Phone Spa MATA EFECTIVAMENTE el 99.9% de las BACTERIAS PAT\u00d3GENAS COMUNES Y MICROORGANISMOS A\u00c9REOS en los pliegues m\u00e1s peque\u00f1os dif\u00edciles de alcanzar con toallitas limpiadoras.\u00a0Para mayor frescura, su difusor de aromaterapia incorporado deja los art\u00edculos con el olor de sus aceites esenciales favoritos.\u00a0Con una cama profunda, hay m\u00e1s espacio para colocar y desinfectar tus cosas.\u00a0Con la plataforma de carga inal\u00e1mbrica en la parte superior y un puerto USB trasero, puedes cargar tu tel\u00e9fono m\u00e1s un segundo dispositivo Y matar los g\u00e9rmenes al mismo tiempo.<\/p>\n<h3><strong>Caracteristicas.<\/strong><\/h3>\n<ul>\n<li>MATA el 99,9% de los g\u00e9rmenes y bacterias con la luz UV-C: desinfecte su tel\u00e9fono y accesorios de manera efectiva de las bacterias pat\u00f3genas comunes y los microorganismos en el aire sin el uso de productos qu\u00edmicos o l\u00edquidos.<\/li>\n<li>GRANDE Y PROFUNDA: La capacidad de la cama m\u00e1s grande tiene capacidad para un tel\u00e9fono grande de hasta 6.5 \u00abcon estuches para tel\u00e9fono y agarre para tel\u00e9fono de hasta 20 mm de grosor. Multifuncional para todos los accesorios como joyas, relojes, llaves, auriculares, gafas, controles remotos, tarjetas de cr\u00e9dito, cables de carga, mouse de computadora y m\u00e1s.<\/li>\n<li>F\u00c1CIL DE USAR: Coloque el tel\u00e9fono y presione un bot\u00f3n para desinfectar.\u00a0Ligero y port\u00e1til lo hace perfecto para el hogar, la oficina y los viajes.\u00a0Se conecta a cualquier puerto USB (cable de alimentaci\u00f3n micro USB incluido).<\/li>\n<li>AROMATERAPIA: El difusor de aroma incorporado refresca ya que desinfecta simult\u00e1neamente con sus aceites esenciales favoritos.\u00a0Se incluye una botella de aceite esencial de lavanda para usar con el difusor.<\/li>\n<li>CICLO R\u00c1PIDO: El proceso de desinfecci\u00f3n y difusi\u00f3n del aroma se completa en solo 10 minutos gracias a las 6 potentes luces ultravioleta de PhoneSpa que lo abarcan todo.<\/li>\n<li>COBERTURA UV: Potentes luces UV-C en los cuatro lados para que todas las superficies se desinfecten y limpien eficazmente.<\/li>\n<li>CARGA INAL\u00c1MBRICA: Almohadilla de alimentaci\u00f3n de carga inal\u00e1mbrica superior de 10 W para una carga r\u00e1pida con todos los dispositivos compatibles con carga inal\u00e1mbrica.\u00a0El indicador LED se ilumina cuando la carga est\u00e1 activa.<\/li>\n<li>PUERTO DE CARGA EXTRA: el puerto UBS en la parte posterior puede cargar un segundo dispositivo<\/li>\n<li>La desinfecci\u00f3n UV es un proceso invisible que no se puede ver a simple vista.\u00a0Por lo tanto, hemos realizado pruebas y certificaciones exhaustivas a trav\u00e9s de laboratorios independientes para garantizar que el proceso sea efectivo y seguro para uso dom\u00e9stico.\u00a0(ver certificaci\u00f3n a continuaci\u00f3n)<\/li>\n<li>INFORMACI\u00d3N IMPORTANTE DE SEGURIDAD: La luz UV-C es segura en cualquier superficie que no sea humana, NO UTILICE PARA ESTERALIZAR LAS MANOS O LA PIEL, YA QUE PUEDE CAUSAR IRRITACI\u00d3N DE LA PIEL.\u00a0MANTENER ALEJADO DE LOS OJOS.<\/li>\n<\/ul>\n","protected":false},"excerpt":{"rendered":"<p>\u00a1SU TEL\u00c9FONO EST\u00c1 CUBIERTO EN G\u00c9RMENES! 25-127 bacterias por pulgada cuadrada, para ser exactos.\u00a0Y con la cantidad de tiempo que interactuamos con nuestros tel\u00e9fonos, es importante desinfectarlos de g\u00e9rmenes da\u00f1inos.\u00a0Usando<\/p>\n","protected":false},"featured_media":15332,"comment_status":"open","ping_status":"closed","template":"","meta":{"_acf_changed":false,"_joinchat":[]},"product_brand":[],"product_cat":[408,275,416],"product_tag":[],"class_list":{"0":"post-15329","1":"product","2":"type-product","3":"status-publish","4":"has-post-thumbnail","6":"product_cat-celulares-y-tablets","7":"product_cat-accesorios-para-celular","8":"product_cat-todos-los-accesorios-para-celulares","10":"first","11":"instock","12":"sale","13":"shipping-taxable","14":"purchasable","15":"product-type-simple"},"acf":[],"_links":{"self":[{"href":"https:\/\/defabrica.com.mx\/defabrica\/wp-json\/wp\/v2\/product\/15329","targetHints":{"allow":["GET"]}}],"collection":[{"href":"https:\/\/defabrica.com.mx\/defabrica\/wp-json\/wp\/v2\/product"}],"about":[{"href":"https:\/\/defabrica.com.mx\/defabrica\/wp-json\/wp\/v2\/types\/product"}],"replies":[{"embeddable":true,"href":"https:\/\/defabrica.com.mx\/defabrica\/wp-json\/wp\/v2\/comments?post=15329"}],"wp:featuredmedia":[{"embeddable":true,"href":"https:\/\/defabrica.com.mx\/defabrica\/wp-json\/wp\/v2\/media\/15332"}],"wp:attachment":[{"href":"https:\/\/defabrica.com.mx\/defabrica\/wp-json\/wp\/v2\/media?parent=15329"}],"wp:term":[{"taxonomy":"product_brand","embeddable":true,"href":"https:\/\/defabrica.com.mx\/defabrica\/wp-json\/wp\/v2\/product_brand?post=15329"},{"taxonomy":"product_cat","embeddable":true,"href":"https:\/\/defabrica.com.mx\/defabrica\/wp-json\/wp\/v2\/product_cat?post=15329"},{"taxonomy":"product_tag","embeddable":true,"href":"https:\/\/defabrica.com.mx\/defabrica\/wp-json\/wp\/v2\/product_tag?post=15329"}],"curies":[{"name":"wp","href":"https:\/\/api.w.org\/{rel}","templated":true}]}}