{"id":15202,"date":"2020-10-17T11:25:02","date_gmt":"2020-10-17T16:25:02","guid":{"rendered":"https:\/\/defabrica.com.mx\/defabrica\/?post_type=product&#038;p=15202"},"modified":"2023-01-28T10:47:11","modified_gmt":"2023-01-28T16:47:11","slug":"onn-estuche-rigido-resistente-al-agua-para-camara","status":"publish","type":"product","link":"https:\/\/defabrica.com.mx\/defabrica\/producto\/onn-estuche-rigido-resistente-al-agua-para-camara\/","title":{"rendered":"Estuche r\u00edgido resistente al agua para c\u00e1mara"},"content":{"rendered":"<div><\/div>\n<div class=\"product-description-disclaimer xs-margin-top\">\u00a1Mantenga su c\u00e1mara segura y sus recuerdos tambi\u00e9n! Nuestro estuche r\u00edgido para c\u00e1mara tiene una barrera resistente al agua y a los golpes, lo que lo convierte en la opci\u00f3n ideal para uso en exteriores, \u00a1haciendo que su pr\u00f3xima sesi\u00f3n de fotos sea muy f\u00e1cil!\u00a0Nuestra duradera funda para c\u00e1mara est\u00e1 hecha de material EVA, tiene una fuerte cremallera doble y un soporte para tarjetas SD.\u00a0Capture cada momento especial.\u00a0Conc\u00e9ntrese en n.<\/div>\n<p>Estamos en.\u00a0a algo aqu\u00ed.\u00a0Eliminamos la molestia de comprar productos electr\u00f3nicos y creamos una marca que es fresca y simple.\u00a0Con deliciosos toques de color, encontrar el producto adecuado nunca ha sido tan f\u00e1cil.\u00a0D\u00edgale adi\u00f3s a la estresante toma de decisiones y al miedo al pasillo de la electr\u00f3nica.\u00a0Nuestra misi\u00f3n es simple &#8230; ofrecer excelentes productos y hacerlo f\u00e1cil.\u00a0Elija onn.\u00a0y vuelva a usar su capacidad intelectual para las cosas importantes de la vida &#8230; como reflexionar sobre la pregunta: \u00ab\u00bfQu\u00e9 debo ver este fin de semana?\u00bb<\/p>\n<p class=\"about-desc about-product-description xs-margin-top\">onn. Estuche r\u00edgido para c\u00e1mara resistente al agua<\/p>\n<h3>Caracter\u00edsticas<\/h3>\n<ul>\n<li>El exterior de EVA duro proporciona una barrera duradera para su equipo de c\u00e1mara<\/li>\n<li>A prueba de golpes y polvo<\/li>\n<li>Resistente al agua<\/li>\n<li>Ideal para uso en exteriores<\/li>\n<li>IPX2 (el art\u00edculo est\u00e1 protegido contra el goteo de agua cuando se inclina hasta 15 grados)<\/li>\n<li>Cremallera doble fuerte<\/li>\n<li>Soporte para tarjeta SD<\/li>\n<li>Medidas 3.75 \u00abx 2.25\u00bb x 5.5 \u00ab<\/li>\n<li>\u00bfQu\u00e9 hay en la caja?\u00a01 funda de transporte para c\u00e1mara SLR con mosquet\u00f3n desmontable<\/li>\n<\/ul>\n","protected":false},"excerpt":{"rendered":"<p>\u00a1Mantenga su c\u00e1mara segura y sus recuerdos tambi\u00e9n! Nuestro estuche r\u00edgido para c\u00e1mara tiene una barrera resistente al agua y a los golpes, lo que lo convierte en la opci\u00f3n<\/p>\n","protected":false},"featured_media":15203,"comment_status":"open","ping_status":"closed","template":"","meta":{"_acf_changed":false,"_joinchat":[]},"product_brand":[],"product_cat":[442,450,453,456],"product_tag":[],"class_list":{"0":"post-15202","1":"product","2":"type-product","3":"status-publish","4":"has-post-thumbnail","6":"product_cat-camaras","7":"product_cat-accesorios-camaras","8":"product_cat-bolsas-y-estuches","9":"product_cat-todos-los-accesorios-de-camaras","11":"first","12":"instock","13":"shipping-taxable","14":"product-type-simple"},"acf":[],"_links":{"self":[{"href":"https:\/\/defabrica.com.mx\/defabrica\/wp-json\/wp\/v2\/product\/15202","targetHints":{"allow":["GET"]}}],"collection":[{"href":"https:\/\/defabrica.com.mx\/defabrica\/wp-json\/wp\/v2\/product"}],"about":[{"href":"https:\/\/defabrica.com.mx\/defabrica\/wp-json\/wp\/v2\/types\/product"}],"replies":[{"embeddable":true,"href":"https:\/\/defabrica.com.mx\/defabrica\/wp-json\/wp\/v2\/comments?post=15202"}],"wp:featuredmedia":[{"embeddable":true,"href":"https:\/\/defabrica.com.mx\/defabrica\/wp-json\/wp\/v2\/media\/15203"}],"wp:attachment":[{"href":"https:\/\/defabrica.com.mx\/defabrica\/wp-json\/wp\/v2\/media?parent=15202"}],"wp:term":[{"taxonomy":"product_brand","embeddable":true,"href":"https:\/\/defabrica.com.mx\/defabrica\/wp-json\/wp\/v2\/product_brand?post=15202"},{"taxonomy":"product_cat","embeddable":true,"href":"https:\/\/defabrica.com.mx\/defabrica\/wp-json\/wp\/v2\/product_cat?post=15202"},{"taxonomy":"product_tag","embeddable":true,"href":"https:\/\/defabrica.com.mx\/defabrica\/wp-json\/wp\/v2\/product_tag?post=15202"}],"curies":[{"name":"wp","href":"https:\/\/api.w.org\/{rel}","templated":true}]}}