{"id":15160,"date":"2020-10-17T04:23:52","date_gmt":"2020-10-17T09:23:52","guid":{"rendered":"https:\/\/defabrica.com.mx\/defabrica\/?post_type=product&#038;p=15160"},"modified":"2023-01-13T13:25:34","modified_gmt":"2023-01-13T19:25:34","slug":"sunpak-kit-de-vlogging-portatil-para-telefonos-inteligentes-negro","status":"publish","type":"product","link":"https:\/\/defabrica.com.mx\/defabrica\/producto\/sunpak-kit-de-vlogging-portatil-para-telefonos-inteligentes-negro\/","title":{"rendered":"Sunpak &#8211; Kit de vlogging port\u00e1til para tel\u00e9fonos inteligentes &#8211; Negro"},"content":{"rendered":"<p>Produzca videos claros y detallados con este kit de vlogueo port\u00e1til Sunpak.\u00a0El soporte para tel\u00e9fono inteligente con zapata fr\u00eda incorporada se adapta a dispositivos de diferentes tama\u00f1os para filmar sobre la marcha, mientras que el anillo de luz de 6 pulgadas proporciona una iluminaci\u00f3n con calidad de estudio.\u00a0Este kit de vlogueo port\u00e1til Sunpak cuenta con un tr\u00edpode de 42 pulgadas para sostener y mantener la c\u00e1mara estable durante la grabaci\u00f3n.<\/p>\n<h3 class=\"heading-5 v-fw-regular feature-heading\">Caracteristicas<\/h3>\n<ul>\n<li><strong>Kit de vlogging port\u00e1til<\/strong><br \/>\nIncluye todo lo que necesitas para hacer vlogs.<\/li>\n<li><strong>Soporte con zapata fr\u00eda incorporada y adaptador de zapata de 1\/4 \u00ab-20<\/strong><br \/>\nSostiene de forma segura su tel\u00e9fono inteligente.<\/li>\n<li><strong>Anillo de luz USB de 6 \u00ab<\/strong><br \/>\nProporciona iluminaci\u00f3n con calidad de estudio.<\/li>\n<li><strong>De mesa a tr\u00edpode de 42 \u00ab<\/strong><br \/>\nMantiene su tel\u00e9fono estable durante la grabaci\u00f3n.<\/li>\n<\/ul>\n<div class=\"header-container header-lv\">\n<h3 class=\"heading-5 v-fw-regular\">Qu\u00e9 est\u00e1 incluido<\/h3>\n<\/div>\n<ul>\n<li class=\"list-container list-lv\">Kit de vlogging port\u00e1til Sunpak para tel\u00e9fonos inteligentes<\/li>\n<li class=\"list-container list-lv\">El manual del propietario<\/li>\n<\/ul>\n","protected":false},"excerpt":{"rendered":"<p>Produzca videos claros y detallados con este kit de vlogueo port\u00e1til Sunpak.\u00a0El soporte para tel\u00e9fono inteligente con zapata fr\u00eda incorporada se adapta a dispositivos de diferentes tama\u00f1os para filmar sobre<\/p>\n","protected":false},"featured_media":15161,"comment_status":"open","ping_status":"closed","template":"","meta":{"_acf_changed":false,"_joinchat":[]},"product_brand":[],"product_cat":[408,275,416],"product_tag":[],"class_list":{"0":"post-15160","1":"product","2":"type-product","3":"status-publish","4":"has-post-thumbnail","6":"product_cat-celulares-y-tablets","7":"product_cat-accesorios-para-celular","8":"product_cat-todos-los-accesorios-para-celulares","10":"first","11":"instock","12":"sale","13":"shipping-taxable","14":"purchasable","15":"product-type-simple"},"acf":[],"_links":{"self":[{"href":"https:\/\/defabrica.com.mx\/defabrica\/wp-json\/wp\/v2\/product\/15160","targetHints":{"allow":["GET"]}}],"collection":[{"href":"https:\/\/defabrica.com.mx\/defabrica\/wp-json\/wp\/v2\/product"}],"about":[{"href":"https:\/\/defabrica.com.mx\/defabrica\/wp-json\/wp\/v2\/types\/product"}],"replies":[{"embeddable":true,"href":"https:\/\/defabrica.com.mx\/defabrica\/wp-json\/wp\/v2\/comments?post=15160"}],"wp:featuredmedia":[{"embeddable":true,"href":"https:\/\/defabrica.com.mx\/defabrica\/wp-json\/wp\/v2\/media\/15161"}],"wp:attachment":[{"href":"https:\/\/defabrica.com.mx\/defabrica\/wp-json\/wp\/v2\/media?parent=15160"}],"wp:term":[{"taxonomy":"product_brand","embeddable":true,"href":"https:\/\/defabrica.com.mx\/defabrica\/wp-json\/wp\/v2\/product_brand?post=15160"},{"taxonomy":"product_cat","embeddable":true,"href":"https:\/\/defabrica.com.mx\/defabrica\/wp-json\/wp\/v2\/product_cat?post=15160"},{"taxonomy":"product_tag","embeddable":true,"href":"https:\/\/defabrica.com.mx\/defabrica\/wp-json\/wp\/v2\/product_tag?post=15160"}],"curies":[{"name":"wp","href":"https:\/\/api.w.org\/{rel}","templated":true}]}}