{"id":15149,"date":"2020-10-17T03:51:43","date_gmt":"2020-10-17T08:51:43","guid":{"rendered":"https:\/\/defabrica.com.mx\/defabrica\/?post_type=product&#038;p=15149"},"modified":"2023-01-26T13:25:39","modified_gmt":"2023-01-26T19:25:39","slug":"onn-lampara-selfie-con-soporte-para-smartphone","status":"publish","type":"product","link":"https:\/\/defabrica.com.mx\/defabrica\/producto\/onn-lampara-selfie-con-soporte-para-smartphone\/","title":{"rendered":"L\u00e1mpara Selfie con soporte para smartphone"},"content":{"rendered":"<p>\u00a1Sea la estrella de su propio tiro!\u00a0Estamos centrando la atenci\u00f3n en tu juego de selfies, llevando tus selfies y videos al siguiente nivel.\u00a0Con nuestra l\u00e1mpara Selfie, sus videos se ver\u00e1n claros, n\u00edtidos y profesionales.\u00a0Las sombras oscuras y feas son cosa del pasado, ahora tendr\u00e1 10 niveles de brillo para elegir, m\u00e1s 3 configuraciones de luz que le permitir\u00e1n personalizar su modo de iluminaci\u00f3n ideal.\u00a0Incluso puede girar los brazos duraderos para capturar su lado bueno, \u00a1en todo momento!\u00a0\u00a1Ahora solo tienes que decidir qu\u00e9 contenido crear\u00e1s primero!<\/p>\n<h3><strong>Caracteristicas.<\/strong><\/h3>\n<ul>\n<li>10 niveles de brillo y 3 modos de luz con control remoto<\/li>\n<li>Brazos flexibles con soporte para tel\u00e9fono giratorio de 360 \u200b\u200bgrados y abrazadera incorporada<\/li>\n<li>Ideal para selfies, vlogs, videollamadas y transmisi\u00f3n en vivo.<\/li>\n<li>Laterales de goma antideslizante reforzados en el clip del soporte del tel\u00e9fono<\/li>\n<li>Compatible con tel\u00e9fonos m\u00f3viles de 2,4 \u00ab- 3,4\u00bb de ancho<\/li>\n<li>10 niveles de brillo y 3 modos de luz que incluyen luz blanca, mixta y c\u00e1lida<\/li>\n<li>2 brazos flexibles: l\u00e1mpara de 21 pulgadas (53,3 cm) y soporte para tel\u00e9fono giratorio de 360 \u200b\u200b\u00b0 13 pulgadas (33 cm)<\/li>\n<li>Banda de tela el\u00e1stica incorporada para evitar que los muebles se rayen<\/li>\n<li>Abrazadera y mando a distancia integrados<\/li>\n<li>Entrada: DC 5V \/ 1A<\/li>\n<li>Salida: 5 W m\u00e1x.<\/li>\n<\/ul>\n","protected":false},"excerpt":{"rendered":"<p>\u00a1Sea la estrella de su propio tiro!\u00a0Estamos centrando la atenci\u00f3n en tu juego de selfies, llevando tus selfies y videos al siguiente nivel.\u00a0Con nuestra l\u00e1mpara Selfie, sus videos se ver\u00e1n<\/p>\n","protected":false},"featured_media":15150,"comment_status":"open","ping_status":"closed","template":"","meta":{"_acf_changed":false,"_joinchat":[]},"product_brand":[],"product_cat":[408,275,416],"product_tag":[],"class_list":{"0":"post-15149","1":"product","2":"type-product","3":"status-publish","4":"has-post-thumbnail","6":"product_cat-celulares-y-tablets","7":"product_cat-accesorios-para-celular","8":"product_cat-todos-los-accesorios-para-celulares","10":"first","11":"instock","12":"sale","13":"shipping-taxable","14":"purchasable","15":"product-type-simple"},"acf":[],"_links":{"self":[{"href":"https:\/\/defabrica.com.mx\/defabrica\/wp-json\/wp\/v2\/product\/15149","targetHints":{"allow":["GET"]}}],"collection":[{"href":"https:\/\/defabrica.com.mx\/defabrica\/wp-json\/wp\/v2\/product"}],"about":[{"href":"https:\/\/defabrica.com.mx\/defabrica\/wp-json\/wp\/v2\/types\/product"}],"replies":[{"embeddable":true,"href":"https:\/\/defabrica.com.mx\/defabrica\/wp-json\/wp\/v2\/comments?post=15149"}],"wp:featuredmedia":[{"embeddable":true,"href":"https:\/\/defabrica.com.mx\/defabrica\/wp-json\/wp\/v2\/media\/15150"}],"wp:attachment":[{"href":"https:\/\/defabrica.com.mx\/defabrica\/wp-json\/wp\/v2\/media?parent=15149"}],"wp:term":[{"taxonomy":"product_brand","embeddable":true,"href":"https:\/\/defabrica.com.mx\/defabrica\/wp-json\/wp\/v2\/product_brand?post=15149"},{"taxonomy":"product_cat","embeddable":true,"href":"https:\/\/defabrica.com.mx\/defabrica\/wp-json\/wp\/v2\/product_cat?post=15149"},{"taxonomy":"product_tag","embeddable":true,"href":"https:\/\/defabrica.com.mx\/defabrica\/wp-json\/wp\/v2\/product_tag?post=15149"}],"curies":[{"name":"wp","href":"https:\/\/api.w.org\/{rel}","templated":true}]}}