{"id":15118,"date":"2020-10-17T03:02:43","date_gmt":"2020-10-17T08:02:43","guid":{"rendered":"https:\/\/defabrica.com.mx\/defabrica\/?post_type=product&#038;p=15118"},"modified":"2023-01-26T13:20:25","modified_gmt":"2023-01-26T19:20:25","slug":"agarre-y-soporte-universal-para-telefono-handlstick-marmol-negro","status":"publish","type":"product","link":"https:\/\/defabrica.com.mx\/defabrica\/producto\/agarre-y-soporte-universal-para-telefono-handlstick-marmol-negro\/","title":{"rendered":"Agarre y soporte universal para tel\u00e9fono HANDLstick, m\u00e1rmol negro"},"content":{"rendered":"<p>Soporte y agarre universal para tel\u00e9fono HANDLstick, m\u00e1rmol negro Experimente la libertad del soporte y agarre del tel\u00e9fono HANDLstick.\u00a0Comb\u00ednelo con cualquier dispositivo para obtener un elegante sistema de refuerzo el\u00e1stico patentado.<\/p>\n","protected":false},"excerpt":{"rendered":"<p>Soporte y agarre universal para tel\u00e9fono HANDLstick, m\u00e1rmol negro Experimente la libertad del soporte y agarre del tel\u00e9fono HANDLstick.\u00a0Comb\u00ednelo con cualquier dispositivo para obtener un elegante sistema de refuerzo el\u00e1stico<\/p>\n","protected":false},"featured_media":15119,"comment_status":"open","ping_status":"closed","template":"","meta":{"_acf_changed":false,"_joinchat":[]},"product_brand":[],"product_cat":[408,275,414],"product_tag":[],"class_list":{"0":"post-15118","1":"product","2":"type-product","3":"status-publish","4":"has-post-thumbnail","6":"product_cat-celulares-y-tablets","7":"product_cat-accesorios-para-celular","8":"product_cat-soportes-y-bases","10":"first","11":"instock","12":"sale","13":"shipping-taxable","14":"purchasable","15":"product-type-simple"},"acf":[],"_links":{"self":[{"href":"https:\/\/defabrica.com.mx\/defabrica\/wp-json\/wp\/v2\/product\/15118","targetHints":{"allow":["GET"]}}],"collection":[{"href":"https:\/\/defabrica.com.mx\/defabrica\/wp-json\/wp\/v2\/product"}],"about":[{"href":"https:\/\/defabrica.com.mx\/defabrica\/wp-json\/wp\/v2\/types\/product"}],"replies":[{"embeddable":true,"href":"https:\/\/defabrica.com.mx\/defabrica\/wp-json\/wp\/v2\/comments?post=15118"}],"wp:featuredmedia":[{"embeddable":true,"href":"https:\/\/defabrica.com.mx\/defabrica\/wp-json\/wp\/v2\/media\/15119"}],"wp:attachment":[{"href":"https:\/\/defabrica.com.mx\/defabrica\/wp-json\/wp\/v2\/media?parent=15118"}],"wp:term":[{"taxonomy":"product_brand","embeddable":true,"href":"https:\/\/defabrica.com.mx\/defabrica\/wp-json\/wp\/v2\/product_brand?post=15118"},{"taxonomy":"product_cat","embeddable":true,"href":"https:\/\/defabrica.com.mx\/defabrica\/wp-json\/wp\/v2\/product_cat?post=15118"},{"taxonomy":"product_tag","embeddable":true,"href":"https:\/\/defabrica.com.mx\/defabrica\/wp-json\/wp\/v2\/product_tag?post=15118"}],"curies":[{"name":"wp","href":"https:\/\/api.w.org\/{rel}","templated":true}]}}