{"id":15010,"date":"2020-10-16T19:27:52","date_gmt":"2020-10-17T00:27:52","guid":{"rendered":"https:\/\/defabrica.com.mx\/defabrica\/?post_type=product&#038;p=15010"},"modified":"2023-01-28T10:45:57","modified_gmt":"2023-01-28T16:45:57","slug":"kit-de-vlogging-digipower-super-star-essential-con-luz-led-microfono-tripode-y-soporte","status":"publish","type":"product","link":"https:\/\/defabrica.com.mx\/defabrica\/producto\/kit-de-vlogging-digipower-super-star-essential-con-luz-led-microfono-tripode-y-soporte\/","title":{"rendered":"Kit de vlogging Digipower Super Star Essential, con luz LED, micr\u00f3fono, tr\u00edpode y soporte"},"content":{"rendered":"<p>Cree podcasts, videos de Youtube y todo lo relacionado con las redes sociales con este kit de blogs esenciales de 5 piezas.\u00a0El kit incluye un micr\u00f3fono, luz, soporte y tr\u00edpode con un soporte para tel\u00e9fono inteligente que se adapta a todos los tama\u00f1os de tel\u00e9fonos y c\u00e1maras.<\/p>\n<p>La luz de video LED compacta proporciona una iluminaci\u00f3n de \u00e9lite con 45 grados de iluminaci\u00f3n.<\/p>\n<h3>Caracter\u00edsticas<\/h3>\n<ul>\n<li>El soporte angular sirve como estabilizador y te permite montar todos tus accesorios a la vez, desde tu luz, micr\u00f3fono, tel\u00e9fono, una combinaci\u00f3n o todos al mismo tiempo.<\/li>\n<li>Soporte para tel\u00e9fono inteligente: el soporte funciona al 100% para tel\u00e9fonos m\u00e1s nuevos y m\u00e1s grandes<\/li>\n<\/ul>\n","protected":false},"excerpt":{"rendered":"<p>Cree podcasts, videos de Youtube y todo lo relacionado con las redes sociales con este kit de blogs esenciales de 5 piezas.\u00a0El kit incluye un micr\u00f3fono, luz, soporte y tr\u00edpode<\/p>\n","protected":false},"featured_media":15013,"comment_status":"open","ping_status":"closed","template":"","meta":{"_acf_changed":false,"_joinchat":[]},"product_brand":[],"product_cat":[442,450,456,452],"product_tag":[],"class_list":{"0":"post-15010","1":"product","2":"type-product","3":"status-publish","4":"has-post-thumbnail","6":"product_cat-camaras","7":"product_cat-accesorios-camaras","8":"product_cat-todos-los-accesorios-de-camaras","9":"product_cat-tripies-monopies-estabilizadores","11":"first","12":"instock","13":"sale","14":"shipping-taxable","15":"purchasable","16":"product-type-simple"},"acf":[],"_links":{"self":[{"href":"https:\/\/defabrica.com.mx\/defabrica\/wp-json\/wp\/v2\/product\/15010","targetHints":{"allow":["GET"]}}],"collection":[{"href":"https:\/\/defabrica.com.mx\/defabrica\/wp-json\/wp\/v2\/product"}],"about":[{"href":"https:\/\/defabrica.com.mx\/defabrica\/wp-json\/wp\/v2\/types\/product"}],"replies":[{"embeddable":true,"href":"https:\/\/defabrica.com.mx\/defabrica\/wp-json\/wp\/v2\/comments?post=15010"}],"wp:featuredmedia":[{"embeddable":true,"href":"https:\/\/defabrica.com.mx\/defabrica\/wp-json\/wp\/v2\/media\/15013"}],"wp:attachment":[{"href":"https:\/\/defabrica.com.mx\/defabrica\/wp-json\/wp\/v2\/media?parent=15010"}],"wp:term":[{"taxonomy":"product_brand","embeddable":true,"href":"https:\/\/defabrica.com.mx\/defabrica\/wp-json\/wp\/v2\/product_brand?post=15010"},{"taxonomy":"product_cat","embeddable":true,"href":"https:\/\/defabrica.com.mx\/defabrica\/wp-json\/wp\/v2\/product_cat?post=15010"},{"taxonomy":"product_tag","embeddable":true,"href":"https:\/\/defabrica.com.mx\/defabrica\/wp-json\/wp\/v2\/product_tag?post=15010"}],"curies":[{"name":"wp","href":"https:\/\/api.w.org\/{rel}","templated":true}]}}