{"id":15001,"date":"2020-10-16T19:13:01","date_gmt":"2020-10-17T00:13:01","guid":{"rendered":"https:\/\/defabrica.com.mx\/defabrica\/?post_type=product&#038;p=15001"},"modified":"2023-01-28T10:45:10","modified_gmt":"2023-01-28T16:45:10","slug":"sunpak-6630lx-66-photo-video-tr-con-adaptadores","status":"publish","type":"product","link":"https:\/\/defabrica.com.mx\/defabrica\/producto\/sunpak-6630lx-66-photo-video-tr-con-adaptadores\/","title":{"rendered":"Sunpak\u00ae 6630lx 66 \u00abPhoto \/ video Tr con adaptadores"},"content":{"rendered":"<p>Este sunpak\u00ae 6630lx 66 \u00abtr foto \/ v\u00eddeo con adaptadores ofrece sunpak 620-663LX 6630LX 66\u00bb tr foto \/ v\u00eddeo con adaptadores Este 6630lx 66 \u00abtr foto \/ v\u00eddeo con adaptadores es un gran art\u00edculo de trs, monopie y soportes a un precio reducido en $ 40 que no te puedes perder. Este sunpak\u00ae 6630lx 66 \u00abtr foto \/ video con adaptadores es un gran Tri-pods, soporte, port\u00e1til, personal, electr\u00f3nica, digital, foto, video, c\u00e1mara, videoc\u00e1mara, accesorios, Tri-pods, monopie, art\u00edculos de montaje a un precio reducido de menos de $ 40 que no te puedes perder.\u00a0Este art\u00edculo es nuevo, sin abrir y sellado en su caja original de f\u00e1brica.\u00a0Sus dimensiones son 25.30 x 4.80 x 4.70 pulgadas y pesa 7.85 lbs.\u00a0Este sunpak\u00ae 6630lx 66 \u00abtr foto \/ video con adaptadores es un trs y un art\u00edculo de soporte de nuestros dispositivos electr\u00f3nicos port\u00e1tiles y personales, foto y video digital, accesorios para c\u00e1maras y videoc\u00e1maras, Tri-pods.<\/p>\n<h3>Caracter\u00edsticas<\/h3>\n<ul>\n<li>Tr\u00edpode de trabajo mediano para c\u00e1maras que pesan hasta 6,6 libras<\/li>\n<li>Dise\u00f1ado para c\u00e1maras, tel\u00e9fonos inteligentes y GoPro (R)<\/li>\n<li>Se extiende hasta 66 \u00ab<\/li>\n<li>Placa de liberaci\u00f3n r\u00e1pida<\/li>\n<li>Cabezal panor\u00e1mico de 3 v\u00edas<\/li>\n<li>Columna central con engranajes<\/li>\n<li>Cerraduras de piernas abatibles<\/li>\n<li>Pies de goma autonivelantes<\/li>\n<li>Tornillo de montaje est\u00e1ndar de 1\/4 \u00ab-20<\/li>\n<li>Nivel de burbuja incorporado<\/li>\n<li>Vendas de neopreno para piernas<\/li>\n<li>Apoyos para las piernas para mayor estabilidad<\/li>\n<li>Incluye estuche Tri-pod, tel\u00e9fono inteligente y adaptadores GoPro (R)<\/li>\n<li>Garantia limitada de por vida<\/li>\n<\/ul>\n","protected":false},"excerpt":{"rendered":"<p>Este sunpak\u00ae 6630lx 66 \u00abtr foto \/ v\u00eddeo con adaptadores ofrece sunpak 620-663LX 6630LX 66\u00bb tr foto \/ v\u00eddeo con adaptadores Este 6630lx 66 \u00abtr foto \/ v\u00eddeo con adaptadores<\/p>\n","protected":false},"featured_media":15005,"comment_status":"open","ping_status":"closed","template":"","meta":{"_acf_changed":false,"_joinchat":[]},"product_brand":[],"product_cat":[442,450,456,452],"product_tag":[],"class_list":{"0":"post-15001","1":"product","2":"type-product","3":"status-publish","4":"has-post-thumbnail","6":"product_cat-camaras","7":"product_cat-accesorios-camaras","8":"product_cat-todos-los-accesorios-de-camaras","9":"product_cat-tripies-monopies-estabilizadores","11":"first","12":"instock","13":"sale","14":"shipping-taxable","15":"purchasable","16":"product-type-simple"},"acf":[],"_links":{"self":[{"href":"https:\/\/defabrica.com.mx\/defabrica\/wp-json\/wp\/v2\/product\/15001","targetHints":{"allow":["GET"]}}],"collection":[{"href":"https:\/\/defabrica.com.mx\/defabrica\/wp-json\/wp\/v2\/product"}],"about":[{"href":"https:\/\/defabrica.com.mx\/defabrica\/wp-json\/wp\/v2\/types\/product"}],"replies":[{"embeddable":true,"href":"https:\/\/defabrica.com.mx\/defabrica\/wp-json\/wp\/v2\/comments?post=15001"}],"wp:featuredmedia":[{"embeddable":true,"href":"https:\/\/defabrica.com.mx\/defabrica\/wp-json\/wp\/v2\/media\/15005"}],"wp:attachment":[{"href":"https:\/\/defabrica.com.mx\/defabrica\/wp-json\/wp\/v2\/media?parent=15001"}],"wp:term":[{"taxonomy":"product_brand","embeddable":true,"href":"https:\/\/defabrica.com.mx\/defabrica\/wp-json\/wp\/v2\/product_brand?post=15001"},{"taxonomy":"product_cat","embeddable":true,"href":"https:\/\/defabrica.com.mx\/defabrica\/wp-json\/wp\/v2\/product_cat?post=15001"},{"taxonomy":"product_tag","embeddable":true,"href":"https:\/\/defabrica.com.mx\/defabrica\/wp-json\/wp\/v2\/product_tag?post=15001"}],"curies":[{"name":"wp","href":"https:\/\/api.w.org\/{rel}","templated":true}]}}